{"id":17889,"date":"2025-06-02T17:09:39","date_gmt":"2025-06-02T17:09:39","guid":{"rendered":"https:\/\/karaki.com\/?post_type=product&#038;p=17889"},"modified":"2025-06-02T17:31:00","modified_gmt":"2025-06-02T17:31:00","slug":"inferno-22","status":"publish","type":"product","link":"https:\/\/karaki.com\/de\/product\/inferno-22\/","title":{"rendered":"Inferno 22"},"content":{"rendered":"<p class=\"ai-optimize-33 ai-optimize-introduction\" data-start=\"337\" data-end=\"1019\">Die Befeuchtung ist ein Prozess, bei dem der in der Atmosph\u00e4re vorhandene Wasserdampf erh\u00f6ht wird. Der Aspekt der Klimakontrolle ist f\u00fcr viele industrielle Prozesse von entscheidender Bedeutung, und das Backen ist keine Ausnahme. Die Teigbefeuchtung ist der Schl\u00fcssel f\u00fcr eine optimale Leistung auf der Produktoberfl\u00e4che, Konsistenz und Frische im B\u00e4ckereihandwerk. Eine hohe Luftfeuchtigkeit (Wasserdampfs\u00e4ttigung) f\u00fcr schwierige Produkte wie Kaak und Mini-Baguettes, die im Nahen Osten und in Afrika sehr beliebt sind, ist immer eine Herausforderung f\u00fcr homogen gegarte Produkte. In einer derart rauen Umgebung halten die Dampferzeuger aufgrund der Hitze und der Wasserqualit\u00e4t nicht lange, so dass h\u00e4ufige und teure Reparaturen unvermeidlich sind.<\/p>\n<p class=\"ai-optimize-34\" data-start=\"1021\" data-end=\"1292\">Der Inferno 22 ist ein Dampferzeuger, der die G\u00e4rkammern in B\u00e4ckereien mit W\u00e4rme und relativer Feuchtigkeit versorgt. Bei diesem Modell handelt es sich um ein Design der vierten Generation, das intern entwickelt wurde, um die Effizienz auf beiden Ebenen - Haltbarkeit und einfache Bedienung - zu verbessern.<\/p>\n<p class=\"ai-optimize-35\" data-start=\"1294\" data-end=\"1834\">Der Dampferzeuger Inferno 22 befindet sich in der G\u00e4rkammer und ist fast vollst\u00e4ndig aus lebensmittelechtem Edelstahl gefertigt. Daher h\u00e4lt er selbst bei gro\u00dfer Hitze und schlechter Wasserqualit\u00e4t eine lange Zeit durch. Er arbeitet in Verbindung mit einem elektrischen Bedienfeld, das au\u00dferhalb der G\u00e4rkammer angebracht ist. Bei G\u00e4rkammern mit gro\u00dfem Fassungsverm\u00f6gen k\u00f6nnen mehrere Befeuchter mit einer zus\u00e4tzlichen, gebl\u00e4seunterst\u00fctzten Kanalisation ausgestattet werden. Der Inferno 22 ist intelligent, einfach und sehr leicht zu warten.<\/p>","protected":false},"excerpt":{"rendered":"<h4 data-start=\"68\" data-end=\"330\">Der Inferno 22 ist ein effizienter Dampferzeuger, der f\u00fcr eine gleichm\u00e4\u00dfige W\u00e4rme- und Feuchtigkeitszufuhr in den Teigg\u00e4rkammern sorgt. Er ist fast vollst\u00e4ndig aus lebensmittelechtem Edelstahl gefertigt und daher besonders langlebig. <button class=\"ms-1 flex h-[22px] items-center rounded-xl px-2 relative bottom-[-2px] bg-[#f4f4f4] text-token-text-secondary! hover:bg-token-text-primary hover:text-token-main-surface-secondary! dark:bg-token-main-surface-secondary dark:hover:bg-token-text-primary\"><\/button><\/h4>","protected":false},"featured_media":17891,"template":"","meta":[],"product_brand":[],"product_cat":[58,73,72],"product_tag":[],"class_list":{"0":"post-17889","1":"product","2":"type-product","3":"status-publish","4":"has-post-thumbnail","6":"product_cat-bakery-equipment","7":"product_cat-devices","8":"product_cat-dough-proofing","10":"first","11":"instock","12":"shipping-taxable","13":"product-type-simple"},"yoast_head":"<!-- This site is optimized with the Yoast SEO Premium plugin v25.2 (Yoast SEO v25.2) - https:\/\/yoast.com\/wordpress\/plugins\/seo\/ -->\n<title>Inferno 22<\/title>\n<meta name=\"robots\" content=\"index, follow, max-snippet:-1, max-image-preview:large, max-video-preview:-1\" \/>\n<link rel=\"canonical\" href=\"https:\/\/karaki.com\/de\/product\/inferno-22\/\" \/>\n<meta property=\"og:locale\" content=\"de_DE\" \/>\n<meta property=\"og:type\" content=\"article\" \/>\n<meta property=\"og:title\" content=\"Inferno 22\" \/>\n<meta property=\"og:description\" content=\"The Inferno 22 is an efficient steam generator designed to provide consistent heat and humidity to dough fermentation chambers, crafted nearly entirely from food-grade stainless steel for durability.\" \/>\n<meta property=\"og:url\" content=\"https:\/\/karaki.com\/de\/product\/inferno-22\/\" \/>\n<meta property=\"og:site_name\" content=\"Karaki\" \/>\n<meta property=\"article:modified_time\" content=\"2025-06-02T17:31:00+00:00\" \/>\n<meta property=\"og:image\" content=\"https:\/\/karaki.com\/wp-content\/uploads\/2025\/06\/inferno22_image_compressed.jpg\" \/>\n\t<meta property=\"og:image:width\" content=\"1654\" \/>\n\t<meta property=\"og:image:height\" content=\"2339\" \/>\n\t<meta property=\"og:image:type\" content=\"image\/jpeg\" \/>\n<meta name=\"twitter:card\" content=\"summary_large_image\" \/>\n<meta name=\"twitter:label1\" content=\"Est. reading time\" \/>\n\t<meta name=\"twitter:data1\" content=\"2\u00a0Minuten\" \/>\n<script type=\"application\/ld+json\" class=\"yoast-schema-graph\">{\"@context\":\"https:\/\/schema.org\",\"@graph\":[{\"@type\":\"WebPage\",\"@id\":\"https:\/\/karaki.com\/product\/inferno-22\/\",\"url\":\"https:\/\/karaki.com\/product\/inferno-22\/\",\"name\":\"Inferno 22\",\"isPartOf\":{\"@id\":\"https:\/\/karaki.com\/#website\"},\"primaryImageOfPage\":{\"@id\":\"https:\/\/karaki.com\/product\/inferno-22\/#primaryimage\"},\"image\":{\"@id\":\"https:\/\/karaki.com\/product\/inferno-22\/#primaryimage\"},\"thumbnailUrl\":\"https:\/\/karaki.com\/wp-content\/uploads\/2025\/06\/inferno22_image_compressed.jpg\",\"datePublished\":\"2025-06-02T17:09:39+00:00\",\"dateModified\":\"2025-06-02T17:31:00+00:00\",\"breadcrumb\":{\"@id\":\"https:\/\/karaki.com\/product\/inferno-22\/#breadcrumb\"},\"inLanguage\":\"de\",\"potentialAction\":[{\"@type\":\"ReadAction\",\"target\":[\"https:\/\/karaki.com\/product\/inferno-22\/\"]}]},{\"@type\":\"ImageObject\",\"inLanguage\":\"de\",\"@id\":\"https:\/\/karaki.com\/product\/inferno-22\/#primaryimage\",\"url\":\"https:\/\/karaki.com\/wp-content\/uploads\/2025\/06\/inferno22_image_compressed.jpg\",\"contentUrl\":\"https:\/\/karaki.com\/wp-content\/uploads\/2025\/06\/inferno22_image_compressed.jpg\",\"width\":1654,\"height\":2339},{\"@type\":\"BreadcrumbList\",\"@id\":\"https:\/\/karaki.com\/product\/inferno-22\/#breadcrumb\",\"itemListElement\":[{\"@type\":\"ListItem\",\"position\":1,\"name\":\"Home\",\"item\":\"https:\/\/karaki.com\/\"},{\"@type\":\"ListItem\",\"position\":2,\"name\":\"Products\",\"item\":\"https:\/\/karaki.com\/shop\/\"},{\"@type\":\"ListItem\",\"position\":3,\"name\":\"Inferno 22\"}]},{\"@type\":\"WebSite\",\"@id\":\"https:\/\/karaki.com\/#website\",\"url\":\"https:\/\/karaki.com\/\",\"name\":\"Karaki\",\"description\":\"For Industry And Trading SARL\",\"publisher\":{\"@id\":\"https:\/\/karaki.com\/#organization\"},\"alternateName\":\"Bakery Equipment Lebanon\",\"potentialAction\":[{\"@type\":\"SearchAction\",\"target\":{\"@type\":\"EntryPoint\",\"urlTemplate\":\"https:\/\/karaki.com\/?s={search_term_string}\"},\"query-input\":{\"@type\":\"PropertyValueSpecification\",\"valueRequired\":true,\"valueName\":\"search_term_string\"}}],\"inLanguage\":\"de\"},{\"@type\":\"Organization\",\"@id\":\"https:\/\/karaki.com\/#organization\",\"name\":\"Karaki\",\"url\":\"https:\/\/karaki.com\/\",\"logo\":{\"@type\":\"ImageObject\",\"inLanguage\":\"de\",\"@id\":\"https:\/\/karaki.com\/#\/schema\/logo\/image\/\",\"url\":\"https:\/\/karaki.com\/wp-content\/uploads\/2025\/05\/cropped-White-and-Pastel-Colors-Minimalist-Illustrated-Cleaning-Service-Logo-1-e1747858335656.png\",\"contentUrl\":\"https:\/\/karaki.com\/wp-content\/uploads\/2025\/05\/cropped-White-and-Pastel-Colors-Minimalist-Illustrated-Cleaning-Service-Logo-1-e1747858335656.png\",\"width\":448,\"height\":189,\"caption\":\"Karaki\"},\"image\":{\"@id\":\"https:\/\/karaki.com\/#\/schema\/logo\/image\/\"}}]}<\/script>\n<!-- \/ Yoast SEO Premium plugin. -->","yoast_head_json":{"title":"Inferno 22","robots":{"index":"index","follow":"follow","max-snippet":"max-snippet:-1","max-image-preview":"max-image-preview:large","max-video-preview":"max-video-preview:-1"},"canonical":"https:\/\/karaki.com\/de\/product\/inferno-22\/","og_locale":"de_DE","og_type":"article","og_title":"Inferno 22","og_description":"The Inferno 22 is an efficient steam generator designed to provide consistent heat and humidity to dough fermentation chambers, crafted nearly entirely from food-grade stainless steel for durability.","og_url":"https:\/\/karaki.com\/de\/product\/inferno-22\/","og_site_name":"Karaki","article_modified_time":"2025-06-02T17:31:00+00:00","og_image":[{"width":1654,"height":2339,"url":"https:\/\/karaki.com\/wp-content\/uploads\/2025\/06\/inferno22_image_compressed.jpg","type":"image\/jpeg"}],"twitter_card":"summary_large_image","twitter_misc":{"Est. reading time":"2\u00a0Minuten"},"schema":{"@context":"https:\/\/schema.org","@graph":[{"@type":"WebPage","@id":"https:\/\/karaki.com\/product\/inferno-22\/","url":"https:\/\/karaki.com\/product\/inferno-22\/","name":"Inferno 22","isPartOf":{"@id":"https:\/\/karaki.com\/#website"},"primaryImageOfPage":{"@id":"https:\/\/karaki.com\/product\/inferno-22\/#primaryimage"},"image":{"@id":"https:\/\/karaki.com\/product\/inferno-22\/#primaryimage"},"thumbnailUrl":"https:\/\/karaki.com\/wp-content\/uploads\/2025\/06\/inferno22_image_compressed.jpg","datePublished":"2025-06-02T17:09:39+00:00","dateModified":"2025-06-02T17:31:00+00:00","breadcrumb":{"@id":"https:\/\/karaki.com\/product\/inferno-22\/#breadcrumb"},"inLanguage":"de","potentialAction":[{"@type":"ReadAction","target":["https:\/\/karaki.com\/product\/inferno-22\/"]}]},{"@type":"ImageObject","inLanguage":"de","@id":"https:\/\/karaki.com\/product\/inferno-22\/#primaryimage","url":"https:\/\/karaki.com\/wp-content\/uploads\/2025\/06\/inferno22_image_compressed.jpg","contentUrl":"https:\/\/karaki.com\/wp-content\/uploads\/2025\/06\/inferno22_image_compressed.jpg","width":1654,"height":2339},{"@type":"BreadcrumbList","@id":"https:\/\/karaki.com\/product\/inferno-22\/#breadcrumb","itemListElement":[{"@type":"ListItem","position":1,"name":"Home","item":"https:\/\/karaki.com\/"},{"@type":"ListItem","position":2,"name":"Products","item":"https:\/\/karaki.com\/shop\/"},{"@type":"ListItem","position":3,"name":"Inferno 22"}]},{"@type":"WebSite","@id":"https:\/\/karaki.com\/#website","url":"https:\/\/karaki.com\/","name":"Karaki","description":"For Industry And Trading SARL","publisher":{"@id":"https:\/\/karaki.com\/#organization"},"alternateName":"Bakery Equipment Lebanon","potentialAction":[{"@type":"SearchAction","target":{"@type":"EntryPoint","urlTemplate":"https:\/\/karaki.com\/?s={search_term_string}"},"query-input":{"@type":"PropertyValueSpecification","valueRequired":true,"valueName":"search_term_string"}}],"inLanguage":"de"},{"@type":"Organization","@id":"https:\/\/karaki.com\/#organization","name":"Karaki","url":"https:\/\/karaki.com\/","logo":{"@type":"ImageObject","inLanguage":"de","@id":"https:\/\/karaki.com\/#\/schema\/logo\/image\/","url":"https:\/\/karaki.com\/wp-content\/uploads\/2025\/05\/cropped-White-and-Pastel-Colors-Minimalist-Illustrated-Cleaning-Service-Logo-1-e1747858335656.png","contentUrl":"https:\/\/karaki.com\/wp-content\/uploads\/2025\/05\/cropped-White-and-Pastel-Colors-Minimalist-Illustrated-Cleaning-Service-Logo-1-e1747858335656.png","width":448,"height":189,"caption":"Karaki"},"image":{"@id":"https:\/\/karaki.com\/#\/schema\/logo\/image\/"}}]}},"_links":{"self":[{"href":"https:\/\/karaki.com\/de\/wp-json\/wp\/v2\/product\/17889","targetHints":{"allow":["GET"]}}],"collection":[{"href":"https:\/\/karaki.com\/de\/wp-json\/wp\/v2\/product"}],"about":[{"href":"https:\/\/karaki.com\/de\/wp-json\/wp\/v2\/types\/product"}],"wp:featuredmedia":[{"embeddable":true,"href":"https:\/\/karaki.com\/de\/wp-json\/wp\/v2\/media\/17891"}],"wp:attachment":[{"href":"https:\/\/karaki.com\/de\/wp-json\/wp\/v2\/media?parent=17889"}],"wp:term":[{"taxonomy":"product_brand","embeddable":true,"href":"https:\/\/karaki.com\/de\/wp-json\/wp\/v2\/product_brand?post=17889"},{"taxonomy":"product_cat","embeddable":true,"href":"https:\/\/karaki.com\/de\/wp-json\/wp\/v2\/product_cat?post=17889"},{"taxonomy":"product_tag","embeddable":true,"href":"https:\/\/karaki.com\/de\/wp-json\/wp\/v2\/product_tag?post=17889"}],"curies":[{"name":"wp","href":"https:\/\/api.w.org\/{rel}","templated":true}]}}