{"id":17920,"date":"2025-06-02T18:02:42","date_gmt":"2025-06-02T18:02:42","guid":{"rendered":"https:\/\/karaki.com\/?post_type=product&#038;p=17920"},"modified":"2025-06-20T11:28:05","modified_gmt":"2025-06-20T11:28:05","slug":"oven-racks","status":"publish","type":"product","link":"https:\/\/karaki.com\/de\/product\/oven-racks\/","title":{"rendered":"Backofengestelle"},"content":{"rendered":"<p class=\"ai-optimize-32 ai-optimize-introduction\" data-start=\"284\" data-end=\"1057\">Unsere Backofengestelle sind aus hochwertigem, lebensmittelechtem Edelstahl gefertigt und sowohl in montierter als auch in demontierter Form erh\u00e4ltlich, was Flexibilit\u00e4t bei Transport und Lagerung bietet. Diese f\u00fcr die Kompatibilit\u00e4t mit Rotations\u00f6fen konzipierten Gestelle sind f\u00fcr schwere Lasten und den h\u00e4ufigen Einsatz in gewerblichen Backumgebungen geeignet. Sie verf\u00fcgen \u00fcber pr\u00e4zisionsgefertigte Einlegeb\u00f6den, die die Bleche sicher halten und eine gleichm\u00e4\u00dfige W\u00e4rmeverteilung und gleichbleibende Ergebnisse gew\u00e4hrleisten. Sie sind in verschiedenen Gr\u00f6\u00dfen und Regalkonfigurationen erh\u00e4ltlich, maximieren die Platzausnutzung im Ofen und sind leicht zu reinigen. Ausgestattet mit Rollen, lassen sie sich auch leicht in Ihrem Arbeitsbereich bewegen. Sie sind eine kluge, langfristige Investition f\u00fcr jede B\u00e4ckerei, entsprechen den Industriestandards und k\u00f6nnen auf spezifische Bed\u00fcrfnisse zugeschnitten werden.<\/p>\n<p data-start=\"929\" data-end=\"948\">","protected":false},"excerpt":{"rendered":"<h4 data-start=\"81\" data-end=\"282\">Langlebige Gestelle aus lebensmittelechtem Edelstahl mit anpassbaren Konfigurationen und Rollen, die f\u00fcr eine nahtlose Kompatibilit\u00e4t mit Rotations\u00f6fen ausgelegt sind.<\/h4>\n<h4 data-start=\"81\" data-end=\"282\">Erh\u00e4ltlich in montierter und demontierter Ausf\u00fchrung f\u00fcr flexible Lieferung und Installation.<\/h4>","protected":false},"featured_media":17921,"template":"","meta":[],"product_brand":[],"product_cat":[58,78,79],"product_tag":[],"class_list":{"0":"post-17920","1":"product","2":"type-product","3":"status-publish","4":"has-post-thumbnail","6":"product_cat-bakery-equipment","7":"product_cat-oven-display-racks","8":"product_cat-oven-racks","10":"first","11":"instock","12":"shipping-taxable","13":"product-type-simple"},"yoast_head":"<!-- This site is optimized with the Yoast SEO Premium plugin v25.2 (Yoast SEO v25.2) - https:\/\/yoast.com\/wordpress\/plugins\/seo\/ -->\n<title>Oven Racks<\/title>\n<meta name=\"robots\" content=\"index, follow, max-snippet:-1, max-image-preview:large, max-video-preview:-1\" \/>\n<link rel=\"canonical\" href=\"https:\/\/karaki.com\/de\/product\/oven-racks\/\" \/>\n<meta property=\"og:locale\" content=\"de_DE\" \/>\n<meta property=\"og:type\" content=\"article\" \/>\n<meta property=\"og:title\" content=\"Oven Racks\" \/>\n<meta property=\"og:description\" content=\"Durable food-grade stainless steel racks with customizable configurations and castor wheels, designed for seamless compatibility with rotary ovens. Available in both assembled and disassembled options for flexible delivery and installation.\" \/>\n<meta property=\"og:url\" content=\"https:\/\/karaki.com\/de\/product\/oven-racks\/\" \/>\n<meta property=\"og:site_name\" content=\"Karaki\" \/>\n<meta property=\"article:modified_time\" content=\"2025-06-20T11:28:05+00:00\" \/>\n<meta property=\"og:image\" content=\"https:\/\/karaki.com\/wp-content\/uploads\/2025\/06\/WhatsApp-Image-2023-07-25-at-8.48.39-AM.jpeg\" \/>\n\t<meta property=\"og:image:width\" content=\"768\" \/>\n\t<meta property=\"og:image:height\" content=\"1024\" \/>\n\t<meta property=\"og:image:type\" content=\"image\/jpeg\" \/>\n<meta name=\"twitter:card\" content=\"summary_large_image\" \/>\n<meta name=\"twitter:label1\" content=\"Est. reading time\" \/>\n\t<meta name=\"twitter:data1\" content=\"1\u00a0Minute\" \/>\n<script type=\"application\/ld+json\" class=\"yoast-schema-graph\">{\"@context\":\"https:\/\/schema.org\",\"@graph\":[{\"@type\":\"WebPage\",\"@id\":\"https:\/\/karaki.com\/product\/oven-racks\/\",\"url\":\"https:\/\/karaki.com\/product\/oven-racks\/\",\"name\":\"Oven Racks\",\"isPartOf\":{\"@id\":\"https:\/\/karaki.com\/#website\"},\"primaryImageOfPage\":{\"@id\":\"https:\/\/karaki.com\/product\/oven-racks\/#primaryimage\"},\"image\":{\"@id\":\"https:\/\/karaki.com\/product\/oven-racks\/#primaryimage\"},\"thumbnailUrl\":\"https:\/\/karaki.com\/wp-content\/uploads\/2025\/06\/WhatsApp-Image-2023-07-25-at-8.48.39-AM.jpeg\",\"datePublished\":\"2025-06-02T18:02:42+00:00\",\"dateModified\":\"2025-06-20T11:28:05+00:00\",\"breadcrumb\":{\"@id\":\"https:\/\/karaki.com\/product\/oven-racks\/#breadcrumb\"},\"inLanguage\":\"de\",\"potentialAction\":[{\"@type\":\"ReadAction\",\"target\":[\"https:\/\/karaki.com\/product\/oven-racks\/\"]}]},{\"@type\":\"ImageObject\",\"inLanguage\":\"de\",\"@id\":\"https:\/\/karaki.com\/product\/oven-racks\/#primaryimage\",\"url\":\"https:\/\/karaki.com\/wp-content\/uploads\/2025\/06\/WhatsApp-Image-2023-07-25-at-8.48.39-AM.jpeg\",\"contentUrl\":\"https:\/\/karaki.com\/wp-content\/uploads\/2025\/06\/WhatsApp-Image-2023-07-25-at-8.48.39-AM.jpeg\",\"width\":768,\"height\":1024},{\"@type\":\"BreadcrumbList\",\"@id\":\"https:\/\/karaki.com\/product\/oven-racks\/#breadcrumb\",\"itemListElement\":[{\"@type\":\"ListItem\",\"position\":1,\"name\":\"Home\",\"item\":\"https:\/\/karaki.com\/\"},{\"@type\":\"ListItem\",\"position\":2,\"name\":\"Products\",\"item\":\"https:\/\/karaki.com\/shop\/\"},{\"@type\":\"ListItem\",\"position\":3,\"name\":\"Oven Racks\"}]},{\"@type\":\"WebSite\",\"@id\":\"https:\/\/karaki.com\/#website\",\"url\":\"https:\/\/karaki.com\/\",\"name\":\"Karaki\",\"description\":\"For Industry And Trading SARL\",\"publisher\":{\"@id\":\"https:\/\/karaki.com\/#organization\"},\"alternateName\":\"Bakery Equipment Lebanon\",\"potentialAction\":[{\"@type\":\"SearchAction\",\"target\":{\"@type\":\"EntryPoint\",\"urlTemplate\":\"https:\/\/karaki.com\/?s={search_term_string}\"},\"query-input\":{\"@type\":\"PropertyValueSpecification\",\"valueRequired\":true,\"valueName\":\"search_term_string\"}}],\"inLanguage\":\"de\"},{\"@type\":\"Organization\",\"@id\":\"https:\/\/karaki.com\/#organization\",\"name\":\"Karaki\",\"url\":\"https:\/\/karaki.com\/\",\"logo\":{\"@type\":\"ImageObject\",\"inLanguage\":\"de\",\"@id\":\"https:\/\/karaki.com\/#\/schema\/logo\/image\/\",\"url\":\"https:\/\/karaki.com\/wp-content\/uploads\/2025\/05\/cropped-White-and-Pastel-Colors-Minimalist-Illustrated-Cleaning-Service-Logo-1-e1747858335656.png\",\"contentUrl\":\"https:\/\/karaki.com\/wp-content\/uploads\/2025\/05\/cropped-White-and-Pastel-Colors-Minimalist-Illustrated-Cleaning-Service-Logo-1-e1747858335656.png\",\"width\":448,\"height\":189,\"caption\":\"Karaki\"},\"image\":{\"@id\":\"https:\/\/karaki.com\/#\/schema\/logo\/image\/\"}}]}<\/script>\n<!-- \/ Yoast SEO Premium plugin. -->","yoast_head_json":{"title":"Oven Racks","robots":{"index":"index","follow":"follow","max-snippet":"max-snippet:-1","max-image-preview":"max-image-preview:large","max-video-preview":"max-video-preview:-1"},"canonical":"https:\/\/karaki.com\/de\/product\/oven-racks\/","og_locale":"de_DE","og_type":"article","og_title":"Oven Racks","og_description":"Durable food-grade stainless steel racks with customizable configurations and castor wheels, designed for seamless compatibility with rotary ovens. Available in both assembled and disassembled options for flexible delivery and installation.","og_url":"https:\/\/karaki.com\/de\/product\/oven-racks\/","og_site_name":"Karaki","article_modified_time":"2025-06-20T11:28:05+00:00","og_image":[{"width":768,"height":1024,"url":"https:\/\/karaki.com\/wp-content\/uploads\/2025\/06\/WhatsApp-Image-2023-07-25-at-8.48.39-AM.jpeg","type":"image\/jpeg"}],"twitter_card":"summary_large_image","twitter_misc":{"Est. reading time":"1\u00a0Minute"},"schema":{"@context":"https:\/\/schema.org","@graph":[{"@type":"WebPage","@id":"https:\/\/karaki.com\/product\/oven-racks\/","url":"https:\/\/karaki.com\/product\/oven-racks\/","name":"Oven Racks","isPartOf":{"@id":"https:\/\/karaki.com\/#website"},"primaryImageOfPage":{"@id":"https:\/\/karaki.com\/product\/oven-racks\/#primaryimage"},"image":{"@id":"https:\/\/karaki.com\/product\/oven-racks\/#primaryimage"},"thumbnailUrl":"https:\/\/karaki.com\/wp-content\/uploads\/2025\/06\/WhatsApp-Image-2023-07-25-at-8.48.39-AM.jpeg","datePublished":"2025-06-02T18:02:42+00:00","dateModified":"2025-06-20T11:28:05+00:00","breadcrumb":{"@id":"https:\/\/karaki.com\/product\/oven-racks\/#breadcrumb"},"inLanguage":"de","potentialAction":[{"@type":"ReadAction","target":["https:\/\/karaki.com\/product\/oven-racks\/"]}]},{"@type":"ImageObject","inLanguage":"de","@id":"https:\/\/karaki.com\/product\/oven-racks\/#primaryimage","url":"https:\/\/karaki.com\/wp-content\/uploads\/2025\/06\/WhatsApp-Image-2023-07-25-at-8.48.39-AM.jpeg","contentUrl":"https:\/\/karaki.com\/wp-content\/uploads\/2025\/06\/WhatsApp-Image-2023-07-25-at-8.48.39-AM.jpeg","width":768,"height":1024},{"@type":"BreadcrumbList","@id":"https:\/\/karaki.com\/product\/oven-racks\/#breadcrumb","itemListElement":[{"@type":"ListItem","position":1,"name":"Home","item":"https:\/\/karaki.com\/"},{"@type":"ListItem","position":2,"name":"Products","item":"https:\/\/karaki.com\/shop\/"},{"@type":"ListItem","position":3,"name":"Oven Racks"}]},{"@type":"WebSite","@id":"https:\/\/karaki.com\/#website","url":"https:\/\/karaki.com\/","name":"Karaki","description":"For Industry And Trading SARL","publisher":{"@id":"https:\/\/karaki.com\/#organization"},"alternateName":"Bakery Equipment Lebanon","potentialAction":[{"@type":"SearchAction","target":{"@type":"EntryPoint","urlTemplate":"https:\/\/karaki.com\/?s={search_term_string}"},"query-input":{"@type":"PropertyValueSpecification","valueRequired":true,"valueName":"search_term_string"}}],"inLanguage":"de"},{"@type":"Organization","@id":"https:\/\/karaki.com\/#organization","name":"Karaki","url":"https:\/\/karaki.com\/","logo":{"@type":"ImageObject","inLanguage":"de","@id":"https:\/\/karaki.com\/#\/schema\/logo\/image\/","url":"https:\/\/karaki.com\/wp-content\/uploads\/2025\/05\/cropped-White-and-Pastel-Colors-Minimalist-Illustrated-Cleaning-Service-Logo-1-e1747858335656.png","contentUrl":"https:\/\/karaki.com\/wp-content\/uploads\/2025\/05\/cropped-White-and-Pastel-Colors-Minimalist-Illustrated-Cleaning-Service-Logo-1-e1747858335656.png","width":448,"height":189,"caption":"Karaki"},"image":{"@id":"https:\/\/karaki.com\/#\/schema\/logo\/image\/"}}]}},"_links":{"self":[{"href":"https:\/\/karaki.com\/de\/wp-json\/wp\/v2\/product\/17920","targetHints":{"allow":["GET"]}}],"collection":[{"href":"https:\/\/karaki.com\/de\/wp-json\/wp\/v2\/product"}],"about":[{"href":"https:\/\/karaki.com\/de\/wp-json\/wp\/v2\/types\/product"}],"wp:featuredmedia":[{"embeddable":true,"href":"https:\/\/karaki.com\/de\/wp-json\/wp\/v2\/media\/17921"}],"wp:attachment":[{"href":"https:\/\/karaki.com\/de\/wp-json\/wp\/v2\/media?parent=17920"}],"wp:term":[{"taxonomy":"product_brand","embeddable":true,"href":"https:\/\/karaki.com\/de\/wp-json\/wp\/v2\/product_brand?post=17920"},{"taxonomy":"product_cat","embeddable":true,"href":"https:\/\/karaki.com\/de\/wp-json\/wp\/v2\/product_cat?post=17920"},{"taxonomy":"product_tag","embeddable":true,"href":"https:\/\/karaki.com\/de\/wp-json\/wp\/v2\/product_tag?post=17920"}],"curies":[{"name":"wp","href":"https:\/\/api.w.org\/{rel}","templated":true}]}}