{"id":17943,"date":"2025-06-02T18:58:57","date_gmt":"2025-06-02T18:58:57","guid":{"rendered":"https:\/\/karaki.com\/?post_type=product&#038;p=17943"},"modified":"2025-06-11T11:23:39","modified_gmt":"2025-06-11T11:23:39","slug":"minicombo-e-40x60-rotary-convection-oven","status":"publish","type":"product","link":"https:\/\/karaki.com\/de\/product\/minicombo-e-40x60-rotary-convection-oven\/","title":{"rendered":"Minicombo E 40\u00d760 Drehkonvektionsofen"},"content":{"rendered":"<p class=\"ai-optimize-33 ai-optimize-introduction\" data-start=\"454\" data-end=\"1234\">Der Minicombo E 40\u00d760 ist ein kompakter Umluftofen, der ausschlie\u00dflich in elektrischer Ausf\u00fchrung konzipiert wurde und f\u00fcr kleine bis mittelgro\u00dfe B\u00e4ckereien optimiert ist. Er ist in zwei Modellen erh\u00e4ltlich, die entweder 8 oder 10 Bleche mit den Ma\u00dfen 40\u00d760 cm aufnehmen k\u00f6nnen. Der Ofen verf\u00fcgt \u00fcber eine motorisierte Dunstabzugshaube, ein Dampfabsaugsystem aus Edelstahl und einen robusten Sockel aus Edelstahl. Er ist auf Leistung ausgelegt und verf\u00fcgt \u00fcber hocheffiziente gepanzerte Heizelemente und einen neuen, vollst\u00e4ndig abnehmbaren Befeuchter f\u00fcr eine leistungsstarke Dampfkontrolle. Der Garraum, die T\u00fcr und die Fassade sind f\u00fcr Hygiene und Langlebigkeit aus Edelstahl gefertigt. Eine doppelt verglaste Frontt\u00fcr sorgt f\u00fcr W\u00e4rmehaltung und Sichtbarkeit. F\u00fcr zus\u00e4tzliche Flexibilit\u00e4t kann der Benutzer den Sockel mit einem Blechhalter, einem G\u00e4rschrank oder einer elektrischen Kammer mit G\u00e4rschrank konfigurieren.<\/p>\n<p data-start=\"929\" data-end=\"948\">","protected":false},"excerpt":{"rendered":"<h4 data-start=\"245\" data-end=\"419\">Elektrischer Umluftofen f\u00fcr 8 oder 10 Bleche (40\u00d760 cm), wahlweise konfigurierbar mit integriertem G\u00e4rschrank oder Elektrokammer - ideal f\u00fcr platzsparendes, professionelles Backen.<\/h4>\n<h4 data-start=\"1486\" data-end=\"1964\"><\/h4>\n<h4 data-start=\"248\" data-end=\"794\"><\/h4>","protected":false},"featured_media":17944,"template":"","meta":[],"product_brand":[],"product_cat":[58,133,59,60,131],"product_tag":[],"class_list":{"0":"post-17943","1":"product","2":"type-product","3":"status-publish","4":"has-post-thumbnail","6":"product_cat-bakery-equipment","7":"product_cat-mini-combo","8":"product_cat-ovens","9":"product_cat-rotary-ovens","10":"product_cat-zuccehlli-forni","12":"first","13":"instock","14":"shipping-taxable","15":"product-type-simple"},"yoast_head":"<!-- This site is optimized with the Yoast SEO Premium plugin v25.2 (Yoast SEO v25.2) - https:\/\/yoast.com\/wordpress\/plugins\/seo\/ -->\n<title>Minicombo<\/title>\n<meta name=\"robots\" content=\"index, follow, max-snippet:-1, max-image-preview:large, max-video-preview:-1\" \/>\n<link rel=\"canonical\" href=\"https:\/\/karaki.com\/de\/product\/minicombo-e-40x60-rotary-convection-oven\/\" \/>\n<meta property=\"og:locale\" content=\"de_DE\" \/>\n<meta property=\"og:type\" content=\"article\" \/>\n<meta property=\"og:title\" content=\"Minicombo E 40\u00d760 Rotary Convection Oven\" \/>\n<meta property=\"og:description\" content=\"Electric rotary convection oven for 8 or 10 trays (40\u00d760 cm), optionally configurable with integrated proofer or electric chamber\u2014ideal for space-saving, professional baking.\" \/>\n<meta property=\"og:url\" content=\"https:\/\/karaki.com\/de\/product\/minicombo-e-40x60-rotary-convection-oven\/\" \/>\n<meta property=\"og:site_name\" content=\"Karaki\" \/>\n<meta property=\"article:modified_time\" content=\"2025-06-11T11:23:39+00:00\" \/>\n<meta property=\"og:image\" content=\"https:\/\/karaki.com\/wp-content\/uploads\/2025\/06\/minicombo-E-40x60-1-electric.jpg\" \/>\n\t<meta property=\"og:image:width\" content=\"772\" \/>\n\t<meta property=\"og:image:height\" content=\"1200\" \/>\n\t<meta property=\"og:image:type\" content=\"image\/jpeg\" \/>\n<meta name=\"twitter:card\" content=\"summary_large_image\" \/>\n<meta name=\"twitter:label1\" content=\"Est. reading time\" \/>\n\t<meta name=\"twitter:data1\" content=\"1\u00a0Minute\" \/>\n<script type=\"application\/ld+json\" class=\"yoast-schema-graph\">{\"@context\":\"https:\/\/schema.org\",\"@graph\":[{\"@type\":\"WebPage\",\"@id\":\"https:\/\/karaki.com\/product\/minicombo-e-40x60-rotary-convection-oven\/\",\"url\":\"https:\/\/karaki.com\/product\/minicombo-e-40x60-rotary-convection-oven\/\",\"name\":\"Minicombo\",\"isPartOf\":{\"@id\":\"https:\/\/karaki.com\/#website\"},\"primaryImageOfPage\":{\"@id\":\"https:\/\/karaki.com\/product\/minicombo-e-40x60-rotary-convection-oven\/#primaryimage\"},\"image\":{\"@id\":\"https:\/\/karaki.com\/product\/minicombo-e-40x60-rotary-convection-oven\/#primaryimage\"},\"thumbnailUrl\":\"https:\/\/karaki.com\/wp-content\/uploads\/2025\/06\/minicombo-E-40x60-1-electric.jpg\",\"datePublished\":\"2025-06-02T18:58:57+00:00\",\"dateModified\":\"2025-06-11T11:23:39+00:00\",\"breadcrumb\":{\"@id\":\"https:\/\/karaki.com\/product\/minicombo-e-40x60-rotary-convection-oven\/#breadcrumb\"},\"inLanguage\":\"de\",\"potentialAction\":[{\"@type\":\"ReadAction\",\"target\":[\"https:\/\/karaki.com\/product\/minicombo-e-40x60-rotary-convection-oven\/\"]}]},{\"@type\":\"ImageObject\",\"inLanguage\":\"de\",\"@id\":\"https:\/\/karaki.com\/product\/minicombo-e-40x60-rotary-convection-oven\/#primaryimage\",\"url\":\"https:\/\/karaki.com\/wp-content\/uploads\/2025\/06\/minicombo-E-40x60-1-electric.jpg\",\"contentUrl\":\"https:\/\/karaki.com\/wp-content\/uploads\/2025\/06\/minicombo-E-40x60-1-electric.jpg\",\"width\":772,\"height\":1200},{\"@type\":\"BreadcrumbList\",\"@id\":\"https:\/\/karaki.com\/product\/minicombo-e-40x60-rotary-convection-oven\/#breadcrumb\",\"itemListElement\":[{\"@type\":\"ListItem\",\"position\":1,\"name\":\"Home\",\"item\":\"https:\/\/karaki.com\/\"},{\"@type\":\"ListItem\",\"position\":2,\"name\":\"Products\",\"item\":\"https:\/\/karaki.com\/shop\/\"},{\"@type\":\"ListItem\",\"position\":3,\"name\":\"Minicombo E 40\u00d760 Rotary Convection Oven\"}]},{\"@type\":\"WebSite\",\"@id\":\"https:\/\/karaki.com\/#website\",\"url\":\"https:\/\/karaki.com\/\",\"name\":\"Karaki\",\"description\":\"For Industry And Trading SARL\",\"publisher\":{\"@id\":\"https:\/\/karaki.com\/#organization\"},\"alternateName\":\"Bakery Equipment Lebanon\",\"potentialAction\":[{\"@type\":\"SearchAction\",\"target\":{\"@type\":\"EntryPoint\",\"urlTemplate\":\"https:\/\/karaki.com\/?s={search_term_string}\"},\"query-input\":{\"@type\":\"PropertyValueSpecification\",\"valueRequired\":true,\"valueName\":\"search_term_string\"}}],\"inLanguage\":\"de\"},{\"@type\":\"Organization\",\"@id\":\"https:\/\/karaki.com\/#organization\",\"name\":\"Karaki\",\"url\":\"https:\/\/karaki.com\/\",\"logo\":{\"@type\":\"ImageObject\",\"inLanguage\":\"de\",\"@id\":\"https:\/\/karaki.com\/#\/schema\/logo\/image\/\",\"url\":\"https:\/\/karaki.com\/wp-content\/uploads\/2025\/05\/cropped-White-and-Pastel-Colors-Minimalist-Illustrated-Cleaning-Service-Logo-1-e1747858335656.png\",\"contentUrl\":\"https:\/\/karaki.com\/wp-content\/uploads\/2025\/05\/cropped-White-and-Pastel-Colors-Minimalist-Illustrated-Cleaning-Service-Logo-1-e1747858335656.png\",\"width\":448,\"height\":189,\"caption\":\"Karaki\"},\"image\":{\"@id\":\"https:\/\/karaki.com\/#\/schema\/logo\/image\/\"}}]}<\/script>\n<!-- \/ Yoast SEO Premium plugin. -->","yoast_head_json":{"title":"Minicombo","robots":{"index":"index","follow":"follow","max-snippet":"max-snippet:-1","max-image-preview":"max-image-preview:large","max-video-preview":"max-video-preview:-1"},"canonical":"https:\/\/karaki.com\/de\/product\/minicombo-e-40x60-rotary-convection-oven\/","og_locale":"de_DE","og_type":"article","og_title":"Minicombo E 40\u00d760 Rotary Convection Oven","og_description":"Electric rotary convection oven for 8 or 10 trays (40\u00d760 cm), optionally configurable with integrated proofer or electric chamber\u2014ideal for space-saving, professional baking.","og_url":"https:\/\/karaki.com\/de\/product\/minicombo-e-40x60-rotary-convection-oven\/","og_site_name":"Karaki","article_modified_time":"2025-06-11T11:23:39+00:00","og_image":[{"width":772,"height":1200,"url":"https:\/\/karaki.com\/wp-content\/uploads\/2025\/06\/minicombo-E-40x60-1-electric.jpg","type":"image\/jpeg"}],"twitter_card":"summary_large_image","twitter_misc":{"Est. reading time":"1\u00a0Minute"},"schema":{"@context":"https:\/\/schema.org","@graph":[{"@type":"WebPage","@id":"https:\/\/karaki.com\/product\/minicombo-e-40x60-rotary-convection-oven\/","url":"https:\/\/karaki.com\/product\/minicombo-e-40x60-rotary-convection-oven\/","name":"Minicombo","isPartOf":{"@id":"https:\/\/karaki.com\/#website"},"primaryImageOfPage":{"@id":"https:\/\/karaki.com\/product\/minicombo-e-40x60-rotary-convection-oven\/#primaryimage"},"image":{"@id":"https:\/\/karaki.com\/product\/minicombo-e-40x60-rotary-convection-oven\/#primaryimage"},"thumbnailUrl":"https:\/\/karaki.com\/wp-content\/uploads\/2025\/06\/minicombo-E-40x60-1-electric.jpg","datePublished":"2025-06-02T18:58:57+00:00","dateModified":"2025-06-11T11:23:39+00:00","breadcrumb":{"@id":"https:\/\/karaki.com\/product\/minicombo-e-40x60-rotary-convection-oven\/#breadcrumb"},"inLanguage":"de","potentialAction":[{"@type":"ReadAction","target":["https:\/\/karaki.com\/product\/minicombo-e-40x60-rotary-convection-oven\/"]}]},{"@type":"ImageObject","inLanguage":"de","@id":"https:\/\/karaki.com\/product\/minicombo-e-40x60-rotary-convection-oven\/#primaryimage","url":"https:\/\/karaki.com\/wp-content\/uploads\/2025\/06\/minicombo-E-40x60-1-electric.jpg","contentUrl":"https:\/\/karaki.com\/wp-content\/uploads\/2025\/06\/minicombo-E-40x60-1-electric.jpg","width":772,"height":1200},{"@type":"BreadcrumbList","@id":"https:\/\/karaki.com\/product\/minicombo-e-40x60-rotary-convection-oven\/#breadcrumb","itemListElement":[{"@type":"ListItem","position":1,"name":"Home","item":"https:\/\/karaki.com\/"},{"@type":"ListItem","position":2,"name":"Products","item":"https:\/\/karaki.com\/shop\/"},{"@type":"ListItem","position":3,"name":"Minicombo E 40\u00d760 Rotary Convection Oven"}]},{"@type":"WebSite","@id":"https:\/\/karaki.com\/#website","url":"https:\/\/karaki.com\/","name":"Karaki","description":"For Industry And Trading SARL","publisher":{"@id":"https:\/\/karaki.com\/#organization"},"alternateName":"Bakery Equipment Lebanon","potentialAction":[{"@type":"SearchAction","target":{"@type":"EntryPoint","urlTemplate":"https:\/\/karaki.com\/?s={search_term_string}"},"query-input":{"@type":"PropertyValueSpecification","valueRequired":true,"valueName":"search_term_string"}}],"inLanguage":"de"},{"@type":"Organization","@id":"https:\/\/karaki.com\/#organization","name":"Karaki","url":"https:\/\/karaki.com\/","logo":{"@type":"ImageObject","inLanguage":"de","@id":"https:\/\/karaki.com\/#\/schema\/logo\/image\/","url":"https:\/\/karaki.com\/wp-content\/uploads\/2025\/05\/cropped-White-and-Pastel-Colors-Minimalist-Illustrated-Cleaning-Service-Logo-1-e1747858335656.png","contentUrl":"https:\/\/karaki.com\/wp-content\/uploads\/2025\/05\/cropped-White-and-Pastel-Colors-Minimalist-Illustrated-Cleaning-Service-Logo-1-e1747858335656.png","width":448,"height":189,"caption":"Karaki"},"image":{"@id":"https:\/\/karaki.com\/#\/schema\/logo\/image\/"}}]}},"_links":{"self":[{"href":"https:\/\/karaki.com\/de\/wp-json\/wp\/v2\/product\/17943","targetHints":{"allow":["GET"]}}],"collection":[{"href":"https:\/\/karaki.com\/de\/wp-json\/wp\/v2\/product"}],"about":[{"href":"https:\/\/karaki.com\/de\/wp-json\/wp\/v2\/types\/product"}],"wp:featuredmedia":[{"embeddable":true,"href":"https:\/\/karaki.com\/de\/wp-json\/wp\/v2\/media\/17944"}],"wp:attachment":[{"href":"https:\/\/karaki.com\/de\/wp-json\/wp\/v2\/media?parent=17943"}],"wp:term":[{"taxonomy":"product_brand","embeddable":true,"href":"https:\/\/karaki.com\/de\/wp-json\/wp\/v2\/product_brand?post=17943"},{"taxonomy":"product_cat","embeddable":true,"href":"https:\/\/karaki.com\/de\/wp-json\/wp\/v2\/product_cat?post=17943"},{"taxonomy":"product_tag","embeddable":true,"href":"https:\/\/karaki.com\/de\/wp-json\/wp\/v2\/product_tag?post=17943"}],"curies":[{"name":"wp","href":"https:\/\/api.w.org\/{rel}","templated":true}]}}