{"id":17946,"date":"2025-06-02T19:03:15","date_gmt":"2025-06-02T19:03:15","guid":{"rendered":"https:\/\/karaki.com\/?post_type=product&#038;p=17946"},"modified":"2025-06-11T11:23:22","modified_gmt":"2025-06-11T11:23:22","slug":"minicombo-e-40x60-rotary-convection-oven-copy","status":"publish","type":"product","link":"https:\/\/karaki.com\/de\/product\/minicombo-e-40x60-rotary-convection-oven-copy\/","title":{"rendered":"Minirotorfan 40\u00d760 Umluftofen"},"content":{"rendered":"<p class=\"ai-optimize-33 ai-optimize-introduction\" data-start=\"386\" data-end=\"1092\">Der Minirotorfan 40\u00d760 ist ein Drehkonvektionsofen mit hoher Kapazit\u00e4t, der sowohl in einer Verbrennungs- (Gas oder Diesel) als auch in einer Elektroversion erh\u00e4ltlich ist. Er ist f\u00fcr 15 Bleche von 40\u00d760 cm ausgelegt und wurde f\u00fcr B\u00e4ckereien gebaut, die Effizienz, Zuverl\u00e4ssigkeit und einfache Wartung verlangen. Das Ger\u00e4t verf\u00fcgt \u00fcber eine motorisierte Dunstabzugshaube, einen Sockel aus rostfreiem Stahl (G\u00fcteklasse 30\/10) und eine doppelt verglaste T\u00fcr f\u00fcr gute Sicht und Isolierung. Die vollst\u00e4ndig herausnehmbare Hochleistungsbrennkammer und der Befeuchter vereinfachen die Reinigung und Wartung. Die Konstruktion des Ofens aus rostfreiem Stahl an der Kammer, der Fassade und der T\u00fcr gew\u00e4hrleistet Hygiene und Langlebigkeit. F\u00fcr den Dampfablass ist ein manuelles Ventil vorgesehen, und optional kann ein ausziehbarer Bratrost hinzugef\u00fcgt werden.<\/p>\n<p data-start=\"929\" data-end=\"948\">","protected":false},"excerpt":{"rendered":"<h4 data-start=\"188\" data-end=\"351\">Vielseitiger Umluftofen f\u00fcr 15 Bleche (40\u00d760 cm), erh\u00e4ltlich in den Versionen Gas\/Diesel oder Elektro, mit herausnehmbaren Komponenten und effizienter Dampfregelung.<\/h4>\n<h4 data-start=\"1486\" data-end=\"1964\"><\/h4>\n<h4 data-start=\"248\" data-end=\"794\"><\/h4>","protected":false},"featured_media":17948,"template":"","meta":[],"product_brand":[],"product_cat":[58,134,59,60,131],"product_tag":[],"class_list":{"0":"post-17946","1":"product","2":"type-product","3":"status-publish","4":"has-post-thumbnail","6":"product_cat-bakery-equipment","7":"product_cat-mini-rotorfan","8":"product_cat-ovens","9":"product_cat-rotary-ovens","10":"product_cat-zuccehlli-forni","12":"first","13":"instock","14":"shipping-taxable","15":"product-type-simple"},"yoast_head":"<!-- This site is optimized with the Yoast SEO Premium plugin v25.2 (Yoast SEO v25.2) - https:\/\/yoast.com\/wordpress\/plugins\/seo\/ -->\n<title>Minirotorfan<\/title>\n<meta name=\"robots\" content=\"index, follow, max-snippet:-1, max-image-preview:large, max-video-preview:-1\" \/>\n<link rel=\"canonical\" href=\"https:\/\/karaki.com\/de\/product\/minicombo-e-40x60-rotary-convection-oven-copy\/\" \/>\n<meta property=\"og:locale\" content=\"de_DE\" \/>\n<meta property=\"og:type\" content=\"article\" \/>\n<meta property=\"og:title\" content=\"Minirotorfan 40\u00d760 Rotary Convection Oven\" \/>\n<meta property=\"og:description\" content=\"Versatile rotary convection oven for 15 trays (40\u00d760 cm), available in gas\/diesel or electric versions, featuring removable components and efficient steam control.\" \/>\n<meta property=\"og:url\" content=\"https:\/\/karaki.com\/de\/product\/minicombo-e-40x60-rotary-convection-oven-copy\/\" \/>\n<meta property=\"og:site_name\" content=\"Karaki\" \/>\n<meta property=\"article:modified_time\" content=\"2025-06-11T11:23:22+00:00\" \/>\n<meta property=\"og:image\" content=\"https:\/\/karaki.com\/wp-content\/uploads\/2025\/06\/minirotorfan-40x60-1-600x810-1.jpg\" \/>\n\t<meta property=\"og:image:width\" content=\"600\" \/>\n\t<meta property=\"og:image:height\" content=\"810\" \/>\n\t<meta property=\"og:image:type\" content=\"image\/jpeg\" \/>\n<meta name=\"twitter:card\" content=\"summary_large_image\" \/>\n<meta name=\"twitter:label1\" content=\"Est. reading time\" \/>\n\t<meta name=\"twitter:data1\" content=\"1\u00a0Minute\" \/>\n<script type=\"application\/ld+json\" class=\"yoast-schema-graph\">{\"@context\":\"https:\/\/schema.org\",\"@graph\":[{\"@type\":\"WebPage\",\"@id\":\"https:\/\/karaki.com\/product\/minicombo-e-40x60-rotary-convection-oven-copy\/\",\"url\":\"https:\/\/karaki.com\/product\/minicombo-e-40x60-rotary-convection-oven-copy\/\",\"name\":\"Minirotorfan\",\"isPartOf\":{\"@id\":\"https:\/\/karaki.com\/#website\"},\"primaryImageOfPage\":{\"@id\":\"https:\/\/karaki.com\/product\/minicombo-e-40x60-rotary-convection-oven-copy\/#primaryimage\"},\"image\":{\"@id\":\"https:\/\/karaki.com\/product\/minicombo-e-40x60-rotary-convection-oven-copy\/#primaryimage\"},\"thumbnailUrl\":\"https:\/\/karaki.com\/wp-content\/uploads\/2025\/06\/minirotorfan-40x60-1-600x810-1.jpg\",\"datePublished\":\"2025-06-02T19:03:15+00:00\",\"dateModified\":\"2025-06-11T11:23:22+00:00\",\"breadcrumb\":{\"@id\":\"https:\/\/karaki.com\/product\/minicombo-e-40x60-rotary-convection-oven-copy\/#breadcrumb\"},\"inLanguage\":\"de\",\"potentialAction\":[{\"@type\":\"ReadAction\",\"target\":[\"https:\/\/karaki.com\/product\/minicombo-e-40x60-rotary-convection-oven-copy\/\"]}]},{\"@type\":\"ImageObject\",\"inLanguage\":\"de\",\"@id\":\"https:\/\/karaki.com\/product\/minicombo-e-40x60-rotary-convection-oven-copy\/#primaryimage\",\"url\":\"https:\/\/karaki.com\/wp-content\/uploads\/2025\/06\/minirotorfan-40x60-1-600x810-1.jpg\",\"contentUrl\":\"https:\/\/karaki.com\/wp-content\/uploads\/2025\/06\/minirotorfan-40x60-1-600x810-1.jpg\",\"width\":600,\"height\":810},{\"@type\":\"BreadcrumbList\",\"@id\":\"https:\/\/karaki.com\/product\/minicombo-e-40x60-rotary-convection-oven-copy\/#breadcrumb\",\"itemListElement\":[{\"@type\":\"ListItem\",\"position\":1,\"name\":\"Home\",\"item\":\"https:\/\/karaki.com\/\"},{\"@type\":\"ListItem\",\"position\":2,\"name\":\"Products\",\"item\":\"https:\/\/karaki.com\/shop\/\"},{\"@type\":\"ListItem\",\"position\":3,\"name\":\"Minirotorfan 40\u00d760 Rotary Convection Oven\"}]},{\"@type\":\"WebSite\",\"@id\":\"https:\/\/karaki.com\/#website\",\"url\":\"https:\/\/karaki.com\/\",\"name\":\"Karaki\",\"description\":\"For Industry And Trading SARL\",\"publisher\":{\"@id\":\"https:\/\/karaki.com\/#organization\"},\"alternateName\":\"Bakery Equipment Lebanon\",\"potentialAction\":[{\"@type\":\"SearchAction\",\"target\":{\"@type\":\"EntryPoint\",\"urlTemplate\":\"https:\/\/karaki.com\/?s={search_term_string}\"},\"query-input\":{\"@type\":\"PropertyValueSpecification\",\"valueRequired\":true,\"valueName\":\"search_term_string\"}}],\"inLanguage\":\"de\"},{\"@type\":\"Organization\",\"@id\":\"https:\/\/karaki.com\/#organization\",\"name\":\"Karaki\",\"url\":\"https:\/\/karaki.com\/\",\"logo\":{\"@type\":\"ImageObject\",\"inLanguage\":\"de\",\"@id\":\"https:\/\/karaki.com\/#\/schema\/logo\/image\/\",\"url\":\"https:\/\/karaki.com\/wp-content\/uploads\/2025\/05\/cropped-White-and-Pastel-Colors-Minimalist-Illustrated-Cleaning-Service-Logo-1-e1747858335656.png\",\"contentUrl\":\"https:\/\/karaki.com\/wp-content\/uploads\/2025\/05\/cropped-White-and-Pastel-Colors-Minimalist-Illustrated-Cleaning-Service-Logo-1-e1747858335656.png\",\"width\":448,\"height\":189,\"caption\":\"Karaki\"},\"image\":{\"@id\":\"https:\/\/karaki.com\/#\/schema\/logo\/image\/\"}}]}<\/script>\n<!-- \/ Yoast SEO Premium plugin. -->","yoast_head_json":{"title":"Minirotorfan","robots":{"index":"index","follow":"follow","max-snippet":"max-snippet:-1","max-image-preview":"max-image-preview:large","max-video-preview":"max-video-preview:-1"},"canonical":"https:\/\/karaki.com\/de\/product\/minicombo-e-40x60-rotary-convection-oven-copy\/","og_locale":"de_DE","og_type":"article","og_title":"Minirotorfan 40\u00d760 Rotary Convection Oven","og_description":"Versatile rotary convection oven for 15 trays (40\u00d760 cm), available in gas\/diesel or electric versions, featuring removable components and efficient steam control.","og_url":"https:\/\/karaki.com\/de\/product\/minicombo-e-40x60-rotary-convection-oven-copy\/","og_site_name":"Karaki","article_modified_time":"2025-06-11T11:23:22+00:00","og_image":[{"width":600,"height":810,"url":"https:\/\/karaki.com\/wp-content\/uploads\/2025\/06\/minirotorfan-40x60-1-600x810-1.jpg","type":"image\/jpeg"}],"twitter_card":"summary_large_image","twitter_misc":{"Est. reading time":"1\u00a0Minute"},"schema":{"@context":"https:\/\/schema.org","@graph":[{"@type":"WebPage","@id":"https:\/\/karaki.com\/product\/minicombo-e-40x60-rotary-convection-oven-copy\/","url":"https:\/\/karaki.com\/product\/minicombo-e-40x60-rotary-convection-oven-copy\/","name":"Minirotorfan","isPartOf":{"@id":"https:\/\/karaki.com\/#website"},"primaryImageOfPage":{"@id":"https:\/\/karaki.com\/product\/minicombo-e-40x60-rotary-convection-oven-copy\/#primaryimage"},"image":{"@id":"https:\/\/karaki.com\/product\/minicombo-e-40x60-rotary-convection-oven-copy\/#primaryimage"},"thumbnailUrl":"https:\/\/karaki.com\/wp-content\/uploads\/2025\/06\/minirotorfan-40x60-1-600x810-1.jpg","datePublished":"2025-06-02T19:03:15+00:00","dateModified":"2025-06-11T11:23:22+00:00","breadcrumb":{"@id":"https:\/\/karaki.com\/product\/minicombo-e-40x60-rotary-convection-oven-copy\/#breadcrumb"},"inLanguage":"de","potentialAction":[{"@type":"ReadAction","target":["https:\/\/karaki.com\/product\/minicombo-e-40x60-rotary-convection-oven-copy\/"]}]},{"@type":"ImageObject","inLanguage":"de","@id":"https:\/\/karaki.com\/product\/minicombo-e-40x60-rotary-convection-oven-copy\/#primaryimage","url":"https:\/\/karaki.com\/wp-content\/uploads\/2025\/06\/minirotorfan-40x60-1-600x810-1.jpg","contentUrl":"https:\/\/karaki.com\/wp-content\/uploads\/2025\/06\/minirotorfan-40x60-1-600x810-1.jpg","width":600,"height":810},{"@type":"BreadcrumbList","@id":"https:\/\/karaki.com\/product\/minicombo-e-40x60-rotary-convection-oven-copy\/#breadcrumb","itemListElement":[{"@type":"ListItem","position":1,"name":"Home","item":"https:\/\/karaki.com\/"},{"@type":"ListItem","position":2,"name":"Products","item":"https:\/\/karaki.com\/shop\/"},{"@type":"ListItem","position":3,"name":"Minirotorfan 40\u00d760 Rotary Convection Oven"}]},{"@type":"WebSite","@id":"https:\/\/karaki.com\/#website","url":"https:\/\/karaki.com\/","name":"Karaki","description":"For Industry And Trading SARL","publisher":{"@id":"https:\/\/karaki.com\/#organization"},"alternateName":"Bakery Equipment Lebanon","potentialAction":[{"@type":"SearchAction","target":{"@type":"EntryPoint","urlTemplate":"https:\/\/karaki.com\/?s={search_term_string}"},"query-input":{"@type":"PropertyValueSpecification","valueRequired":true,"valueName":"search_term_string"}}],"inLanguage":"de"},{"@type":"Organization","@id":"https:\/\/karaki.com\/#organization","name":"Karaki","url":"https:\/\/karaki.com\/","logo":{"@type":"ImageObject","inLanguage":"de","@id":"https:\/\/karaki.com\/#\/schema\/logo\/image\/","url":"https:\/\/karaki.com\/wp-content\/uploads\/2025\/05\/cropped-White-and-Pastel-Colors-Minimalist-Illustrated-Cleaning-Service-Logo-1-e1747858335656.png","contentUrl":"https:\/\/karaki.com\/wp-content\/uploads\/2025\/05\/cropped-White-and-Pastel-Colors-Minimalist-Illustrated-Cleaning-Service-Logo-1-e1747858335656.png","width":448,"height":189,"caption":"Karaki"},"image":{"@id":"https:\/\/karaki.com\/#\/schema\/logo\/image\/"}}]}},"_links":{"self":[{"href":"https:\/\/karaki.com\/de\/wp-json\/wp\/v2\/product\/17946","targetHints":{"allow":["GET"]}}],"collection":[{"href":"https:\/\/karaki.com\/de\/wp-json\/wp\/v2\/product"}],"about":[{"href":"https:\/\/karaki.com\/de\/wp-json\/wp\/v2\/types\/product"}],"wp:featuredmedia":[{"embeddable":true,"href":"https:\/\/karaki.com\/de\/wp-json\/wp\/v2\/media\/17948"}],"wp:attachment":[{"href":"https:\/\/karaki.com\/de\/wp-json\/wp\/v2\/media?parent=17946"}],"wp:term":[{"taxonomy":"product_brand","embeddable":true,"href":"https:\/\/karaki.com\/de\/wp-json\/wp\/v2\/product_brand?post=17946"},{"taxonomy":"product_cat","embeddable":true,"href":"https:\/\/karaki.com\/de\/wp-json\/wp\/v2\/product_cat?post=17946"},{"taxonomy":"product_tag","embeddable":true,"href":"https:\/\/karaki.com\/de\/wp-json\/wp\/v2\/product_tag?post=17946"}],"curies":[{"name":"wp","href":"https:\/\/api.w.org\/{rel}","templated":true}]}}