{"id":17957,"date":"2025-06-02T19:39:12","date_gmt":"2025-06-02T19:39:12","guid":{"rendered":"https:\/\/karaki.com\/?post_type=product&#038;p=17957"},"modified":"2025-06-02T19:41:40","modified_gmt":"2025-06-02T19:41:40","slug":"stainless-steel-workbenches","status":"publish","type":"product","link":"https:\/\/karaki.com\/de\/product\/stainless-steel-workbenches\/","title":{"rendered":"Werkb\u00e4nke aus Edelstahl"},"content":{"rendered":"<p class=\"ai-optimize-33 ai-optimize-introduction\" data-start=\"363\" data-end=\"1000\">Die Edelstahl-Werkb\u00e4nke von Karaki werden so gefertigt, dass sie sich an die spezifischen Bed\u00fcrfnisse Ihres Arbeitsplatzes anpassen. Diese Werkb\u00e4nke werden mit hochwertigen Materialien und fachm\u00e4nnischer Handwerkskunst hergestellt und sind vollst\u00e4ndig anpassbar. Ob f\u00fcr Gro\u00dfk\u00fcchen, industrielle Arbeitsbereiche oder Labors, unsere Werkb\u00e4nke bieten ein H\u00f6chstma\u00df an Effizienz, Hygiene und Flexibilit\u00e4t. Sie k\u00f6nnen die Abmessungen (L\u00e4nge, Breite, H\u00f6he) individuell anpassen, ein oder zwei Einlegeb\u00f6den hinzuf\u00fcgen, optionale Aufkantungen einbauen, die Anzahl und Anordnung der Schubladen w\u00e4hlen und zwischen Rollen oder festen Kunststofff\u00fc\u00dfen w\u00e4hlen. Weitere Merkmale sind Arbeitsplatten und vertikale Regale, um die Nutzung Ihres Arbeitsbereichs zu maximieren.<\/p>\n<p data-start=\"929\" data-end=\"948\">","protected":false},"excerpt":{"rendered":"<h4 data-start=\"180\" data-end=\"328\">Ma\u00dfgefertigte Werkb\u00e4nke aus Edelstahl mit voller Ma\u00dfkontrolle, Regalen, Schubladen und Mobilit\u00e4tsoptionen - entwickelt f\u00fcr Effizienz und Langlebigkeit.<\/h4>\n<h4 data-start=\"1486\" data-end=\"1964\"><\/h4>\n<h4 data-start=\"248\" data-end=\"794\"><\/h4>","protected":false},"featured_media":17958,"template":"","meta":[],"product_brand":[],"product_cat":[90,91,92],"product_tag":[],"class_list":{"0":"post-17957","1":"product","2":"type-product","3":"status-publish","4":"has-post-thumbnail","6":"product_cat-industrial-equipment","7":"product_cat-metal-workbenches","8":"product_cat-stainless-steel-top","10":"first","11":"instock","12":"shipping-taxable","13":"product-type-simple"},"yoast_head":"<!-- This site is optimized with the Yoast SEO Premium plugin v25.2 (Yoast SEO v25.2) - https:\/\/yoast.com\/wordpress\/plugins\/seo\/ -->\n<title>Stainless Steel Lounge Cabinets<\/title>\n<meta name=\"robots\" content=\"index, follow, max-snippet:-1, max-image-preview:large, max-video-preview:-1\" \/>\n<link rel=\"canonical\" href=\"https:\/\/karaki.com\/de\/product\/stainless-steel-workbenches\/\" \/>\n<meta property=\"og:locale\" content=\"de_DE\" \/>\n<meta property=\"og:type\" content=\"article\" \/>\n<meta property=\"og:title\" content=\"Stainless Steel Workbenches\" \/>\n<meta property=\"og:description\" content=\"Custom-built stainless steel workbenches with full dimension control, shelving, drawers, and mobility options\u2014crafted for efficiency and durability.\" \/>\n<meta property=\"og:url\" content=\"https:\/\/karaki.com\/de\/product\/stainless-steel-workbenches\/\" \/>\n<meta property=\"og:site_name\" content=\"Karaki\" \/>\n<meta property=\"article:modified_time\" content=\"2025-06-02T19:41:40+00:00\" \/>\n<meta property=\"og:image\" content=\"https:\/\/karaki.com\/wp-content\/uploads\/2025\/06\/WB-ST-BS-UNDERSHELF-1900x700xH850-TRIPLE-DRAWERS-LEFT-FV-MOBILE-scaled.jpg\" \/>\n\t<meta property=\"og:image:width\" content=\"1024\" \/>\n\t<meta property=\"og:image:height\" content=\"791\" \/>\n\t<meta property=\"og:image:type\" content=\"image\/jpeg\" \/>\n<meta name=\"twitter:card\" content=\"summary_large_image\" \/>\n<meta name=\"twitter:label1\" content=\"Est. reading time\" \/>\n\t<meta name=\"twitter:data1\" content=\"1\u00a0Minute\" \/>\n<script type=\"application\/ld+json\" class=\"yoast-schema-graph\">{\"@context\":\"https:\/\/schema.org\",\"@graph\":[{\"@type\":\"WebPage\",\"@id\":\"https:\/\/karaki.com\/product\/stainless-steel-workbenches\/\",\"url\":\"https:\/\/karaki.com\/product\/stainless-steel-workbenches\/\",\"name\":\"Stainless Steel Lounge Cabinets\",\"isPartOf\":{\"@id\":\"https:\/\/karaki.com\/#website\"},\"primaryImageOfPage\":{\"@id\":\"https:\/\/karaki.com\/product\/stainless-steel-workbenches\/#primaryimage\"},\"image\":{\"@id\":\"https:\/\/karaki.com\/product\/stainless-steel-workbenches\/#primaryimage\"},\"thumbnailUrl\":\"https:\/\/karaki.com\/wp-content\/uploads\/2025\/06\/WB-ST-BS-UNDERSHELF-1900x700xH850-TRIPLE-DRAWERS-LEFT-FV-MOBILE-scaled.jpg\",\"datePublished\":\"2025-06-02T19:39:12+00:00\",\"dateModified\":\"2025-06-02T19:41:40+00:00\",\"breadcrumb\":{\"@id\":\"https:\/\/karaki.com\/product\/stainless-steel-workbenches\/#breadcrumb\"},\"inLanguage\":\"de\",\"potentialAction\":[{\"@type\":\"ReadAction\",\"target\":[\"https:\/\/karaki.com\/product\/stainless-steel-workbenches\/\"]}]},{\"@type\":\"ImageObject\",\"inLanguage\":\"de\",\"@id\":\"https:\/\/karaki.com\/product\/stainless-steel-workbenches\/#primaryimage\",\"url\":\"https:\/\/karaki.com\/wp-content\/uploads\/2025\/06\/WB-ST-BS-UNDERSHELF-1900x700xH850-TRIPLE-DRAWERS-LEFT-FV-MOBILE-scaled.jpg\",\"contentUrl\":\"https:\/\/karaki.com\/wp-content\/uploads\/2025\/06\/WB-ST-BS-UNDERSHELF-1900x700xH850-TRIPLE-DRAWERS-LEFT-FV-MOBILE-scaled.jpg\",\"width\":2560,\"height\":1978},{\"@type\":\"BreadcrumbList\",\"@id\":\"https:\/\/karaki.com\/product\/stainless-steel-workbenches\/#breadcrumb\",\"itemListElement\":[{\"@type\":\"ListItem\",\"position\":1,\"name\":\"Home\",\"item\":\"https:\/\/karaki.com\/\"},{\"@type\":\"ListItem\",\"position\":2,\"name\":\"Products\",\"item\":\"https:\/\/karaki.com\/shop\/\"},{\"@type\":\"ListItem\",\"position\":3,\"name\":\"Stainless Steel Workbenches\"}]},{\"@type\":\"WebSite\",\"@id\":\"https:\/\/karaki.com\/#website\",\"url\":\"https:\/\/karaki.com\/\",\"name\":\"Karaki\",\"description\":\"For Industry And Trading SARL\",\"publisher\":{\"@id\":\"https:\/\/karaki.com\/#organization\"},\"alternateName\":\"Bakery Equipment Lebanon\",\"potentialAction\":[{\"@type\":\"SearchAction\",\"target\":{\"@type\":\"EntryPoint\",\"urlTemplate\":\"https:\/\/karaki.com\/?s={search_term_string}\"},\"query-input\":{\"@type\":\"PropertyValueSpecification\",\"valueRequired\":true,\"valueName\":\"search_term_string\"}}],\"inLanguage\":\"de\"},{\"@type\":\"Organization\",\"@id\":\"https:\/\/karaki.com\/#organization\",\"name\":\"Karaki\",\"url\":\"https:\/\/karaki.com\/\",\"logo\":{\"@type\":\"ImageObject\",\"inLanguage\":\"de\",\"@id\":\"https:\/\/karaki.com\/#\/schema\/logo\/image\/\",\"url\":\"https:\/\/karaki.com\/wp-content\/uploads\/2025\/05\/cropped-White-and-Pastel-Colors-Minimalist-Illustrated-Cleaning-Service-Logo-1-e1747858335656.png\",\"contentUrl\":\"https:\/\/karaki.com\/wp-content\/uploads\/2025\/05\/cropped-White-and-Pastel-Colors-Minimalist-Illustrated-Cleaning-Service-Logo-1-e1747858335656.png\",\"width\":448,\"height\":189,\"caption\":\"Karaki\"},\"image\":{\"@id\":\"https:\/\/karaki.com\/#\/schema\/logo\/image\/\"}}]}<\/script>\n<!-- \/ Yoast SEO Premium plugin. -->","yoast_head_json":{"title":"Stainless Steel Lounge Cabinets","robots":{"index":"index","follow":"follow","max-snippet":"max-snippet:-1","max-image-preview":"max-image-preview:large","max-video-preview":"max-video-preview:-1"},"canonical":"https:\/\/karaki.com\/de\/product\/stainless-steel-workbenches\/","og_locale":"de_DE","og_type":"article","og_title":"Stainless Steel Workbenches","og_description":"Custom-built stainless steel workbenches with full dimension control, shelving, drawers, and mobility options\u2014crafted for efficiency and durability.","og_url":"https:\/\/karaki.com\/de\/product\/stainless-steel-workbenches\/","og_site_name":"Karaki","article_modified_time":"2025-06-02T19:41:40+00:00","og_image":[{"url":"https:\/\/karaki.com\/wp-content\/uploads\/2025\/06\/WB-ST-BS-UNDERSHELF-1900x700xH850-TRIPLE-DRAWERS-LEFT-FV-MOBILE-scaled.jpg","width":1024,"height":791,"type":"image\/jpeg"}],"twitter_card":"summary_large_image","twitter_misc":{"Est. reading time":"1\u00a0Minute"},"schema":{"@context":"https:\/\/schema.org","@graph":[{"@type":"WebPage","@id":"https:\/\/karaki.com\/product\/stainless-steel-workbenches\/","url":"https:\/\/karaki.com\/product\/stainless-steel-workbenches\/","name":"Stainless Steel Lounge Cabinets","isPartOf":{"@id":"https:\/\/karaki.com\/#website"},"primaryImageOfPage":{"@id":"https:\/\/karaki.com\/product\/stainless-steel-workbenches\/#primaryimage"},"image":{"@id":"https:\/\/karaki.com\/product\/stainless-steel-workbenches\/#primaryimage"},"thumbnailUrl":"https:\/\/karaki.com\/wp-content\/uploads\/2025\/06\/WB-ST-BS-UNDERSHELF-1900x700xH850-TRIPLE-DRAWERS-LEFT-FV-MOBILE-scaled.jpg","datePublished":"2025-06-02T19:39:12+00:00","dateModified":"2025-06-02T19:41:40+00:00","breadcrumb":{"@id":"https:\/\/karaki.com\/product\/stainless-steel-workbenches\/#breadcrumb"},"inLanguage":"de","potentialAction":[{"@type":"ReadAction","target":["https:\/\/karaki.com\/product\/stainless-steel-workbenches\/"]}]},{"@type":"ImageObject","inLanguage":"de","@id":"https:\/\/karaki.com\/product\/stainless-steel-workbenches\/#primaryimage","url":"https:\/\/karaki.com\/wp-content\/uploads\/2025\/06\/WB-ST-BS-UNDERSHELF-1900x700xH850-TRIPLE-DRAWERS-LEFT-FV-MOBILE-scaled.jpg","contentUrl":"https:\/\/karaki.com\/wp-content\/uploads\/2025\/06\/WB-ST-BS-UNDERSHELF-1900x700xH850-TRIPLE-DRAWERS-LEFT-FV-MOBILE-scaled.jpg","width":2560,"height":1978},{"@type":"BreadcrumbList","@id":"https:\/\/karaki.com\/product\/stainless-steel-workbenches\/#breadcrumb","itemListElement":[{"@type":"ListItem","position":1,"name":"Home","item":"https:\/\/karaki.com\/"},{"@type":"ListItem","position":2,"name":"Products","item":"https:\/\/karaki.com\/shop\/"},{"@type":"ListItem","position":3,"name":"Stainless Steel Workbenches"}]},{"@type":"WebSite","@id":"https:\/\/karaki.com\/#website","url":"https:\/\/karaki.com\/","name":"Karaki","description":"For Industry And Trading SARL","publisher":{"@id":"https:\/\/karaki.com\/#organization"},"alternateName":"Bakery Equipment Lebanon","potentialAction":[{"@type":"SearchAction","target":{"@type":"EntryPoint","urlTemplate":"https:\/\/karaki.com\/?s={search_term_string}"},"query-input":{"@type":"PropertyValueSpecification","valueRequired":true,"valueName":"search_term_string"}}],"inLanguage":"de"},{"@type":"Organization","@id":"https:\/\/karaki.com\/#organization","name":"Karaki","url":"https:\/\/karaki.com\/","logo":{"@type":"ImageObject","inLanguage":"de","@id":"https:\/\/karaki.com\/#\/schema\/logo\/image\/","url":"https:\/\/karaki.com\/wp-content\/uploads\/2025\/05\/cropped-White-and-Pastel-Colors-Minimalist-Illustrated-Cleaning-Service-Logo-1-e1747858335656.png","contentUrl":"https:\/\/karaki.com\/wp-content\/uploads\/2025\/05\/cropped-White-and-Pastel-Colors-Minimalist-Illustrated-Cleaning-Service-Logo-1-e1747858335656.png","width":448,"height":189,"caption":"Karaki"},"image":{"@id":"https:\/\/karaki.com\/#\/schema\/logo\/image\/"}}]}},"_links":{"self":[{"href":"https:\/\/karaki.com\/de\/wp-json\/wp\/v2\/product\/17957","targetHints":{"allow":["GET"]}}],"collection":[{"href":"https:\/\/karaki.com\/de\/wp-json\/wp\/v2\/product"}],"about":[{"href":"https:\/\/karaki.com\/de\/wp-json\/wp\/v2\/types\/product"}],"wp:featuredmedia":[{"embeddable":true,"href":"https:\/\/karaki.com\/de\/wp-json\/wp\/v2\/media\/17958"}],"wp:attachment":[{"href":"https:\/\/karaki.com\/de\/wp-json\/wp\/v2\/media?parent=17957"}],"wp:term":[{"taxonomy":"product_brand","embeddable":true,"href":"https:\/\/karaki.com\/de\/wp-json\/wp\/v2\/product_brand?post=17957"},{"taxonomy":"product_cat","embeddable":true,"href":"https:\/\/karaki.com\/de\/wp-json\/wp\/v2\/product_cat?post=17957"},{"taxonomy":"product_tag","embeddable":true,"href":"https:\/\/karaki.com\/de\/wp-json\/wp\/v2\/product_tag?post=17957"}],"curies":[{"name":"wp","href":"https:\/\/api.w.org\/{rel}","templated":true}]}}