{"id":17889,"date":"2025-06-02T17:09:39","date_gmt":"2025-06-02T17:09:39","guid":{"rendered":"https:\/\/karaki.com\/?post_type=product&#038;p=17889"},"modified":"2025-06-02T17:31:00","modified_gmt":"2025-06-02T17:31:00","slug":"inferno-22","status":"publish","type":"product","link":"https:\/\/karaki.com\/fr\/product\/inferno-22\/","title":{"rendered":"Inferno 22"},"content":{"rendered":"<p class=\"ai-optimize-33 ai-optimize-introduction\" data-start=\"337\" data-end=\"1019\">L'humidification est un processus d'\u00e9l\u00e9vation de la vapeur d'eau pr\u00e9sente dans l'atmosph\u00e8re. L'aspect du contr\u00f4le climatique est crucial pour de nombreux processus industriels, et la boulangerie ne fait pas exception. L'humidification de la p\u00e2te est la cl\u00e9 d'un rendement optimal des surfaces, de la consistance et de la fra\u00eecheur des produits de boulangerie. Un taux d'humidit\u00e9 \u00e9lev\u00e9 (saturation en vapeur d'eau) pour des produits difficiles comme les Kaak et les mini-baguettes, qui sont populaires au Moyen-Orient et en Afrique, est toujours un d\u00e9fi pour des produits homog\u00e8nes. Pourtant, dans un environnement aussi difficile, les g\u00e9n\u00e9rateurs de vapeur ne durent pas longtemps en raison de la chaleur et de la qualit\u00e9 de l'eau, ce qui rend in\u00e9vitables des r\u00e9parations fr\u00e9quentes et co\u00fbteuses.<\/p>\n<p class=\"ai-optimize-34\" data-start=\"1021\" data-end=\"1292\">L'Inferno 22 est un g\u00e9n\u00e9rateur de vapeur qui fournit de la chaleur et de l'humidit\u00e9 relative aux chambres de fermentation de la p\u00e2te dans les boulangeries. Il s'agit d'un mod\u00e8le de quatri\u00e8me g\u00e9n\u00e9ration, con\u00e7u en interne pour am\u00e9liorer l'efficacit\u00e9 \u00e0 la fois sur le plan de la durabilit\u00e9 et de la simplicit\u00e9 d'utilisation.<\/p>\n<p class=\"ai-optimize-35\" data-start=\"1294\" data-end=\"1834\">Le g\u00e9n\u00e9rateur de vapeur Inferno 22 est install\u00e9 \u00e0 l'int\u00e9rieur de la chambre de fermentation et est presque enti\u00e8rement fabriqu\u00e9 en acier inoxydable de qualit\u00e9 alimentaire. Il durera donc longtemps en cas d'utilisation continue, m\u00eame en cas de chaleur \u00e9lev\u00e9e et de mauvaise qualit\u00e9 de l'eau. Il fonctionne en conjonction avec un panneau de commande \u00e9lectrique install\u00e9 \u00e0 l'ext\u00e9rieur de la chambre de fermentation. Dans les chambres de fermentation de grande capacit\u00e9, il est possible d'installer plusieurs humidificateurs avec des conduits auxiliaires assist\u00e9s par ventilateur. L'Inferno 22 est intelligent, simple et tr\u00e8s facile \u00e0 entretenir.<\/p>","protected":false},"excerpt":{"rendered":"<h4 data-start=\"68\" data-end=\"330\">L'Inferno 22 est un g\u00e9n\u00e9rateur de vapeur efficace con\u00e7u pour fournir une chaleur et une humidit\u00e9 constantes aux chambres de fermentation de la p\u00e2te. Il est presque enti\u00e8rement fabriqu\u00e9 en acier inoxydable de qualit\u00e9 alimentaire pour une plus grande durabilit\u00e9. <button class=\"ms-1 flex h-[22px] items-center rounded-xl px-2 relative bottom-[-2px] bg-[#f4f4f4] text-token-text-secondary! hover:bg-token-text-primary hover:text-token-main-surface-secondary! dark:bg-token-main-surface-secondary dark:hover:bg-token-text-primary\"><\/button><\/h4>","protected":false},"featured_media":17891,"template":"","meta":[],"product_brand":[],"product_cat":[58,73,72],"product_tag":[],"class_list":{"0":"post-17889","1":"product","2":"type-product","3":"status-publish","4":"has-post-thumbnail","6":"product_cat-bakery-equipment","7":"product_cat-devices","8":"product_cat-dough-proofing","10":"first","11":"instock","12":"shipping-taxable","13":"product-type-simple"},"yoast_head":"<!-- This site is optimized with the Yoast SEO Premium plugin v25.2 (Yoast SEO v25.2) - https:\/\/yoast.com\/wordpress\/plugins\/seo\/ -->\n<title>Inferno 22<\/title>\n<meta name=\"robots\" content=\"index, follow, max-snippet:-1, max-image-preview:large, max-video-preview:-1\" \/>\n<link rel=\"canonical\" href=\"https:\/\/karaki.com\/fr\/product\/inferno-22\/\" \/>\n<meta property=\"og:locale\" content=\"fr_FR\" \/>\n<meta property=\"og:type\" content=\"article\" \/>\n<meta property=\"og:title\" content=\"Inferno 22\" \/>\n<meta property=\"og:description\" content=\"The Inferno 22 is an efficient steam generator designed to provide consistent heat and humidity to dough fermentation chambers, crafted nearly entirely from food-grade stainless steel for durability.\" \/>\n<meta property=\"og:url\" content=\"https:\/\/karaki.com\/fr\/product\/inferno-22\/\" \/>\n<meta property=\"og:site_name\" content=\"Karaki\" \/>\n<meta property=\"article:modified_time\" content=\"2025-06-02T17:31:00+00:00\" \/>\n<meta property=\"og:image\" content=\"https:\/\/karaki.com\/wp-content\/uploads\/2025\/06\/inferno22_image_compressed.jpg\" \/>\n\t<meta property=\"og:image:width\" content=\"1654\" \/>\n\t<meta property=\"og:image:height\" content=\"2339\" \/>\n\t<meta property=\"og:image:type\" content=\"image\/jpeg\" \/>\n<meta name=\"twitter:card\" content=\"summary_large_image\" \/>\n<meta name=\"twitter:label1\" content=\"Est. reading time\" \/>\n\t<meta name=\"twitter:data1\" content=\"2 minutes\" \/>\n<script type=\"application\/ld+json\" class=\"yoast-schema-graph\">{\"@context\":\"https:\/\/schema.org\",\"@graph\":[{\"@type\":\"WebPage\",\"@id\":\"https:\/\/karaki.com\/product\/inferno-22\/\",\"url\":\"https:\/\/karaki.com\/product\/inferno-22\/\",\"name\":\"Inferno 22\",\"isPartOf\":{\"@id\":\"https:\/\/karaki.com\/#website\"},\"primaryImageOfPage\":{\"@id\":\"https:\/\/karaki.com\/product\/inferno-22\/#primaryimage\"},\"image\":{\"@id\":\"https:\/\/karaki.com\/product\/inferno-22\/#primaryimage\"},\"thumbnailUrl\":\"https:\/\/karaki.com\/wp-content\/uploads\/2025\/06\/inferno22_image_compressed.jpg\",\"datePublished\":\"2025-06-02T17:09:39+00:00\",\"dateModified\":\"2025-06-02T17:31:00+00:00\",\"breadcrumb\":{\"@id\":\"https:\/\/karaki.com\/product\/inferno-22\/#breadcrumb\"},\"inLanguage\":\"fr-FR\",\"potentialAction\":[{\"@type\":\"ReadAction\",\"target\":[\"https:\/\/karaki.com\/product\/inferno-22\/\"]}]},{\"@type\":\"ImageObject\",\"inLanguage\":\"fr-FR\",\"@id\":\"https:\/\/karaki.com\/product\/inferno-22\/#primaryimage\",\"url\":\"https:\/\/karaki.com\/wp-content\/uploads\/2025\/06\/inferno22_image_compressed.jpg\",\"contentUrl\":\"https:\/\/karaki.com\/wp-content\/uploads\/2025\/06\/inferno22_image_compressed.jpg\",\"width\":1654,\"height\":2339},{\"@type\":\"BreadcrumbList\",\"@id\":\"https:\/\/karaki.com\/product\/inferno-22\/#breadcrumb\",\"itemListElement\":[{\"@type\":\"ListItem\",\"position\":1,\"name\":\"Home\",\"item\":\"https:\/\/karaki.com\/\"},{\"@type\":\"ListItem\",\"position\":2,\"name\":\"Products\",\"item\":\"https:\/\/karaki.com\/shop\/\"},{\"@type\":\"ListItem\",\"position\":3,\"name\":\"Inferno 22\"}]},{\"@type\":\"WebSite\",\"@id\":\"https:\/\/karaki.com\/#website\",\"url\":\"https:\/\/karaki.com\/\",\"name\":\"Karaki\",\"description\":\"For Industry And Trading SARL\",\"publisher\":{\"@id\":\"https:\/\/karaki.com\/#organization\"},\"alternateName\":\"Bakery Equipment Lebanon\",\"potentialAction\":[{\"@type\":\"SearchAction\",\"target\":{\"@type\":\"EntryPoint\",\"urlTemplate\":\"https:\/\/karaki.com\/?s={search_term_string}\"},\"query-input\":{\"@type\":\"PropertyValueSpecification\",\"valueRequired\":true,\"valueName\":\"search_term_string\"}}],\"inLanguage\":\"fr-FR\"},{\"@type\":\"Organization\",\"@id\":\"https:\/\/karaki.com\/#organization\",\"name\":\"Karaki\",\"url\":\"https:\/\/karaki.com\/\",\"logo\":{\"@type\":\"ImageObject\",\"inLanguage\":\"fr-FR\",\"@id\":\"https:\/\/karaki.com\/#\/schema\/logo\/image\/\",\"url\":\"https:\/\/karaki.com\/wp-content\/uploads\/2025\/05\/cropped-White-and-Pastel-Colors-Minimalist-Illustrated-Cleaning-Service-Logo-1-e1747858335656.png\",\"contentUrl\":\"https:\/\/karaki.com\/wp-content\/uploads\/2025\/05\/cropped-White-and-Pastel-Colors-Minimalist-Illustrated-Cleaning-Service-Logo-1-e1747858335656.png\",\"width\":448,\"height\":189,\"caption\":\"Karaki\"},\"image\":{\"@id\":\"https:\/\/karaki.com\/#\/schema\/logo\/image\/\"}}]}<\/script>\n<!-- \/ Yoast SEO Premium plugin. -->","yoast_head_json":{"title":"Inferno 22","robots":{"index":"index","follow":"follow","max-snippet":"max-snippet:-1","max-image-preview":"max-image-preview:large","max-video-preview":"max-video-preview:-1"},"canonical":"https:\/\/karaki.com\/fr\/product\/inferno-22\/","og_locale":"fr_FR","og_type":"article","og_title":"Inferno 22","og_description":"The Inferno 22 is an efficient steam generator designed to provide consistent heat and humidity to dough fermentation chambers, crafted nearly entirely from food-grade stainless steel for durability.","og_url":"https:\/\/karaki.com\/fr\/product\/inferno-22\/","og_site_name":"Karaki","article_modified_time":"2025-06-02T17:31:00+00:00","og_image":[{"width":1654,"height":2339,"url":"https:\/\/karaki.com\/wp-content\/uploads\/2025\/06\/inferno22_image_compressed.jpg","type":"image\/jpeg"}],"twitter_card":"summary_large_image","twitter_misc":{"Est. reading time":"2 minutes"},"schema":{"@context":"https:\/\/schema.org","@graph":[{"@type":"WebPage","@id":"https:\/\/karaki.com\/product\/inferno-22\/","url":"https:\/\/karaki.com\/product\/inferno-22\/","name":"Inferno 22","isPartOf":{"@id":"https:\/\/karaki.com\/#website"},"primaryImageOfPage":{"@id":"https:\/\/karaki.com\/product\/inferno-22\/#primaryimage"},"image":{"@id":"https:\/\/karaki.com\/product\/inferno-22\/#primaryimage"},"thumbnailUrl":"https:\/\/karaki.com\/wp-content\/uploads\/2025\/06\/inferno22_image_compressed.jpg","datePublished":"2025-06-02T17:09:39+00:00","dateModified":"2025-06-02T17:31:00+00:00","breadcrumb":{"@id":"https:\/\/karaki.com\/product\/inferno-22\/#breadcrumb"},"inLanguage":"fr-FR","potentialAction":[{"@type":"ReadAction","target":["https:\/\/karaki.com\/product\/inferno-22\/"]}]},{"@type":"ImageObject","inLanguage":"fr-FR","@id":"https:\/\/karaki.com\/product\/inferno-22\/#primaryimage","url":"https:\/\/karaki.com\/wp-content\/uploads\/2025\/06\/inferno22_image_compressed.jpg","contentUrl":"https:\/\/karaki.com\/wp-content\/uploads\/2025\/06\/inferno22_image_compressed.jpg","width":1654,"height":2339},{"@type":"BreadcrumbList","@id":"https:\/\/karaki.com\/product\/inferno-22\/#breadcrumb","itemListElement":[{"@type":"ListItem","position":1,"name":"Home","item":"https:\/\/karaki.com\/"},{"@type":"ListItem","position":2,"name":"Products","item":"https:\/\/karaki.com\/shop\/"},{"@type":"ListItem","position":3,"name":"Inferno 22"}]},{"@type":"WebSite","@id":"https:\/\/karaki.com\/#website","url":"https:\/\/karaki.com\/","name":"Karaki","description":"For Industry And Trading SARL","publisher":{"@id":"https:\/\/karaki.com\/#organization"},"alternateName":"Bakery Equipment Lebanon","potentialAction":[{"@type":"SearchAction","target":{"@type":"EntryPoint","urlTemplate":"https:\/\/karaki.com\/?s={search_term_string}"},"query-input":{"@type":"PropertyValueSpecification","valueRequired":true,"valueName":"search_term_string"}}],"inLanguage":"fr-FR"},{"@type":"Organization","@id":"https:\/\/karaki.com\/#organization","name":"Karaki","url":"https:\/\/karaki.com\/","logo":{"@type":"ImageObject","inLanguage":"fr-FR","@id":"https:\/\/karaki.com\/#\/schema\/logo\/image\/","url":"https:\/\/karaki.com\/wp-content\/uploads\/2025\/05\/cropped-White-and-Pastel-Colors-Minimalist-Illustrated-Cleaning-Service-Logo-1-e1747858335656.png","contentUrl":"https:\/\/karaki.com\/wp-content\/uploads\/2025\/05\/cropped-White-and-Pastel-Colors-Minimalist-Illustrated-Cleaning-Service-Logo-1-e1747858335656.png","width":448,"height":189,"caption":"Karaki"},"image":{"@id":"https:\/\/karaki.com\/#\/schema\/logo\/image\/"}}]}},"_links":{"self":[{"href":"https:\/\/karaki.com\/fr\/wp-json\/wp\/v2\/product\/17889","targetHints":{"allow":["GET"]}}],"collection":[{"href":"https:\/\/karaki.com\/fr\/wp-json\/wp\/v2\/product"}],"about":[{"href":"https:\/\/karaki.com\/fr\/wp-json\/wp\/v2\/types\/product"}],"wp:featuredmedia":[{"embeddable":true,"href":"https:\/\/karaki.com\/fr\/wp-json\/wp\/v2\/media\/17891"}],"wp:attachment":[{"href":"https:\/\/karaki.com\/fr\/wp-json\/wp\/v2\/media?parent=17889"}],"wp:term":[{"taxonomy":"product_brand","embeddable":true,"href":"https:\/\/karaki.com\/fr\/wp-json\/wp\/v2\/product_brand?post=17889"},{"taxonomy":"product_cat","embeddable":true,"href":"https:\/\/karaki.com\/fr\/wp-json\/wp\/v2\/product_cat?post=17889"},{"taxonomy":"product_tag","embeddable":true,"href":"https:\/\/karaki.com\/fr\/wp-json\/wp\/v2\/product_tag?post=17889"}],"curies":[{"name":"wp","href":"https:\/\/api.w.org\/{rel}","templated":true}]}}