{"id":17917,"date":"2025-06-02T17:59:18","date_gmt":"2025-06-02T17:59:18","guid":{"rendered":"https:\/\/karaki.com\/?post_type=product&#038;p=17917"},"modified":"2025-06-03T16:26:24","modified_gmt":"2025-06-03T16:26:24","slug":"showracks","status":"publish","type":"product","link":"https:\/\/karaki.com\/fr\/product\/showracks\/","title":{"rendered":"Showracks"},"content":{"rendered":"<p class=\"ai-optimize-33 ai-optimize-introduction\" data-start=\"259\" data-end=\"1014\">Our Showracks are available in both assembled and disassembled options, catering to different storage and transport needs. Constructed from food-grade stainless steel, these racks offer a hygienic and sleek solution for presenting baked goods, merchandise, or exhibition items. Designed with both durability and aesthetics in mind, the showracks feature a modern look that enhances product visibility from various angles. They come in customizable sizes and configurations to adapt to unique retail requirements, ensuring space optimization without compromising display quality. Easy to clean and maintain, the racks provide a professional-grade, secure platform that elevates the presentation and sales potential of your products.<\/p>\n<p data-start=\"929\" data-end=\"948\">","protected":false},"excerpt":{"rendered":"<h4 data-start=\"80\" data-end=\"257\">Les pr\u00e9sentoirs en acier inoxydable de qualit\u00e9 alimentaire, \u00e9l\u00e9gants et durables, sont con\u00e7us pour une pr\u00e9sentation polyvalente et peu encombrante des produits dans les environnements commerciaux et de vente au d\u00e9tail.<\/h4>\n<h4 data-start=\"255\" data-end=\"927\"><\/h4>","protected":false},"featured_media":17918,"template":"","meta":[],"product_brand":[],"product_cat":[58,78,80],"product_tag":[],"class_list":{"0":"post-17917","1":"product","2":"type-product","3":"status-publish","4":"has-post-thumbnail","6":"product_cat-bakery-equipment","7":"product_cat-oven-display-racks","8":"product_cat-showracks","10":"first","11":"instock","12":"shipping-taxable","13":"product-type-simple"},"yoast_head":"<!-- This site is optimized with the Yoast SEO Premium plugin v25.2 (Yoast SEO v25.2) - https:\/\/yoast.com\/wordpress\/plugins\/seo\/ -->\n<title>Showracks<\/title>\n<meta name=\"robots\" content=\"index, follow, max-snippet:-1, max-image-preview:large, max-video-preview:-1\" \/>\n<link rel=\"canonical\" href=\"https:\/\/karaki.com\/fr\/product\/showracks\/\" \/>\n<meta property=\"og:locale\" content=\"fr_FR\" \/>\n<meta property=\"og:type\" content=\"article\" \/>\n<meta property=\"og:title\" content=\"Showracks\" \/>\n<meta property=\"og:description\" content=\"Stylish and durable food-grade stainless steel showracks designed for versatile, space-efficient product displays in retail and commercial environments.\" \/>\n<meta property=\"og:url\" content=\"https:\/\/karaki.com\/fr\/product\/showracks\/\" \/>\n<meta property=\"og:site_name\" content=\"Karaki\" \/>\n<meta property=\"article:modified_time\" content=\"2025-06-03T16:26:24+00:00\" \/>\n<meta property=\"og:image\" content=\"https:\/\/karaki.com\/wp-content\/uploads\/2025\/06\/Show-Oven-Racks.jpeg\" \/>\n\t<meta property=\"og:image:width\" content=\"768\" \/>\n\t<meta property=\"og:image:height\" content=\"1024\" \/>\n\t<meta property=\"og:image:type\" content=\"image\/jpeg\" \/>\n<meta name=\"twitter:card\" content=\"summary_large_image\" \/>\n<meta name=\"twitter:label1\" content=\"Est. reading time\" \/>\n\t<meta name=\"twitter:data1\" content=\"1 minute\" \/>\n<script type=\"application\/ld+json\" class=\"yoast-schema-graph\">{\"@context\":\"https:\/\/schema.org\",\"@graph\":[{\"@type\":\"WebPage\",\"@id\":\"https:\/\/karaki.com\/product\/showracks\/\",\"url\":\"https:\/\/karaki.com\/product\/showracks\/\",\"name\":\"Showracks\",\"isPartOf\":{\"@id\":\"https:\/\/karaki.com\/#website\"},\"primaryImageOfPage\":{\"@id\":\"https:\/\/karaki.com\/product\/showracks\/#primaryimage\"},\"image\":{\"@id\":\"https:\/\/karaki.com\/product\/showracks\/#primaryimage\"},\"thumbnailUrl\":\"https:\/\/karaki.com\/wp-content\/uploads\/2025\/06\/Show-Oven-Racks-e1750417114100.jpeg\",\"datePublished\":\"2025-06-02T17:59:18+00:00\",\"dateModified\":\"2025-06-03T16:26:24+00:00\",\"breadcrumb\":{\"@id\":\"https:\/\/karaki.com\/product\/showracks\/#breadcrumb\"},\"inLanguage\":\"fr-FR\",\"potentialAction\":[{\"@type\":\"ReadAction\",\"target\":[\"https:\/\/karaki.com\/product\/showracks\/\"]}]},{\"@type\":\"ImageObject\",\"inLanguage\":\"fr-FR\",\"@id\":\"https:\/\/karaki.com\/product\/showracks\/#primaryimage\",\"url\":\"https:\/\/karaki.com\/wp-content\/uploads\/2025\/06\/Show-Oven-Racks-e1750417114100.jpeg\",\"contentUrl\":\"https:\/\/karaki.com\/wp-content\/uploads\/2025\/06\/Show-Oven-Racks-e1750417114100.jpeg\",\"width\":720,\"height\":960},{\"@type\":\"BreadcrumbList\",\"@id\":\"https:\/\/karaki.com\/product\/showracks\/#breadcrumb\",\"itemListElement\":[{\"@type\":\"ListItem\",\"position\":1,\"name\":\"Home\",\"item\":\"https:\/\/karaki.com\/\"},{\"@type\":\"ListItem\",\"position\":2,\"name\":\"Products\",\"item\":\"https:\/\/karaki.com\/shop\/\"},{\"@type\":\"ListItem\",\"position\":3,\"name\":\"Showracks\"}]},{\"@type\":\"WebSite\",\"@id\":\"https:\/\/karaki.com\/#website\",\"url\":\"https:\/\/karaki.com\/\",\"name\":\"Karaki\",\"description\":\"For Industry And Trading SARL\",\"publisher\":{\"@id\":\"https:\/\/karaki.com\/#organization\"},\"alternateName\":\"Bakery Equipment Lebanon\",\"potentialAction\":[{\"@type\":\"SearchAction\",\"target\":{\"@type\":\"EntryPoint\",\"urlTemplate\":\"https:\/\/karaki.com\/?s={search_term_string}\"},\"query-input\":{\"@type\":\"PropertyValueSpecification\",\"valueRequired\":true,\"valueName\":\"search_term_string\"}}],\"inLanguage\":\"fr-FR\"},{\"@type\":\"Organization\",\"@id\":\"https:\/\/karaki.com\/#organization\",\"name\":\"Karaki\",\"url\":\"https:\/\/karaki.com\/\",\"logo\":{\"@type\":\"ImageObject\",\"inLanguage\":\"fr-FR\",\"@id\":\"https:\/\/karaki.com\/#\/schema\/logo\/image\/\",\"url\":\"https:\/\/karaki.com\/wp-content\/uploads\/2025\/05\/cropped-White-and-Pastel-Colors-Minimalist-Illustrated-Cleaning-Service-Logo-1-e1747858335656.png\",\"contentUrl\":\"https:\/\/karaki.com\/wp-content\/uploads\/2025\/05\/cropped-White-and-Pastel-Colors-Minimalist-Illustrated-Cleaning-Service-Logo-1-e1747858335656.png\",\"width\":448,\"height\":189,\"caption\":\"Karaki\"},\"image\":{\"@id\":\"https:\/\/karaki.com\/#\/schema\/logo\/image\/\"}}]}<\/script>\n<!-- \/ Yoast SEO Premium plugin. -->","yoast_head_json":{"title":"Showracks","robots":{"index":"index","follow":"follow","max-snippet":"max-snippet:-1","max-image-preview":"max-image-preview:large","max-video-preview":"max-video-preview:-1"},"canonical":"https:\/\/karaki.com\/fr\/product\/showracks\/","og_locale":"fr_FR","og_type":"article","og_title":"Showracks","og_description":"Stylish and durable food-grade stainless steel showracks designed for versatile, space-efficient product displays in retail and commercial environments.","og_url":"https:\/\/karaki.com\/fr\/product\/showracks\/","og_site_name":"Karaki","article_modified_time":"2025-06-03T16:26:24+00:00","og_image":[{"width":768,"height":1024,"url":"https:\/\/karaki.com\/wp-content\/uploads\/2025\/06\/Show-Oven-Racks.jpeg","type":"image\/jpeg"}],"twitter_card":"summary_large_image","twitter_misc":{"Est. reading time":"1 minute"},"schema":{"@context":"https:\/\/schema.org","@graph":[{"@type":"WebPage","@id":"https:\/\/karaki.com\/product\/showracks\/","url":"https:\/\/karaki.com\/product\/showracks\/","name":"Showracks","isPartOf":{"@id":"https:\/\/karaki.com\/#website"},"primaryImageOfPage":{"@id":"https:\/\/karaki.com\/product\/showracks\/#primaryimage"},"image":{"@id":"https:\/\/karaki.com\/product\/showracks\/#primaryimage"},"thumbnailUrl":"https:\/\/karaki.com\/wp-content\/uploads\/2025\/06\/Show-Oven-Racks-e1750417114100.jpeg","datePublished":"2025-06-02T17:59:18+00:00","dateModified":"2025-06-03T16:26:24+00:00","breadcrumb":{"@id":"https:\/\/karaki.com\/product\/showracks\/#breadcrumb"},"inLanguage":"fr-FR","potentialAction":[{"@type":"ReadAction","target":["https:\/\/karaki.com\/product\/showracks\/"]}]},{"@type":"ImageObject","inLanguage":"fr-FR","@id":"https:\/\/karaki.com\/product\/showracks\/#primaryimage","url":"https:\/\/karaki.com\/wp-content\/uploads\/2025\/06\/Show-Oven-Racks-e1750417114100.jpeg","contentUrl":"https:\/\/karaki.com\/wp-content\/uploads\/2025\/06\/Show-Oven-Racks-e1750417114100.jpeg","width":720,"height":960},{"@type":"BreadcrumbList","@id":"https:\/\/karaki.com\/product\/showracks\/#breadcrumb","itemListElement":[{"@type":"ListItem","position":1,"name":"Home","item":"https:\/\/karaki.com\/"},{"@type":"ListItem","position":2,"name":"Products","item":"https:\/\/karaki.com\/shop\/"},{"@type":"ListItem","position":3,"name":"Showracks"}]},{"@type":"WebSite","@id":"https:\/\/karaki.com\/#website","url":"https:\/\/karaki.com\/","name":"Karaki","description":"For Industry And Trading SARL","publisher":{"@id":"https:\/\/karaki.com\/#organization"},"alternateName":"Bakery Equipment Lebanon","potentialAction":[{"@type":"SearchAction","target":{"@type":"EntryPoint","urlTemplate":"https:\/\/karaki.com\/?s={search_term_string}"},"query-input":{"@type":"PropertyValueSpecification","valueRequired":true,"valueName":"search_term_string"}}],"inLanguage":"fr-FR"},{"@type":"Organization","@id":"https:\/\/karaki.com\/#organization","name":"Karaki","url":"https:\/\/karaki.com\/","logo":{"@type":"ImageObject","inLanguage":"fr-FR","@id":"https:\/\/karaki.com\/#\/schema\/logo\/image\/","url":"https:\/\/karaki.com\/wp-content\/uploads\/2025\/05\/cropped-White-and-Pastel-Colors-Minimalist-Illustrated-Cleaning-Service-Logo-1-e1747858335656.png","contentUrl":"https:\/\/karaki.com\/wp-content\/uploads\/2025\/05\/cropped-White-and-Pastel-Colors-Minimalist-Illustrated-Cleaning-Service-Logo-1-e1747858335656.png","width":448,"height":189,"caption":"Karaki"},"image":{"@id":"https:\/\/karaki.com\/#\/schema\/logo\/image\/"}}]}},"_links":{"self":[{"href":"https:\/\/karaki.com\/fr\/wp-json\/wp\/v2\/product\/17917","targetHints":{"allow":["GET"]}}],"collection":[{"href":"https:\/\/karaki.com\/fr\/wp-json\/wp\/v2\/product"}],"about":[{"href":"https:\/\/karaki.com\/fr\/wp-json\/wp\/v2\/types\/product"}],"wp:featuredmedia":[{"embeddable":true,"href":"https:\/\/karaki.com\/fr\/wp-json\/wp\/v2\/media\/17918"}],"wp:attachment":[{"href":"https:\/\/karaki.com\/fr\/wp-json\/wp\/v2\/media?parent=17917"}],"wp:term":[{"taxonomy":"product_brand","embeddable":true,"href":"https:\/\/karaki.com\/fr\/wp-json\/wp\/v2\/product_brand?post=17917"},{"taxonomy":"product_cat","embeddable":true,"href":"https:\/\/karaki.com\/fr\/wp-json\/wp\/v2\/product_cat?post=17917"},{"taxonomy":"product_tag","embeddable":true,"href":"https:\/\/karaki.com\/fr\/wp-json\/wp\/v2\/product_tag?post=17917"}],"curies":[{"name":"wp","href":"https:\/\/api.w.org\/{rel}","templated":true}]}}