{"id":17943,"date":"2025-06-02T18:58:57","date_gmt":"2025-06-02T18:58:57","guid":{"rendered":"https:\/\/karaki.com\/?post_type=product&#038;p=17943"},"modified":"2025-06-11T11:23:39","modified_gmt":"2025-06-11T11:23:39","slug":"minicombo-e-40x60-rotary-convection-oven","status":"publish","type":"product","link":"https:\/\/karaki.com\/fr\/product\/minicombo-e-40x60-rotary-convection-oven\/","title":{"rendered":"Four \u00e0 convection rotatif Minicombo E 40\u00d760"},"content":{"rendered":"<p class=\"ai-optimize-33 ai-optimize-introduction\" data-start=\"454\" data-end=\"1234\">Le Minicombo E 40\u00d760 est un four rotatif compact \u00e0 convection con\u00e7u exclusivement en version \u00e9lectrique, optimis\u00e9 pour les boulangeries de petite et moyenne taille. Il est disponible en deux mod\u00e8les supportant 8 ou 10 plateaux de 40\u00d760 cm. Le four est \u00e9quip\u00e9 d'une hotte aspirante motoris\u00e9e, d'un syst\u00e8me d'aspiration des vapeurs en acier inoxydable et d'une base en acier inoxydable durable. Construit pour la performance, il comprend des \u00e9l\u00e9ments chauffants blind\u00e9s \u00e0 haute efficacit\u00e9 et un nouvel humidificateur enti\u00e8rement amovible pour un contr\u00f4le puissant de la vapeur. La chambre de cuisson, la porte et la fa\u00e7ade sont toutes en acier inoxydable pour des raisons d'hygi\u00e8ne et de durabilit\u00e9. La porte avant \u00e0 double vitrage assure la conservation de la chaleur et la visibilit\u00e9. Pour plus de flexibilit\u00e9, les utilisateurs peuvent configurer la base pour inclure un porte-plateau, une \u00e9tuve ou une chambre \u00e9lectrique avec \u00e9tuve.<\/p>\n<p data-start=\"929\" data-end=\"948\">","protected":false},"excerpt":{"rendered":"<h4 data-start=\"245\" data-end=\"419\">Four \u00e9lectrique \u00e0 convection rotative pour 8 ou 10 plaques (40\u00d760 cm), configurable en option avec \u00e9tuve int\u00e9gr\u00e9e ou chambre \u00e9lectrique - id\u00e9al pour une cuisson professionnelle peu encombrante.<\/h4>\n<h4 data-start=\"1486\" data-end=\"1964\"><\/h4>\n<h4 data-start=\"248\" data-end=\"794\"><\/h4>","protected":false},"featured_media":17944,"template":"","meta":[],"product_brand":[],"product_cat":[58,133,59,60,131],"product_tag":[],"class_list":{"0":"post-17943","1":"product","2":"type-product","3":"status-publish","4":"has-post-thumbnail","6":"product_cat-bakery-equipment","7":"product_cat-mini-combo","8":"product_cat-ovens","9":"product_cat-rotary-ovens","10":"product_cat-zuccehlli-forni","12":"first","13":"instock","14":"shipping-taxable","15":"product-type-simple"},"yoast_head":"<!-- This site is optimized with the Yoast SEO Premium plugin v25.2 (Yoast SEO v25.2) - https:\/\/yoast.com\/wordpress\/plugins\/seo\/ -->\n<title>Minicombo<\/title>\n<meta name=\"robots\" content=\"index, follow, max-snippet:-1, max-image-preview:large, max-video-preview:-1\" \/>\n<link rel=\"canonical\" href=\"https:\/\/karaki.com\/fr\/product\/minicombo-e-40x60-rotary-convection-oven\/\" \/>\n<meta property=\"og:locale\" content=\"fr_FR\" \/>\n<meta property=\"og:type\" content=\"article\" \/>\n<meta property=\"og:title\" content=\"Minicombo E 40\u00d760 Rotary Convection Oven\" \/>\n<meta property=\"og:description\" content=\"Electric rotary convection oven for 8 or 10 trays (40\u00d760 cm), optionally configurable with integrated proofer or electric chamber\u2014ideal for space-saving, professional baking.\" \/>\n<meta property=\"og:url\" content=\"https:\/\/karaki.com\/fr\/product\/minicombo-e-40x60-rotary-convection-oven\/\" \/>\n<meta property=\"og:site_name\" content=\"Karaki\" \/>\n<meta property=\"article:modified_time\" content=\"2025-06-11T11:23:39+00:00\" \/>\n<meta property=\"og:image\" content=\"https:\/\/karaki.com\/wp-content\/uploads\/2025\/06\/minicombo-E-40x60-1-electric.jpg\" \/>\n\t<meta property=\"og:image:width\" content=\"772\" \/>\n\t<meta property=\"og:image:height\" content=\"1200\" \/>\n\t<meta property=\"og:image:type\" content=\"image\/jpeg\" \/>\n<meta name=\"twitter:card\" content=\"summary_large_image\" \/>\n<meta name=\"twitter:label1\" content=\"Est. reading time\" \/>\n\t<meta name=\"twitter:data1\" content=\"1 minute\" \/>\n<script type=\"application\/ld+json\" class=\"yoast-schema-graph\">{\"@context\":\"https:\/\/schema.org\",\"@graph\":[{\"@type\":\"WebPage\",\"@id\":\"https:\/\/karaki.com\/product\/minicombo-e-40x60-rotary-convection-oven\/\",\"url\":\"https:\/\/karaki.com\/product\/minicombo-e-40x60-rotary-convection-oven\/\",\"name\":\"Minicombo\",\"isPartOf\":{\"@id\":\"https:\/\/karaki.com\/#website\"},\"primaryImageOfPage\":{\"@id\":\"https:\/\/karaki.com\/product\/minicombo-e-40x60-rotary-convection-oven\/#primaryimage\"},\"image\":{\"@id\":\"https:\/\/karaki.com\/product\/minicombo-e-40x60-rotary-convection-oven\/#primaryimage\"},\"thumbnailUrl\":\"https:\/\/karaki.com\/wp-content\/uploads\/2025\/06\/minicombo-E-40x60-1-electric.jpg\",\"datePublished\":\"2025-06-02T18:58:57+00:00\",\"dateModified\":\"2025-06-11T11:23:39+00:00\",\"breadcrumb\":{\"@id\":\"https:\/\/karaki.com\/product\/minicombo-e-40x60-rotary-convection-oven\/#breadcrumb\"},\"inLanguage\":\"fr-FR\",\"potentialAction\":[{\"@type\":\"ReadAction\",\"target\":[\"https:\/\/karaki.com\/product\/minicombo-e-40x60-rotary-convection-oven\/\"]}]},{\"@type\":\"ImageObject\",\"inLanguage\":\"fr-FR\",\"@id\":\"https:\/\/karaki.com\/product\/minicombo-e-40x60-rotary-convection-oven\/#primaryimage\",\"url\":\"https:\/\/karaki.com\/wp-content\/uploads\/2025\/06\/minicombo-E-40x60-1-electric.jpg\",\"contentUrl\":\"https:\/\/karaki.com\/wp-content\/uploads\/2025\/06\/minicombo-E-40x60-1-electric.jpg\",\"width\":772,\"height\":1200},{\"@type\":\"BreadcrumbList\",\"@id\":\"https:\/\/karaki.com\/product\/minicombo-e-40x60-rotary-convection-oven\/#breadcrumb\",\"itemListElement\":[{\"@type\":\"ListItem\",\"position\":1,\"name\":\"Home\",\"item\":\"https:\/\/karaki.com\/\"},{\"@type\":\"ListItem\",\"position\":2,\"name\":\"Products\",\"item\":\"https:\/\/karaki.com\/shop\/\"},{\"@type\":\"ListItem\",\"position\":3,\"name\":\"Minicombo E 40\u00d760 Rotary Convection Oven\"}]},{\"@type\":\"WebSite\",\"@id\":\"https:\/\/karaki.com\/#website\",\"url\":\"https:\/\/karaki.com\/\",\"name\":\"Karaki\",\"description\":\"For Industry And Trading SARL\",\"publisher\":{\"@id\":\"https:\/\/karaki.com\/#organization\"},\"alternateName\":\"Bakery Equipment Lebanon\",\"potentialAction\":[{\"@type\":\"SearchAction\",\"target\":{\"@type\":\"EntryPoint\",\"urlTemplate\":\"https:\/\/karaki.com\/?s={search_term_string}\"},\"query-input\":{\"@type\":\"PropertyValueSpecification\",\"valueRequired\":true,\"valueName\":\"search_term_string\"}}],\"inLanguage\":\"fr-FR\"},{\"@type\":\"Organization\",\"@id\":\"https:\/\/karaki.com\/#organization\",\"name\":\"Karaki\",\"url\":\"https:\/\/karaki.com\/\",\"logo\":{\"@type\":\"ImageObject\",\"inLanguage\":\"fr-FR\",\"@id\":\"https:\/\/karaki.com\/#\/schema\/logo\/image\/\",\"url\":\"https:\/\/karaki.com\/wp-content\/uploads\/2025\/05\/cropped-White-and-Pastel-Colors-Minimalist-Illustrated-Cleaning-Service-Logo-1-e1747858335656.png\",\"contentUrl\":\"https:\/\/karaki.com\/wp-content\/uploads\/2025\/05\/cropped-White-and-Pastel-Colors-Minimalist-Illustrated-Cleaning-Service-Logo-1-e1747858335656.png\",\"width\":448,\"height\":189,\"caption\":\"Karaki\"},\"image\":{\"@id\":\"https:\/\/karaki.com\/#\/schema\/logo\/image\/\"}}]}<\/script>\n<!-- \/ Yoast SEO Premium plugin. -->","yoast_head_json":{"title":"Minicombo","robots":{"index":"index","follow":"follow","max-snippet":"max-snippet:-1","max-image-preview":"max-image-preview:large","max-video-preview":"max-video-preview:-1"},"canonical":"https:\/\/karaki.com\/fr\/product\/minicombo-e-40x60-rotary-convection-oven\/","og_locale":"fr_FR","og_type":"article","og_title":"Minicombo E 40\u00d760 Rotary Convection Oven","og_description":"Electric rotary convection oven for 8 or 10 trays (40\u00d760 cm), optionally configurable with integrated proofer or electric chamber\u2014ideal for space-saving, professional baking.","og_url":"https:\/\/karaki.com\/fr\/product\/minicombo-e-40x60-rotary-convection-oven\/","og_site_name":"Karaki","article_modified_time":"2025-06-11T11:23:39+00:00","og_image":[{"width":772,"height":1200,"url":"https:\/\/karaki.com\/wp-content\/uploads\/2025\/06\/minicombo-E-40x60-1-electric.jpg","type":"image\/jpeg"}],"twitter_card":"summary_large_image","twitter_misc":{"Est. reading time":"1 minute"},"schema":{"@context":"https:\/\/schema.org","@graph":[{"@type":"WebPage","@id":"https:\/\/karaki.com\/product\/minicombo-e-40x60-rotary-convection-oven\/","url":"https:\/\/karaki.com\/product\/minicombo-e-40x60-rotary-convection-oven\/","name":"Minicombo","isPartOf":{"@id":"https:\/\/karaki.com\/#website"},"primaryImageOfPage":{"@id":"https:\/\/karaki.com\/product\/minicombo-e-40x60-rotary-convection-oven\/#primaryimage"},"image":{"@id":"https:\/\/karaki.com\/product\/minicombo-e-40x60-rotary-convection-oven\/#primaryimage"},"thumbnailUrl":"https:\/\/karaki.com\/wp-content\/uploads\/2025\/06\/minicombo-E-40x60-1-electric.jpg","datePublished":"2025-06-02T18:58:57+00:00","dateModified":"2025-06-11T11:23:39+00:00","breadcrumb":{"@id":"https:\/\/karaki.com\/product\/minicombo-e-40x60-rotary-convection-oven\/#breadcrumb"},"inLanguage":"fr-FR","potentialAction":[{"@type":"ReadAction","target":["https:\/\/karaki.com\/product\/minicombo-e-40x60-rotary-convection-oven\/"]}]},{"@type":"ImageObject","inLanguage":"fr-FR","@id":"https:\/\/karaki.com\/product\/minicombo-e-40x60-rotary-convection-oven\/#primaryimage","url":"https:\/\/karaki.com\/wp-content\/uploads\/2025\/06\/minicombo-E-40x60-1-electric.jpg","contentUrl":"https:\/\/karaki.com\/wp-content\/uploads\/2025\/06\/minicombo-E-40x60-1-electric.jpg","width":772,"height":1200},{"@type":"BreadcrumbList","@id":"https:\/\/karaki.com\/product\/minicombo-e-40x60-rotary-convection-oven\/#breadcrumb","itemListElement":[{"@type":"ListItem","position":1,"name":"Home","item":"https:\/\/karaki.com\/"},{"@type":"ListItem","position":2,"name":"Products","item":"https:\/\/karaki.com\/shop\/"},{"@type":"ListItem","position":3,"name":"Minicombo E 40\u00d760 Rotary Convection Oven"}]},{"@type":"WebSite","@id":"https:\/\/karaki.com\/#website","url":"https:\/\/karaki.com\/","name":"Karaki","description":"For Industry And Trading SARL","publisher":{"@id":"https:\/\/karaki.com\/#organization"},"alternateName":"Bakery Equipment Lebanon","potentialAction":[{"@type":"SearchAction","target":{"@type":"EntryPoint","urlTemplate":"https:\/\/karaki.com\/?s={search_term_string}"},"query-input":{"@type":"PropertyValueSpecification","valueRequired":true,"valueName":"search_term_string"}}],"inLanguage":"fr-FR"},{"@type":"Organization","@id":"https:\/\/karaki.com\/#organization","name":"Karaki","url":"https:\/\/karaki.com\/","logo":{"@type":"ImageObject","inLanguage":"fr-FR","@id":"https:\/\/karaki.com\/#\/schema\/logo\/image\/","url":"https:\/\/karaki.com\/wp-content\/uploads\/2025\/05\/cropped-White-and-Pastel-Colors-Minimalist-Illustrated-Cleaning-Service-Logo-1-e1747858335656.png","contentUrl":"https:\/\/karaki.com\/wp-content\/uploads\/2025\/05\/cropped-White-and-Pastel-Colors-Minimalist-Illustrated-Cleaning-Service-Logo-1-e1747858335656.png","width":448,"height":189,"caption":"Karaki"},"image":{"@id":"https:\/\/karaki.com\/#\/schema\/logo\/image\/"}}]}},"_links":{"self":[{"href":"https:\/\/karaki.com\/fr\/wp-json\/wp\/v2\/product\/17943","targetHints":{"allow":["GET"]}}],"collection":[{"href":"https:\/\/karaki.com\/fr\/wp-json\/wp\/v2\/product"}],"about":[{"href":"https:\/\/karaki.com\/fr\/wp-json\/wp\/v2\/types\/product"}],"wp:featuredmedia":[{"embeddable":true,"href":"https:\/\/karaki.com\/fr\/wp-json\/wp\/v2\/media\/17944"}],"wp:attachment":[{"href":"https:\/\/karaki.com\/fr\/wp-json\/wp\/v2\/media?parent=17943"}],"wp:term":[{"taxonomy":"product_brand","embeddable":true,"href":"https:\/\/karaki.com\/fr\/wp-json\/wp\/v2\/product_brand?post=17943"},{"taxonomy":"product_cat","embeddable":true,"href":"https:\/\/karaki.com\/fr\/wp-json\/wp\/v2\/product_cat?post=17943"},{"taxonomy":"product_tag","embeddable":true,"href":"https:\/\/karaki.com\/fr\/wp-json\/wp\/v2\/product_tag?post=17943"}],"curies":[{"name":"wp","href":"https:\/\/api.w.org\/{rel}","templated":true}]}}