{"id":17883,"date":"2025-06-02T16:55:43","date_gmt":"2025-06-02T16:55:43","guid":{"rendered":"https:\/\/karaki.com\/?post_type=product&#038;p=17883"},"modified":"2025-07-23T11:32:37","modified_gmt":"2025-07-23T11:32:37","slug":"dofry-22-semi-automatic-doughnut-fryer","status":"publish","type":"product","link":"https:\/\/karaki.com\/tr\/product\/dofry-22-semi-automatic-doughnut-fryer\/","title":{"rendered":"Dofry 22 Yar\u0131 Otomatik Donut Frit\u00f6z\u00fc"},"content":{"rendered":"<p class=\"ai-optimize-48 ai-optimize-introduction\" data-start=\"291\" data-end=\"843\">Dofry 22, k\u00fc\u00e7\u00fck ve orta \u00f6l\u00e7ekli f\u0131r\u0131n i\u015fletmeleri i\u00e7in tasarlanm\u0131\u015f yar\u0131 otomatik bir donut frit\u00f6z\u00fcd\u00fcr. Tamamen g\u0131da s\u0131n\u0131f\u0131 paslanmaz \u00e7elikten imal edilen bu cihaz, k\u0131zartma sepetinde de\u011fi\u015ftirilebilir kanal boyutlar\u0131na sahiptir ve \u015feflerin farkl\u0131 \u00e7aplardaki donutlar\u0131 k\u0131zartmas\u0131na olanak tan\u0131r. Ya\u011f s\u0131cakl\u0131\u011f\u0131 operat\u00f6r\u00fcn tercihine g\u00f6re ayarlanabilir. Donutlar\u0131n d\u00f6nd\u00fcr\u00fclmesi basit bir tutama\u011f\u0131n d\u00f6nd\u00fcr\u00fclmesiyle ger\u00e7ekle\u015ftirilir ve kald\u0131rma ve bo\u015faltma i\u015flemi bir d\u00fc\u011fmeye bas\u0131larak etkinle\u015ftirilir. K\u0131zartma i\u015fleminden sonra, fazla ya\u011f tanka geri akar ve rezistans blo\u011fu hijyenik temizlik i\u00e7in kolayca \u00e7\u0131kar\u0131labilir. K\u0131zartma tank\u0131n\u0131n alt\u0131nda, k\u0131zartmadan \u00f6nce hamurun prova edilmesini sa\u011flayan otomatik kontrollere sahip bir prova odas\u0131 bulunur. Bu tasar\u0131m hamur kalitesini ve tutarl\u0131l\u0131\u011f\u0131n\u0131 korur, israf\u0131 en aza indirir ve i\u015f ak\u0131\u015f\u0131n\u0131 kolayla\u015ft\u0131r\u0131r.<\/p>","protected":false},"excerpt":{"rendered":"<h4 data-start=\"96\" data-end=\"346\">Hem k\u00fc\u00e7\u00fck hem de b\u00fcy\u00fck \u00e7\u00f6rekleri verimli bir \u015fekilde k\u0131zartmak i\u00e7in tasarlanm\u0131\u015f, d\u00f6nd\u00fcrme, kald\u0131rma ve bo\u015faltma i\u00e7in basit kontrollere sahip, g\u0131da s\u0131n\u0131f\u0131 paslanmaz \u00e7elikten yap\u0131lm\u0131\u015f yar\u0131 otomatik bir \u00e7\u00f6rek frit\u00f6z\u00fc.<\/h4>","protected":false},"featured_media":17886,"template":"","meta":[],"product_brand":[],"product_cat":[58,63,64],"product_tag":[],"class_list":{"0":"post-17883","1":"product","2":"type-product","3":"status-publish","4":"has-post-thumbnail","6":"product_cat-bakery-equipment","7":"product_cat-dough-processing","8":"product_cat-doughnut-machines","10":"first","11":"instock","12":"shipping-taxable","13":"product-type-simple"},"yoast_head":"<!-- This site is optimized with the Yoast SEO Premium plugin v25.2 (Yoast SEO v25.2) - https:\/\/yoast.com\/wordpress\/plugins\/seo\/ -->\n<title>Dofry 22 Semi Automatic Doughnut Fryer<\/title>\n<meta name=\"robots\" content=\"index, follow, max-snippet:-1, max-image-preview:large, max-video-preview:-1\" \/>\n<link rel=\"canonical\" href=\"https:\/\/karaki.com\/tr\/product\/dofry-22-semi-automatic-doughnut-fryer\/\" \/>\n<meta property=\"og:locale\" content=\"tr_TR\" \/>\n<meta property=\"og:type\" content=\"article\" \/>\n<meta property=\"og:title\" content=\"Dofry 22 Semi Automatic Doughnut Fryer\" \/>\n<meta property=\"og:description\" content=\"A semi-automatic doughnut fryer made from food-grade stainless steel, designed to fry both small and large doughnuts efficiently, with simple controls for turning, lifting, and unloading.\" \/>\n<meta property=\"og:url\" content=\"https:\/\/karaki.com\/tr\/product\/dofry-22-semi-automatic-doughnut-fryer\/\" \/>\n<meta property=\"og:site_name\" content=\"Karaki\" \/>\n<meta property=\"article:modified_time\" content=\"2025-07-23T11:32:37+00:00\" \/>\n<meta property=\"og:image\" content=\"https:\/\/karaki.com\/wp-content\/uploads\/2025\/06\/dofry22_image_compressed.jpg\" \/>\n\t<meta property=\"og:image:width\" content=\"1654\" \/>\n\t<meta property=\"og:image:height\" content=\"2339\" \/>\n\t<meta property=\"og:image:type\" content=\"image\/jpeg\" \/>\n<meta name=\"twitter:card\" content=\"summary_large_image\" \/>\n<meta name=\"twitter:label1\" content=\"Est. reading time\" \/>\n\t<meta name=\"twitter:data1\" content=\"1 dakika\" \/>\n<script type=\"application\/ld+json\" class=\"yoast-schema-graph\">{\"@context\":\"https:\/\/schema.org\",\"@graph\":[{\"@type\":\"WebPage\",\"@id\":\"https:\/\/karaki.com\/product\/dofry-22-semi-automatic-doughnut-fryer\/\",\"url\":\"https:\/\/karaki.com\/product\/dofry-22-semi-automatic-doughnut-fryer\/\",\"name\":\"Dofry 22 Semi Automatic Doughnut Fryer\",\"isPartOf\":{\"@id\":\"https:\/\/karaki.com\/#website\"},\"primaryImageOfPage\":{\"@id\":\"https:\/\/karaki.com\/product\/dofry-22-semi-automatic-doughnut-fryer\/#primaryimage\"},\"image\":{\"@id\":\"https:\/\/karaki.com\/product\/dofry-22-semi-automatic-doughnut-fryer\/#primaryimage\"},\"thumbnailUrl\":\"https:\/\/karaki.com\/wp-content\/uploads\/2025\/06\/dofry22_image_compressed.jpg\",\"datePublished\":\"2025-06-02T16:55:43+00:00\",\"dateModified\":\"2025-07-23T11:32:37+00:00\",\"breadcrumb\":{\"@id\":\"https:\/\/karaki.com\/product\/dofry-22-semi-automatic-doughnut-fryer\/#breadcrumb\"},\"inLanguage\":\"tr\",\"potentialAction\":[{\"@type\":\"ReadAction\",\"target\":[\"https:\/\/karaki.com\/product\/dofry-22-semi-automatic-doughnut-fryer\/\"]}]},{\"@type\":\"ImageObject\",\"inLanguage\":\"tr\",\"@id\":\"https:\/\/karaki.com\/product\/dofry-22-semi-automatic-doughnut-fryer\/#primaryimage\",\"url\":\"https:\/\/karaki.com\/wp-content\/uploads\/2025\/06\/dofry22_image_compressed.jpg\",\"contentUrl\":\"https:\/\/karaki.com\/wp-content\/uploads\/2025\/06\/dofry22_image_compressed.jpg\",\"width\":1654,\"height\":2339,\"caption\":\"Bakery equipment lebanon\"},{\"@type\":\"BreadcrumbList\",\"@id\":\"https:\/\/karaki.com\/product\/dofry-22-semi-automatic-doughnut-fryer\/#breadcrumb\",\"itemListElement\":[{\"@type\":\"ListItem\",\"position\":1,\"name\":\"Home\",\"item\":\"https:\/\/karaki.com\/\"},{\"@type\":\"ListItem\",\"position\":2,\"name\":\"Products\",\"item\":\"https:\/\/karaki.com\/shop\/\"},{\"@type\":\"ListItem\",\"position\":3,\"name\":\"Dofry 22 Semi Automatic Doughnut Fryer\"}]},{\"@type\":\"WebSite\",\"@id\":\"https:\/\/karaki.com\/#website\",\"url\":\"https:\/\/karaki.com\/\",\"name\":\"Karaki\",\"description\":\"For Industry And Trading SARL\",\"publisher\":{\"@id\":\"https:\/\/karaki.com\/#organization\"},\"alternateName\":\"Bakery Equipment Lebanon\",\"potentialAction\":[{\"@type\":\"SearchAction\",\"target\":{\"@type\":\"EntryPoint\",\"urlTemplate\":\"https:\/\/karaki.com\/?s={search_term_string}\"},\"query-input\":{\"@type\":\"PropertyValueSpecification\",\"valueRequired\":true,\"valueName\":\"search_term_string\"}}],\"inLanguage\":\"tr\"},{\"@type\":\"Organization\",\"@id\":\"https:\/\/karaki.com\/#organization\",\"name\":\"Karaki\",\"url\":\"https:\/\/karaki.com\/\",\"logo\":{\"@type\":\"ImageObject\",\"inLanguage\":\"tr\",\"@id\":\"https:\/\/karaki.com\/#\/schema\/logo\/image\/\",\"url\":\"https:\/\/karaki.com\/wp-content\/uploads\/2025\/05\/cropped-White-and-Pastel-Colors-Minimalist-Illustrated-Cleaning-Service-Logo-1-e1747858335656.png\",\"contentUrl\":\"https:\/\/karaki.com\/wp-content\/uploads\/2025\/05\/cropped-White-and-Pastel-Colors-Minimalist-Illustrated-Cleaning-Service-Logo-1-e1747858335656.png\",\"width\":448,\"height\":189,\"caption\":\"Karaki\"},\"image\":{\"@id\":\"https:\/\/karaki.com\/#\/schema\/logo\/image\/\"}}]}<\/script>\n<!-- \/ Yoast SEO Premium plugin. -->","yoast_head_json":{"title":"Dofry 22 Semi Automatic Doughnut Fryer","robots":{"index":"index","follow":"follow","max-snippet":"max-snippet:-1","max-image-preview":"max-image-preview:large","max-video-preview":"max-video-preview:-1"},"canonical":"https:\/\/karaki.com\/tr\/product\/dofry-22-semi-automatic-doughnut-fryer\/","og_locale":"tr_TR","og_type":"article","og_title":"Dofry 22 Semi Automatic Doughnut Fryer","og_description":"A semi-automatic doughnut fryer made from food-grade stainless steel, designed to fry both small and large doughnuts efficiently, with simple controls for turning, lifting, and unloading.","og_url":"https:\/\/karaki.com\/tr\/product\/dofry-22-semi-automatic-doughnut-fryer\/","og_site_name":"Karaki","article_modified_time":"2025-07-23T11:32:37+00:00","og_image":[{"width":1654,"height":2339,"url":"https:\/\/karaki.com\/wp-content\/uploads\/2025\/06\/dofry22_image_compressed.jpg","type":"image\/jpeg"}],"twitter_card":"summary_large_image","twitter_misc":{"Est. reading time":"1 dakika"},"schema":{"@context":"https:\/\/schema.org","@graph":[{"@type":"WebPage","@id":"https:\/\/karaki.com\/product\/dofry-22-semi-automatic-doughnut-fryer\/","url":"https:\/\/karaki.com\/product\/dofry-22-semi-automatic-doughnut-fryer\/","name":"Dofry 22 Semi Automatic Doughnut Fryer","isPartOf":{"@id":"https:\/\/karaki.com\/#website"},"primaryImageOfPage":{"@id":"https:\/\/karaki.com\/product\/dofry-22-semi-automatic-doughnut-fryer\/#primaryimage"},"image":{"@id":"https:\/\/karaki.com\/product\/dofry-22-semi-automatic-doughnut-fryer\/#primaryimage"},"thumbnailUrl":"https:\/\/karaki.com\/wp-content\/uploads\/2025\/06\/dofry22_image_compressed.jpg","datePublished":"2025-06-02T16:55:43+00:00","dateModified":"2025-07-23T11:32:37+00:00","breadcrumb":{"@id":"https:\/\/karaki.com\/product\/dofry-22-semi-automatic-doughnut-fryer\/#breadcrumb"},"inLanguage":"tr","potentialAction":[{"@type":"ReadAction","target":["https:\/\/karaki.com\/product\/dofry-22-semi-automatic-doughnut-fryer\/"]}]},{"@type":"ImageObject","inLanguage":"tr","@id":"https:\/\/karaki.com\/product\/dofry-22-semi-automatic-doughnut-fryer\/#primaryimage","url":"https:\/\/karaki.com\/wp-content\/uploads\/2025\/06\/dofry22_image_compressed.jpg","contentUrl":"https:\/\/karaki.com\/wp-content\/uploads\/2025\/06\/dofry22_image_compressed.jpg","width":1654,"height":2339,"caption":"Bakery equipment lebanon"},{"@type":"BreadcrumbList","@id":"https:\/\/karaki.com\/product\/dofry-22-semi-automatic-doughnut-fryer\/#breadcrumb","itemListElement":[{"@type":"ListItem","position":1,"name":"Home","item":"https:\/\/karaki.com\/"},{"@type":"ListItem","position":2,"name":"Products","item":"https:\/\/karaki.com\/shop\/"},{"@type":"ListItem","position":3,"name":"Dofry 22 Semi Automatic Doughnut Fryer"}]},{"@type":"WebSite","@id":"https:\/\/karaki.com\/#website","url":"https:\/\/karaki.com\/","name":"Karaki","description":"For Industry And Trading SARL","publisher":{"@id":"https:\/\/karaki.com\/#organization"},"alternateName":"Bakery Equipment Lebanon","potentialAction":[{"@type":"SearchAction","target":{"@type":"EntryPoint","urlTemplate":"https:\/\/karaki.com\/?s={search_term_string}"},"query-input":{"@type":"PropertyValueSpecification","valueRequired":true,"valueName":"search_term_string"}}],"inLanguage":"tr"},{"@type":"Organization","@id":"https:\/\/karaki.com\/#organization","name":"Karaki","url":"https:\/\/karaki.com\/","logo":{"@type":"ImageObject","inLanguage":"tr","@id":"https:\/\/karaki.com\/#\/schema\/logo\/image\/","url":"https:\/\/karaki.com\/wp-content\/uploads\/2025\/05\/cropped-White-and-Pastel-Colors-Minimalist-Illustrated-Cleaning-Service-Logo-1-e1747858335656.png","contentUrl":"https:\/\/karaki.com\/wp-content\/uploads\/2025\/05\/cropped-White-and-Pastel-Colors-Minimalist-Illustrated-Cleaning-Service-Logo-1-e1747858335656.png","width":448,"height":189,"caption":"Karaki"},"image":{"@id":"https:\/\/karaki.com\/#\/schema\/logo\/image\/"}}]}},"_links":{"self":[{"href":"https:\/\/karaki.com\/tr\/wp-json\/wp\/v2\/product\/17883","targetHints":{"allow":["GET"]}}],"collection":[{"href":"https:\/\/karaki.com\/tr\/wp-json\/wp\/v2\/product"}],"about":[{"href":"https:\/\/karaki.com\/tr\/wp-json\/wp\/v2\/types\/product"}],"wp:featuredmedia":[{"embeddable":true,"href":"https:\/\/karaki.com\/tr\/wp-json\/wp\/v2\/media\/17886"}],"wp:attachment":[{"href":"https:\/\/karaki.com\/tr\/wp-json\/wp\/v2\/media?parent=17883"}],"wp:term":[{"taxonomy":"product_brand","embeddable":true,"href":"https:\/\/karaki.com\/tr\/wp-json\/wp\/v2\/product_brand?post=17883"},{"taxonomy":"product_cat","embeddable":true,"href":"https:\/\/karaki.com\/tr\/wp-json\/wp\/v2\/product_cat?post=17883"},{"taxonomy":"product_tag","embeddable":true,"href":"https:\/\/karaki.com\/tr\/wp-json\/wp\/v2\/product_tag?post=17883"}],"curies":[{"name":"wp","href":"https:\/\/api.w.org\/{rel}","templated":true}]}}