{"id":17912,"date":"2025-06-02T17:52:31","date_gmt":"2025-06-02T17:52:31","guid":{"rendered":"https:\/\/karaki.com\/?post_type=product&#038;p=17912"},"modified":"2025-06-02T17:58:44","modified_gmt":"2025-06-02T17:58:44","slug":"toast-moulds","status":"publish","type":"product","link":"https:\/\/karaki.com\/tr\/product\/toast-moulds\/","title":{"rendered":"Tost Kal\u0131plar\u0131"},"content":{"rendered":"<p class=\"ai-optimize-47 ai-optimize-introduction\" data-start=\"267\" data-end=\"856\">Tost kal\u0131plar\u0131m\u0131z, \u0131s\u0131ya ve korozyona kar\u015f\u0131 ola\u011fan\u00fcst\u00fc diren\u00e7 sunan y\u00fcksek kaliteli al\u00fcminize \u00e7elikten \u00fcretilmi\u015ftir. \u0130ki konfig\u00fcrasyonda mevcuttur: be\u015f adede kadar kal\u0131b\u0131 bir arada tutan k\u00fcmelenmi\u015f \u00fcniteler ve esnek, yerden tasarruf sa\u011flayan kullan\u0131m i\u00e7in tekli kal\u0131plar. Her versiyon, pi\u015firme s\u0131ras\u0131nda buhar\u0131 hapseden ve m\u00fckemmel \u015fekilde k\u0131zarm\u0131\u015f, e\u015fit pi\u015fmi\u015f tost dilimleri elde edilmesini sa\u011flayan \u00e7\u0131kar\u0131labilir bir kapak i\u00e7erir. Dayan\u0131kl\u0131l\u0131k i\u00e7in tasarlanan bu kal\u0131plar, y\u00fcksek s\u0131cakl\u0131klarda ve d\u00fczenli kullan\u0131mda \u015feklini korur, bu da onlar\u0131 f\u0131r\u0131nlar ve profesyonel mutfaklar i\u00e7in ideal hale getirir.<\/p>\n<p data-start=\"929\" data-end=\"948\">","protected":false},"excerpt":{"rendered":"<h4 data-start=\"83\" data-end=\"265\">Dayan\u0131kl\u0131 al\u00fcminize \u00e7elik tost kal\u0131plar\u0131, m\u00fckemmel k\u0131zarma ve homojen sonu\u00e7lar i\u00e7in buhar tutucu kapaklarla k\u00fcmelenmi\u015f veya ayr\u0131 konfig\u00fcrasyonlarda mevcuttur.<\/h4>\n<h4 data-start=\"281\" data-end=\"983\"><\/h4>\n<h4 data-start=\"255\" data-end=\"927\"><\/h4>","protected":false},"featured_media":17913,"template":"","meta":[],"product_brand":[],"product_cat":[58,87,88],"product_tag":[],"class_list":{"0":"post-17912","1":"product","2":"type-product","3":"status-publish","4":"has-post-thumbnail","6":"product_cat-bakery-equipment","7":"product_cat-moulds","8":"product_cat-toast","10":"first","11":"instock","12":"shipping-taxable","13":"product-type-simple"},"yoast_head":"<!-- This site is optimized with the Yoast SEO Premium plugin v25.2 (Yoast SEO v25.2) - https:\/\/yoast.com\/wordpress\/plugins\/seo\/ -->\n<title>Toast Moulds<\/title>\n<meta name=\"robots\" content=\"index, follow, max-snippet:-1, max-image-preview:large, max-video-preview:-1\" \/>\n<link rel=\"canonical\" href=\"https:\/\/karaki.com\/tr\/product\/toast-moulds\/\" \/>\n<meta property=\"og:locale\" content=\"tr_TR\" \/>\n<meta property=\"og:type\" content=\"article\" \/>\n<meta property=\"og:title\" content=\"Toast Moulds\" \/>\n<meta property=\"og:description\" content=\"Durable aluminized steel toast moulds available in clustered or individual configurations, with steam-trapping lids for perfect browning and uniform results.\" \/>\n<meta property=\"og:url\" content=\"https:\/\/karaki.com\/tr\/product\/toast-moulds\/\" \/>\n<meta property=\"og:site_name\" content=\"Karaki\" \/>\n<meta property=\"article:modified_time\" content=\"2025-06-02T17:58:44+00:00\" \/>\n<meta property=\"og:image\" content=\"https:\/\/karaki.com\/wp-content\/uploads\/2025\/06\/Toast-Mould-Cluster.jpeg\" \/>\n\t<meta property=\"og:image:width\" content=\"1024\" \/>\n\t<meta property=\"og:image:height\" content=\"768\" \/>\n\t<meta property=\"og:image:type\" content=\"image\/jpeg\" \/>\n<meta name=\"twitter:card\" content=\"summary_large_image\" \/>\n<meta name=\"twitter:label1\" content=\"Est. reading time\" \/>\n\t<meta name=\"twitter:data1\" content=\"1 dakika\" \/>\n<script type=\"application\/ld+json\" class=\"yoast-schema-graph\">{\"@context\":\"https:\/\/schema.org\",\"@graph\":[{\"@type\":\"WebPage\",\"@id\":\"https:\/\/karaki.com\/product\/toast-moulds\/\",\"url\":\"https:\/\/karaki.com\/product\/toast-moulds\/\",\"name\":\"Toast Moulds\",\"isPartOf\":{\"@id\":\"https:\/\/karaki.com\/#website\"},\"primaryImageOfPage\":{\"@id\":\"https:\/\/karaki.com\/product\/toast-moulds\/#primaryimage\"},\"image\":{\"@id\":\"https:\/\/karaki.com\/product\/toast-moulds\/#primaryimage\"},\"thumbnailUrl\":\"https:\/\/karaki.com\/wp-content\/uploads\/2025\/06\/Toast-Mould-Cluster.jpeg\",\"datePublished\":\"2025-06-02T17:52:31+00:00\",\"dateModified\":\"2025-06-02T17:58:44+00:00\",\"breadcrumb\":{\"@id\":\"https:\/\/karaki.com\/product\/toast-moulds\/#breadcrumb\"},\"inLanguage\":\"tr\",\"potentialAction\":[{\"@type\":\"ReadAction\",\"target\":[\"https:\/\/karaki.com\/product\/toast-moulds\/\"]}]},{\"@type\":\"ImageObject\",\"inLanguage\":\"tr\",\"@id\":\"https:\/\/karaki.com\/product\/toast-moulds\/#primaryimage\",\"url\":\"https:\/\/karaki.com\/wp-content\/uploads\/2025\/06\/Toast-Mould-Cluster.jpeg\",\"contentUrl\":\"https:\/\/karaki.com\/wp-content\/uploads\/2025\/06\/Toast-Mould-Cluster.jpeg\",\"width\":1024,\"height\":768},{\"@type\":\"BreadcrumbList\",\"@id\":\"https:\/\/karaki.com\/product\/toast-moulds\/#breadcrumb\",\"itemListElement\":[{\"@type\":\"ListItem\",\"position\":1,\"name\":\"Home\",\"item\":\"https:\/\/karaki.com\/\"},{\"@type\":\"ListItem\",\"position\":2,\"name\":\"Products\",\"item\":\"https:\/\/karaki.com\/shop\/\"},{\"@type\":\"ListItem\",\"position\":3,\"name\":\"Toast Moulds\"}]},{\"@type\":\"WebSite\",\"@id\":\"https:\/\/karaki.com\/#website\",\"url\":\"https:\/\/karaki.com\/\",\"name\":\"Karaki\",\"description\":\"For Industry And Trading SARL\",\"publisher\":{\"@id\":\"https:\/\/karaki.com\/#organization\"},\"alternateName\":\"Bakery Equipment Lebanon\",\"potentialAction\":[{\"@type\":\"SearchAction\",\"target\":{\"@type\":\"EntryPoint\",\"urlTemplate\":\"https:\/\/karaki.com\/?s={search_term_string}\"},\"query-input\":{\"@type\":\"PropertyValueSpecification\",\"valueRequired\":true,\"valueName\":\"search_term_string\"}}],\"inLanguage\":\"tr\"},{\"@type\":\"Organization\",\"@id\":\"https:\/\/karaki.com\/#organization\",\"name\":\"Karaki\",\"url\":\"https:\/\/karaki.com\/\",\"logo\":{\"@type\":\"ImageObject\",\"inLanguage\":\"tr\",\"@id\":\"https:\/\/karaki.com\/#\/schema\/logo\/image\/\",\"url\":\"https:\/\/karaki.com\/wp-content\/uploads\/2025\/05\/cropped-White-and-Pastel-Colors-Minimalist-Illustrated-Cleaning-Service-Logo-1-e1747858335656.png\",\"contentUrl\":\"https:\/\/karaki.com\/wp-content\/uploads\/2025\/05\/cropped-White-and-Pastel-Colors-Minimalist-Illustrated-Cleaning-Service-Logo-1-e1747858335656.png\",\"width\":448,\"height\":189,\"caption\":\"Karaki\"},\"image\":{\"@id\":\"https:\/\/karaki.com\/#\/schema\/logo\/image\/\"}}]}<\/script>\n<!-- \/ Yoast SEO Premium plugin. -->","yoast_head_json":{"title":"Toast Moulds","robots":{"index":"index","follow":"follow","max-snippet":"max-snippet:-1","max-image-preview":"max-image-preview:large","max-video-preview":"max-video-preview:-1"},"canonical":"https:\/\/karaki.com\/tr\/product\/toast-moulds\/","og_locale":"tr_TR","og_type":"article","og_title":"Toast Moulds","og_description":"Durable aluminized steel toast moulds available in clustered or individual configurations, with steam-trapping lids for perfect browning and uniform results.","og_url":"https:\/\/karaki.com\/tr\/product\/toast-moulds\/","og_site_name":"Karaki","article_modified_time":"2025-06-02T17:58:44+00:00","og_image":[{"width":1024,"height":768,"url":"https:\/\/karaki.com\/wp-content\/uploads\/2025\/06\/Toast-Mould-Cluster.jpeg","type":"image\/jpeg"}],"twitter_card":"summary_large_image","twitter_misc":{"Est. reading time":"1 dakika"},"schema":{"@context":"https:\/\/schema.org","@graph":[{"@type":"WebPage","@id":"https:\/\/karaki.com\/product\/toast-moulds\/","url":"https:\/\/karaki.com\/product\/toast-moulds\/","name":"Toast Moulds","isPartOf":{"@id":"https:\/\/karaki.com\/#website"},"primaryImageOfPage":{"@id":"https:\/\/karaki.com\/product\/toast-moulds\/#primaryimage"},"image":{"@id":"https:\/\/karaki.com\/product\/toast-moulds\/#primaryimage"},"thumbnailUrl":"https:\/\/karaki.com\/wp-content\/uploads\/2025\/06\/Toast-Mould-Cluster.jpeg","datePublished":"2025-06-02T17:52:31+00:00","dateModified":"2025-06-02T17:58:44+00:00","breadcrumb":{"@id":"https:\/\/karaki.com\/product\/toast-moulds\/#breadcrumb"},"inLanguage":"tr","potentialAction":[{"@type":"ReadAction","target":["https:\/\/karaki.com\/product\/toast-moulds\/"]}]},{"@type":"ImageObject","inLanguage":"tr","@id":"https:\/\/karaki.com\/product\/toast-moulds\/#primaryimage","url":"https:\/\/karaki.com\/wp-content\/uploads\/2025\/06\/Toast-Mould-Cluster.jpeg","contentUrl":"https:\/\/karaki.com\/wp-content\/uploads\/2025\/06\/Toast-Mould-Cluster.jpeg","width":1024,"height":768},{"@type":"BreadcrumbList","@id":"https:\/\/karaki.com\/product\/toast-moulds\/#breadcrumb","itemListElement":[{"@type":"ListItem","position":1,"name":"Home","item":"https:\/\/karaki.com\/"},{"@type":"ListItem","position":2,"name":"Products","item":"https:\/\/karaki.com\/shop\/"},{"@type":"ListItem","position":3,"name":"Toast Moulds"}]},{"@type":"WebSite","@id":"https:\/\/karaki.com\/#website","url":"https:\/\/karaki.com\/","name":"Karaki","description":"For Industry And Trading SARL","publisher":{"@id":"https:\/\/karaki.com\/#organization"},"alternateName":"Bakery Equipment Lebanon","potentialAction":[{"@type":"SearchAction","target":{"@type":"EntryPoint","urlTemplate":"https:\/\/karaki.com\/?s={search_term_string}"},"query-input":{"@type":"PropertyValueSpecification","valueRequired":true,"valueName":"search_term_string"}}],"inLanguage":"tr"},{"@type":"Organization","@id":"https:\/\/karaki.com\/#organization","name":"Karaki","url":"https:\/\/karaki.com\/","logo":{"@type":"ImageObject","inLanguage":"tr","@id":"https:\/\/karaki.com\/#\/schema\/logo\/image\/","url":"https:\/\/karaki.com\/wp-content\/uploads\/2025\/05\/cropped-White-and-Pastel-Colors-Minimalist-Illustrated-Cleaning-Service-Logo-1-e1747858335656.png","contentUrl":"https:\/\/karaki.com\/wp-content\/uploads\/2025\/05\/cropped-White-and-Pastel-Colors-Minimalist-Illustrated-Cleaning-Service-Logo-1-e1747858335656.png","width":448,"height":189,"caption":"Karaki"},"image":{"@id":"https:\/\/karaki.com\/#\/schema\/logo\/image\/"}}]}},"_links":{"self":[{"href":"https:\/\/karaki.com\/tr\/wp-json\/wp\/v2\/product\/17912","targetHints":{"allow":["GET"]}}],"collection":[{"href":"https:\/\/karaki.com\/tr\/wp-json\/wp\/v2\/product"}],"about":[{"href":"https:\/\/karaki.com\/tr\/wp-json\/wp\/v2\/types\/product"}],"wp:featuredmedia":[{"embeddable":true,"href":"https:\/\/karaki.com\/tr\/wp-json\/wp\/v2\/media\/17913"}],"wp:attachment":[{"href":"https:\/\/karaki.com\/tr\/wp-json\/wp\/v2\/media?parent=17912"}],"wp:term":[{"taxonomy":"product_brand","embeddable":true,"href":"https:\/\/karaki.com\/tr\/wp-json\/wp\/v2\/product_brand?post=17912"},{"taxonomy":"product_cat","embeddable":true,"href":"https:\/\/karaki.com\/tr\/wp-json\/wp\/v2\/product_cat?post=17912"},{"taxonomy":"product_tag","embeddable":true,"href":"https:\/\/karaki.com\/tr\/wp-json\/wp\/v2\/product_tag?post=17912"}],"curies":[{"name":"wp","href":"https:\/\/api.w.org\/{rel}","templated":true}]}}