{"id":17920,"date":"2025-06-02T18:02:42","date_gmt":"2025-06-02T18:02:42","guid":{"rendered":"https:\/\/karaki.com\/?post_type=product&#038;p=17920"},"modified":"2025-06-20T11:28:05","modified_gmt":"2025-06-20T11:28:05","slug":"oven-racks","status":"publish","type":"product","link":"https:\/\/karaki.com\/tr\/product\/oven-racks\/","title":{"rendered":"F\u0131r\u0131n Raflar\u0131"},"content":{"rendered":"<p class=\"ai-optimize-32 ai-optimize-introduction\" data-start=\"284\" data-end=\"1057\">F\u0131r\u0131n raflar\u0131m\u0131z y\u00fcksek kaliteli g\u0131da s\u0131n\u0131f\u0131 paslanmaz \u00e7elikten \u00fcretilmi\u015ftir ve nakliye ve depolama i\u00e7in esneklik sa\u011flayan hem monte edilmi\u015f hem de demonte formatlarda mevcuttur. D\u00f6ner f\u0131r\u0131nlarla uyumluluk i\u00e7in tasarlanan bu raflar, a\u011f\u0131r y\u00fckleri ve ticari pi\u015firme ortamlar\u0131nda s\u0131k kullan\u0131m\u0131 destekler. Tepsileri g\u00fcvenli bir \u015fekilde tutan, e\u015fit \u0131s\u0131 da\u011f\u0131l\u0131m\u0131 ve tutarl\u0131 sonu\u00e7lar sa\u011flayan hassas tasar\u0131ml\u0131 raflara sahiptirler. \u00c7e\u015fitli boyutlarda ve raf konfig\u00fcrasyonlar\u0131nda mevcut olan bu raflar, f\u0131r\u0131n alan\u0131 kullan\u0131m\u0131n\u0131 en \u00fcst d\u00fczeye \u00e7\u0131kar\u0131r ve kolay temizlenir. Tekerleklerle donat\u0131ld\u0131klar\u0131ndan \u00e7al\u0131\u015fma alan\u0131n\u0131zda hareket ettirilmeleri de kolayd\u0131r. Her f\u0131r\u0131n i\u00e7in uzun vadeli ak\u0131ll\u0131 bir yat\u0131r\u0131m olan bu f\u0131r\u0131nlar end\u00fcstri standartlar\u0131na uygundur ve \u00f6zel ihtiya\u00e7lara g\u00f6re uyarlanabilir.<\/p>\n<p data-start=\"929\" data-end=\"948\">","protected":false},"excerpt":{"rendered":"<h4 data-start=\"81\" data-end=\"282\">\u00d6zelle\u015ftirilebilir konfig\u00fcrasyonlara ve tekerleklere sahip dayan\u0131kl\u0131 g\u0131da s\u0131n\u0131f\u0131 paslanmaz \u00e7elik raflar, d\u00f6ner f\u0131r\u0131nlarla sorunsuz uyumluluk i\u00e7in tasarlanm\u0131\u015ft\u0131r.<\/h4>\n<h4 data-start=\"81\" data-end=\"282\">Esnek teslimat ve kurulum i\u00e7in hem montajl\u0131 hem de demonte se\u00e7enekleri mevcuttur.<\/h4>","protected":false},"featured_media":17921,"template":"","meta":[],"product_brand":[],"product_cat":[58,78,79],"product_tag":[],"class_list":{"0":"post-17920","1":"product","2":"type-product","3":"status-publish","4":"has-post-thumbnail","6":"product_cat-bakery-equipment","7":"product_cat-oven-display-racks","8":"product_cat-oven-racks","10":"first","11":"instock","12":"shipping-taxable","13":"product-type-simple"},"yoast_head":"<!-- This site is optimized with the Yoast SEO Premium plugin v25.2 (Yoast SEO v25.2) - https:\/\/yoast.com\/wordpress\/plugins\/seo\/ -->\n<title>Oven Racks<\/title>\n<meta name=\"robots\" content=\"index, follow, max-snippet:-1, max-image-preview:large, max-video-preview:-1\" \/>\n<link rel=\"canonical\" href=\"https:\/\/karaki.com\/tr\/product\/oven-racks\/\" \/>\n<meta property=\"og:locale\" content=\"tr_TR\" \/>\n<meta property=\"og:type\" content=\"article\" \/>\n<meta property=\"og:title\" content=\"Oven Racks\" \/>\n<meta property=\"og:description\" content=\"Durable food-grade stainless steel racks with customizable configurations and castor wheels, designed for seamless compatibility with rotary ovens. Available in both assembled and disassembled options for flexible delivery and installation.\" \/>\n<meta property=\"og:url\" content=\"https:\/\/karaki.com\/tr\/product\/oven-racks\/\" \/>\n<meta property=\"og:site_name\" content=\"Karaki\" \/>\n<meta property=\"article:modified_time\" content=\"2025-06-20T11:28:05+00:00\" \/>\n<meta property=\"og:image\" content=\"https:\/\/karaki.com\/wp-content\/uploads\/2025\/06\/WhatsApp-Image-2023-07-25-at-8.48.39-AM.jpeg\" \/>\n\t<meta property=\"og:image:width\" content=\"768\" \/>\n\t<meta property=\"og:image:height\" content=\"1024\" \/>\n\t<meta property=\"og:image:type\" content=\"image\/jpeg\" \/>\n<meta name=\"twitter:card\" content=\"summary_large_image\" \/>\n<meta name=\"twitter:label1\" content=\"Est. reading time\" \/>\n\t<meta name=\"twitter:data1\" content=\"1 dakika\" \/>\n<script type=\"application\/ld+json\" class=\"yoast-schema-graph\">{\"@context\":\"https:\/\/schema.org\",\"@graph\":[{\"@type\":\"WebPage\",\"@id\":\"https:\/\/karaki.com\/product\/oven-racks\/\",\"url\":\"https:\/\/karaki.com\/product\/oven-racks\/\",\"name\":\"Oven Racks\",\"isPartOf\":{\"@id\":\"https:\/\/karaki.com\/#website\"},\"primaryImageOfPage\":{\"@id\":\"https:\/\/karaki.com\/product\/oven-racks\/#primaryimage\"},\"image\":{\"@id\":\"https:\/\/karaki.com\/product\/oven-racks\/#primaryimage\"},\"thumbnailUrl\":\"https:\/\/karaki.com\/wp-content\/uploads\/2025\/06\/WhatsApp-Image-2023-07-25-at-8.48.39-AM.jpeg\",\"datePublished\":\"2025-06-02T18:02:42+00:00\",\"dateModified\":\"2025-06-20T11:28:05+00:00\",\"breadcrumb\":{\"@id\":\"https:\/\/karaki.com\/product\/oven-racks\/#breadcrumb\"},\"inLanguage\":\"tr\",\"potentialAction\":[{\"@type\":\"ReadAction\",\"target\":[\"https:\/\/karaki.com\/product\/oven-racks\/\"]}]},{\"@type\":\"ImageObject\",\"inLanguage\":\"tr\",\"@id\":\"https:\/\/karaki.com\/product\/oven-racks\/#primaryimage\",\"url\":\"https:\/\/karaki.com\/wp-content\/uploads\/2025\/06\/WhatsApp-Image-2023-07-25-at-8.48.39-AM.jpeg\",\"contentUrl\":\"https:\/\/karaki.com\/wp-content\/uploads\/2025\/06\/WhatsApp-Image-2023-07-25-at-8.48.39-AM.jpeg\",\"width\":768,\"height\":1024},{\"@type\":\"BreadcrumbList\",\"@id\":\"https:\/\/karaki.com\/product\/oven-racks\/#breadcrumb\",\"itemListElement\":[{\"@type\":\"ListItem\",\"position\":1,\"name\":\"Home\",\"item\":\"https:\/\/karaki.com\/\"},{\"@type\":\"ListItem\",\"position\":2,\"name\":\"Products\",\"item\":\"https:\/\/karaki.com\/shop\/\"},{\"@type\":\"ListItem\",\"position\":3,\"name\":\"Oven Racks\"}]},{\"@type\":\"WebSite\",\"@id\":\"https:\/\/karaki.com\/#website\",\"url\":\"https:\/\/karaki.com\/\",\"name\":\"Karaki\",\"description\":\"For Industry And Trading SARL\",\"publisher\":{\"@id\":\"https:\/\/karaki.com\/#organization\"},\"alternateName\":\"Bakery Equipment Lebanon\",\"potentialAction\":[{\"@type\":\"SearchAction\",\"target\":{\"@type\":\"EntryPoint\",\"urlTemplate\":\"https:\/\/karaki.com\/?s={search_term_string}\"},\"query-input\":{\"@type\":\"PropertyValueSpecification\",\"valueRequired\":true,\"valueName\":\"search_term_string\"}}],\"inLanguage\":\"tr\"},{\"@type\":\"Organization\",\"@id\":\"https:\/\/karaki.com\/#organization\",\"name\":\"Karaki\",\"url\":\"https:\/\/karaki.com\/\",\"logo\":{\"@type\":\"ImageObject\",\"inLanguage\":\"tr\",\"@id\":\"https:\/\/karaki.com\/#\/schema\/logo\/image\/\",\"url\":\"https:\/\/karaki.com\/wp-content\/uploads\/2025\/05\/cropped-White-and-Pastel-Colors-Minimalist-Illustrated-Cleaning-Service-Logo-1-e1747858335656.png\",\"contentUrl\":\"https:\/\/karaki.com\/wp-content\/uploads\/2025\/05\/cropped-White-and-Pastel-Colors-Minimalist-Illustrated-Cleaning-Service-Logo-1-e1747858335656.png\",\"width\":448,\"height\":189,\"caption\":\"Karaki\"},\"image\":{\"@id\":\"https:\/\/karaki.com\/#\/schema\/logo\/image\/\"}}]}<\/script>\n<!-- \/ Yoast SEO Premium plugin. -->","yoast_head_json":{"title":"Oven Racks","robots":{"index":"index","follow":"follow","max-snippet":"max-snippet:-1","max-image-preview":"max-image-preview:large","max-video-preview":"max-video-preview:-1"},"canonical":"https:\/\/karaki.com\/tr\/product\/oven-racks\/","og_locale":"tr_TR","og_type":"article","og_title":"Oven Racks","og_description":"Durable food-grade stainless steel racks with customizable configurations and castor wheels, designed for seamless compatibility with rotary ovens. Available in both assembled and disassembled options for flexible delivery and installation.","og_url":"https:\/\/karaki.com\/tr\/product\/oven-racks\/","og_site_name":"Karaki","article_modified_time":"2025-06-20T11:28:05+00:00","og_image":[{"width":768,"height":1024,"url":"https:\/\/karaki.com\/wp-content\/uploads\/2025\/06\/WhatsApp-Image-2023-07-25-at-8.48.39-AM.jpeg","type":"image\/jpeg"}],"twitter_card":"summary_large_image","twitter_misc":{"Est. reading time":"1 dakika"},"schema":{"@context":"https:\/\/schema.org","@graph":[{"@type":"WebPage","@id":"https:\/\/karaki.com\/product\/oven-racks\/","url":"https:\/\/karaki.com\/product\/oven-racks\/","name":"Oven Racks","isPartOf":{"@id":"https:\/\/karaki.com\/#website"},"primaryImageOfPage":{"@id":"https:\/\/karaki.com\/product\/oven-racks\/#primaryimage"},"image":{"@id":"https:\/\/karaki.com\/product\/oven-racks\/#primaryimage"},"thumbnailUrl":"https:\/\/karaki.com\/wp-content\/uploads\/2025\/06\/WhatsApp-Image-2023-07-25-at-8.48.39-AM.jpeg","datePublished":"2025-06-02T18:02:42+00:00","dateModified":"2025-06-20T11:28:05+00:00","breadcrumb":{"@id":"https:\/\/karaki.com\/product\/oven-racks\/#breadcrumb"},"inLanguage":"tr","potentialAction":[{"@type":"ReadAction","target":["https:\/\/karaki.com\/product\/oven-racks\/"]}]},{"@type":"ImageObject","inLanguage":"tr","@id":"https:\/\/karaki.com\/product\/oven-racks\/#primaryimage","url":"https:\/\/karaki.com\/wp-content\/uploads\/2025\/06\/WhatsApp-Image-2023-07-25-at-8.48.39-AM.jpeg","contentUrl":"https:\/\/karaki.com\/wp-content\/uploads\/2025\/06\/WhatsApp-Image-2023-07-25-at-8.48.39-AM.jpeg","width":768,"height":1024},{"@type":"BreadcrumbList","@id":"https:\/\/karaki.com\/product\/oven-racks\/#breadcrumb","itemListElement":[{"@type":"ListItem","position":1,"name":"Home","item":"https:\/\/karaki.com\/"},{"@type":"ListItem","position":2,"name":"Products","item":"https:\/\/karaki.com\/shop\/"},{"@type":"ListItem","position":3,"name":"Oven Racks"}]},{"@type":"WebSite","@id":"https:\/\/karaki.com\/#website","url":"https:\/\/karaki.com\/","name":"Karaki","description":"For Industry And Trading SARL","publisher":{"@id":"https:\/\/karaki.com\/#organization"},"alternateName":"Bakery Equipment Lebanon","potentialAction":[{"@type":"SearchAction","target":{"@type":"EntryPoint","urlTemplate":"https:\/\/karaki.com\/?s={search_term_string}"},"query-input":{"@type":"PropertyValueSpecification","valueRequired":true,"valueName":"search_term_string"}}],"inLanguage":"tr"},{"@type":"Organization","@id":"https:\/\/karaki.com\/#organization","name":"Karaki","url":"https:\/\/karaki.com\/","logo":{"@type":"ImageObject","inLanguage":"tr","@id":"https:\/\/karaki.com\/#\/schema\/logo\/image\/","url":"https:\/\/karaki.com\/wp-content\/uploads\/2025\/05\/cropped-White-and-Pastel-Colors-Minimalist-Illustrated-Cleaning-Service-Logo-1-e1747858335656.png","contentUrl":"https:\/\/karaki.com\/wp-content\/uploads\/2025\/05\/cropped-White-and-Pastel-Colors-Minimalist-Illustrated-Cleaning-Service-Logo-1-e1747858335656.png","width":448,"height":189,"caption":"Karaki"},"image":{"@id":"https:\/\/karaki.com\/#\/schema\/logo\/image\/"}}]}},"_links":{"self":[{"href":"https:\/\/karaki.com\/tr\/wp-json\/wp\/v2\/product\/17920","targetHints":{"allow":["GET"]}}],"collection":[{"href":"https:\/\/karaki.com\/tr\/wp-json\/wp\/v2\/product"}],"about":[{"href":"https:\/\/karaki.com\/tr\/wp-json\/wp\/v2\/types\/product"}],"wp:featuredmedia":[{"embeddable":true,"href":"https:\/\/karaki.com\/tr\/wp-json\/wp\/v2\/media\/17921"}],"wp:attachment":[{"href":"https:\/\/karaki.com\/tr\/wp-json\/wp\/v2\/media?parent=17920"}],"wp:term":[{"taxonomy":"product_brand","embeddable":true,"href":"https:\/\/karaki.com\/tr\/wp-json\/wp\/v2\/product_brand?post=17920"},{"taxonomy":"product_cat","embeddable":true,"href":"https:\/\/karaki.com\/tr\/wp-json\/wp\/v2\/product_cat?post=17920"},{"taxonomy":"product_tag","embeddable":true,"href":"https:\/\/karaki.com\/tr\/wp-json\/wp\/v2\/product_tag?post=17920"}],"curies":[{"name":"wp","href":"https:\/\/api.w.org\/{rel}","templated":true}]}}