{"id":17932,"date":"2025-06-02T18:30:43","date_gmt":"2025-06-02T18:30:43","guid":{"rendered":"https:\/\/karaki.com\/?post_type=product&#038;p=17932"},"modified":"2025-06-11T11:23:58","modified_gmt":"2025-06-11T11:23:58","slug":"karaki-impressive-oven","status":"publish","type":"product","link":"https:\/\/karaki.com\/tr\/product\/karaki-impressive-oven\/","title":{"rendered":"Karaki ETK\u0130LEY\u0130C\u0130 F\u0131r\u0131n"},"content":{"rendered":"<p class=\"ai-optimize-32 ai-optimize-introduction\" data-start=\"1486\" data-end=\"1964\">IMPRESSIVE f\u0131r\u0131n, verimden \u00f6d\u00fcn vermeden daha k\u00fc\u00e7\u00fck alanlar i\u00e7in \u00fcretilmi\u015f g\u00fcvenilir bir pi\u015firme \u00e7\u00f6z\u00fcm\u00fcd\u00fcr. 600\u00d7800 mm'ye kadar tepsi boyutlar\u0131 i\u00e7in esnek uyumluluk ve 8,64 m\u00b2 pi\u015firme alan\u0131 ile tutarl\u0131 sonu\u00e7lar ve y\u00fcksek enerji verimlili\u011fi sunar. \u0130ster yanmal\u0131, ister elektrikli veya hibrit modeller se\u00e7ilsin, bu f\u0131r\u0131n 130 kg\/saate kadar \u00e7\u0131kt\u0131 ile orta d\u00fczey \u00fcretim talepleri i\u00e7in optimize edilmi\u015ftir - hem performansa hem de kaplad\u0131\u011f\u0131 alana \u00f6ncelik veren f\u0131r\u0131nlar i\u00e7in idealdir.<\/p>\n<p data-start=\"929\" data-end=\"948\">","protected":false},"excerpt":{"rendered":"<h4 data-start=\"1334\" data-end=\"1484\">Kompakt ancak g\u00fc\u00e7l\u00fc d\u00f6ner f\u0131r\u0131n, geli\u015fmi\u015f \u0131s\u0131 verimlili\u011fi ve \u00e7ok y\u00f6nl\u00fc tepsi se\u00e7enekleri ile orta \u00f6l\u00e7ekli operasyonlar i\u00e7in uygundur.<\/h4>\n<h4 data-start=\"1486\" data-end=\"1964\"><\/h4>\n<h4 data-start=\"248\" data-end=\"794\"><\/h4>","protected":false},"featured_media":17983,"template":"","meta":[],"product_brand":[],"product_cat":[58,59,60],"product_tag":[],"class_list":{"0":"post-17932","1":"product","2":"type-product","3":"status-publish","4":"has-post-thumbnail","6":"product_cat-bakery-equipment","7":"product_cat-ovens","8":"product_cat-rotary-ovens","10":"first","11":"instock","12":"shipping-taxable","13":"product-type-simple"},"yoast_head":"<!-- This site is optimized with the Yoast SEO Premium plugin v25.2 (Yoast SEO v25.2) - https:\/\/yoast.com\/wordpress\/plugins\/seo\/ -->\n<title>Karaki IMPRESSIVE Oven<\/title>\n<meta name=\"robots\" content=\"index, follow, max-snippet:-1, max-image-preview:large, max-video-preview:-1\" \/>\n<link rel=\"canonical\" href=\"https:\/\/karaki.com\/tr\/product\/karaki-impressive-oven\/\" \/>\n<meta property=\"og:locale\" content=\"tr_TR\" \/>\n<meta property=\"og:type\" content=\"article\" \/>\n<meta property=\"og:title\" content=\"Karaki IMPRESSIVE Oven\" \/>\n<meta property=\"og:description\" content=\"Compact yet powerful rotary oven, suitable for mid-sized operations with enhanced heat efficiency and versatile tray options.\" \/>\n<meta property=\"og:url\" content=\"https:\/\/karaki.com\/tr\/product\/karaki-impressive-oven\/\" \/>\n<meta property=\"og:site_name\" content=\"Karaki\" \/>\n<meta property=\"article:modified_time\" content=\"2025-06-11T11:23:58+00:00\" \/>\n<meta property=\"og:image\" content=\"https:\/\/karaki.com\/wp-content\/uploads\/2025\/06\/HND-IMP.jpg\" \/>\n\t<meta property=\"og:image:width\" content=\"1280\" \/>\n\t<meta property=\"og:image:height\" content=\"1667\" \/>\n\t<meta property=\"og:image:type\" content=\"image\/jpeg\" \/>\n<meta name=\"twitter:card\" content=\"summary_large_image\" \/>\n<meta name=\"twitter:label1\" content=\"Est. reading time\" \/>\n\t<meta name=\"twitter:data1\" content=\"1 dakika\" \/>\n<script type=\"application\/ld+json\" class=\"yoast-schema-graph\">{\"@context\":\"https:\/\/schema.org\",\"@graph\":[{\"@type\":\"WebPage\",\"@id\":\"https:\/\/karaki.com\/product\/karaki-impressive-oven\/\",\"url\":\"https:\/\/karaki.com\/product\/karaki-impressive-oven\/\",\"name\":\"Karaki IMPRESSIVE Oven\",\"isPartOf\":{\"@id\":\"https:\/\/karaki.com\/#website\"},\"primaryImageOfPage\":{\"@id\":\"https:\/\/karaki.com\/product\/karaki-impressive-oven\/#primaryimage\"},\"image\":{\"@id\":\"https:\/\/karaki.com\/product\/karaki-impressive-oven\/#primaryimage\"},\"thumbnailUrl\":\"https:\/\/karaki.com\/wp-content\/uploads\/2025\/06\/HND-IMP.jpg\",\"datePublished\":\"2025-06-02T18:30:43+00:00\",\"dateModified\":\"2025-06-11T11:23:58+00:00\",\"breadcrumb\":{\"@id\":\"https:\/\/karaki.com\/product\/karaki-impressive-oven\/#breadcrumb\"},\"inLanguage\":\"tr\",\"potentialAction\":[{\"@type\":\"ReadAction\",\"target\":[\"https:\/\/karaki.com\/product\/karaki-impressive-oven\/\"]}]},{\"@type\":\"ImageObject\",\"inLanguage\":\"tr\",\"@id\":\"https:\/\/karaki.com\/product\/karaki-impressive-oven\/#primaryimage\",\"url\":\"https:\/\/karaki.com\/wp-content\/uploads\/2025\/06\/HND-IMP.jpg\",\"contentUrl\":\"https:\/\/karaki.com\/wp-content\/uploads\/2025\/06\/HND-IMP.jpg\",\"width\":1280,\"height\":1667},{\"@type\":\"BreadcrumbList\",\"@id\":\"https:\/\/karaki.com\/product\/karaki-impressive-oven\/#breadcrumb\",\"itemListElement\":[{\"@type\":\"ListItem\",\"position\":1,\"name\":\"Home\",\"item\":\"https:\/\/karaki.com\/\"},{\"@type\":\"ListItem\",\"position\":2,\"name\":\"Products\",\"item\":\"https:\/\/karaki.com\/shop\/\"},{\"@type\":\"ListItem\",\"position\":3,\"name\":\"Karaki IMPRESSIVE Oven\"}]},{\"@type\":\"WebSite\",\"@id\":\"https:\/\/karaki.com\/#website\",\"url\":\"https:\/\/karaki.com\/\",\"name\":\"Karaki\",\"description\":\"For Industry And Trading SARL\",\"publisher\":{\"@id\":\"https:\/\/karaki.com\/#organization\"},\"alternateName\":\"Bakery Equipment Lebanon\",\"potentialAction\":[{\"@type\":\"SearchAction\",\"target\":{\"@type\":\"EntryPoint\",\"urlTemplate\":\"https:\/\/karaki.com\/?s={search_term_string}\"},\"query-input\":{\"@type\":\"PropertyValueSpecification\",\"valueRequired\":true,\"valueName\":\"search_term_string\"}}],\"inLanguage\":\"tr\"},{\"@type\":\"Organization\",\"@id\":\"https:\/\/karaki.com\/#organization\",\"name\":\"Karaki\",\"url\":\"https:\/\/karaki.com\/\",\"logo\":{\"@type\":\"ImageObject\",\"inLanguage\":\"tr\",\"@id\":\"https:\/\/karaki.com\/#\/schema\/logo\/image\/\",\"url\":\"https:\/\/karaki.com\/wp-content\/uploads\/2025\/05\/cropped-White-and-Pastel-Colors-Minimalist-Illustrated-Cleaning-Service-Logo-1-e1747858335656.png\",\"contentUrl\":\"https:\/\/karaki.com\/wp-content\/uploads\/2025\/05\/cropped-White-and-Pastel-Colors-Minimalist-Illustrated-Cleaning-Service-Logo-1-e1747858335656.png\",\"width\":448,\"height\":189,\"caption\":\"Karaki\"},\"image\":{\"@id\":\"https:\/\/karaki.com\/#\/schema\/logo\/image\/\"}}]}<\/script>\n<!-- \/ Yoast SEO Premium plugin. -->","yoast_head_json":{"title":"Karaki IMPRESSIVE Oven","robots":{"index":"index","follow":"follow","max-snippet":"max-snippet:-1","max-image-preview":"max-image-preview:large","max-video-preview":"max-video-preview:-1"},"canonical":"https:\/\/karaki.com\/tr\/product\/karaki-impressive-oven\/","og_locale":"tr_TR","og_type":"article","og_title":"Karaki IMPRESSIVE Oven","og_description":"Compact yet powerful rotary oven, suitable for mid-sized operations with enhanced heat efficiency and versatile tray options.","og_url":"https:\/\/karaki.com\/tr\/product\/karaki-impressive-oven\/","og_site_name":"Karaki","article_modified_time":"2025-06-11T11:23:58+00:00","og_image":[{"width":1280,"height":1667,"url":"https:\/\/karaki.com\/wp-content\/uploads\/2025\/06\/HND-IMP.jpg","type":"image\/jpeg"}],"twitter_card":"summary_large_image","twitter_misc":{"Est. reading time":"1 dakika"},"schema":{"@context":"https:\/\/schema.org","@graph":[{"@type":"WebPage","@id":"https:\/\/karaki.com\/product\/karaki-impressive-oven\/","url":"https:\/\/karaki.com\/product\/karaki-impressive-oven\/","name":"Karaki IMPRESSIVE Oven","isPartOf":{"@id":"https:\/\/karaki.com\/#website"},"primaryImageOfPage":{"@id":"https:\/\/karaki.com\/product\/karaki-impressive-oven\/#primaryimage"},"image":{"@id":"https:\/\/karaki.com\/product\/karaki-impressive-oven\/#primaryimage"},"thumbnailUrl":"https:\/\/karaki.com\/wp-content\/uploads\/2025\/06\/HND-IMP.jpg","datePublished":"2025-06-02T18:30:43+00:00","dateModified":"2025-06-11T11:23:58+00:00","breadcrumb":{"@id":"https:\/\/karaki.com\/product\/karaki-impressive-oven\/#breadcrumb"},"inLanguage":"tr","potentialAction":[{"@type":"ReadAction","target":["https:\/\/karaki.com\/product\/karaki-impressive-oven\/"]}]},{"@type":"ImageObject","inLanguage":"tr","@id":"https:\/\/karaki.com\/product\/karaki-impressive-oven\/#primaryimage","url":"https:\/\/karaki.com\/wp-content\/uploads\/2025\/06\/HND-IMP.jpg","contentUrl":"https:\/\/karaki.com\/wp-content\/uploads\/2025\/06\/HND-IMP.jpg","width":1280,"height":1667},{"@type":"BreadcrumbList","@id":"https:\/\/karaki.com\/product\/karaki-impressive-oven\/#breadcrumb","itemListElement":[{"@type":"ListItem","position":1,"name":"Home","item":"https:\/\/karaki.com\/"},{"@type":"ListItem","position":2,"name":"Products","item":"https:\/\/karaki.com\/shop\/"},{"@type":"ListItem","position":3,"name":"Karaki IMPRESSIVE Oven"}]},{"@type":"WebSite","@id":"https:\/\/karaki.com\/#website","url":"https:\/\/karaki.com\/","name":"Karaki","description":"For Industry And Trading SARL","publisher":{"@id":"https:\/\/karaki.com\/#organization"},"alternateName":"Bakery Equipment Lebanon","potentialAction":[{"@type":"SearchAction","target":{"@type":"EntryPoint","urlTemplate":"https:\/\/karaki.com\/?s={search_term_string}"},"query-input":{"@type":"PropertyValueSpecification","valueRequired":true,"valueName":"search_term_string"}}],"inLanguage":"tr"},{"@type":"Organization","@id":"https:\/\/karaki.com\/#organization","name":"Karaki","url":"https:\/\/karaki.com\/","logo":{"@type":"ImageObject","inLanguage":"tr","@id":"https:\/\/karaki.com\/#\/schema\/logo\/image\/","url":"https:\/\/karaki.com\/wp-content\/uploads\/2025\/05\/cropped-White-and-Pastel-Colors-Minimalist-Illustrated-Cleaning-Service-Logo-1-e1747858335656.png","contentUrl":"https:\/\/karaki.com\/wp-content\/uploads\/2025\/05\/cropped-White-and-Pastel-Colors-Minimalist-Illustrated-Cleaning-Service-Logo-1-e1747858335656.png","width":448,"height":189,"caption":"Karaki"},"image":{"@id":"https:\/\/karaki.com\/#\/schema\/logo\/image\/"}}]}},"_links":{"self":[{"href":"https:\/\/karaki.com\/tr\/wp-json\/wp\/v2\/product\/17932","targetHints":{"allow":["GET"]}}],"collection":[{"href":"https:\/\/karaki.com\/tr\/wp-json\/wp\/v2\/product"}],"about":[{"href":"https:\/\/karaki.com\/tr\/wp-json\/wp\/v2\/types\/product"}],"wp:featuredmedia":[{"embeddable":true,"href":"https:\/\/karaki.com\/tr\/wp-json\/wp\/v2\/media\/17983"}],"wp:attachment":[{"href":"https:\/\/karaki.com\/tr\/wp-json\/wp\/v2\/media?parent=17932"}],"wp:term":[{"taxonomy":"product_brand","embeddable":true,"href":"https:\/\/karaki.com\/tr\/wp-json\/wp\/v2\/product_brand?post=17932"},{"taxonomy":"product_cat","embeddable":true,"href":"https:\/\/karaki.com\/tr\/wp-json\/wp\/v2\/product_cat?post=17932"},{"taxonomy":"product_tag","embeddable":true,"href":"https:\/\/karaki.com\/tr\/wp-json\/wp\/v2\/product_tag?post=17932"}],"curies":[{"name":"wp","href":"https:\/\/api.w.org\/{rel}","templated":true}]}}