{"id":17950,"date":"2025-06-02T19:34:32","date_gmt":"2025-06-02T19:34:32","guid":{"rendered":"https:\/\/karaki.com\/?post_type=product&#038;p=17950"},"modified":"2025-06-02T19:38:21","modified_gmt":"2025-06-02T19:38:21","slug":"stainless-steel-lounge-cabinets","status":"publish","type":"product","link":"https:\/\/karaki.com\/tr\/product\/stainless-steel-lounge-cabinets\/","title":{"rendered":"Paslanmaz \u00c7elik Salon Dolaplar\u0131"},"content":{"rendered":"<p class=\"ai-optimize-32 ai-optimize-introduction\" data-start=\"335\" data-end=\"1120\">Paslanmaz \u00c7elik Salon Dolaplar\u0131m\u0131z e\u015fsiz bir \u00e7ok y\u00f6nl\u00fcl\u00fck ve \u00f6zelle\u015ftirme sunarak ortam\u0131n\u0131za kusursuz bir \u015fekilde uyan bir dolap tasarlaman\u0131za olanak tan\u0131r. Y\u00fcksek kaliteli malzemeler ve hassasiyetle \u00fcretilen bu dolaplar hem konut hem de ticari salon alanlar\u0131 i\u00e7in idealdir. Boyutlar\u0131 (uzunluk, geni\u015flik, y\u00fckseklik) uyarlayabilir, \u00e7e\u015fitli raf ve \u00e7ekmece konfig\u00fcrasyonlar\u0131 aras\u0131ndan se\u00e7im yapabilir ve tercihlerinize uygun y\u00fczeyleri se\u00e7ebilirsiniz. Se\u00e7enekler aras\u0131nda ayarlanabilir alt raflar, backsplash veya g\u00fcvenlik cam\u0131 kenarlar\u0131, \u00e7ekmece ve kap\u0131 stilleri, mobilite \u00e7\u00f6z\u00fcmleri (tekerlekler veya sabit ayaklar) ve ek tezgahlar veya raf \u00fcniteleri bulunur. \u0130ster estetik ister depolama verimlili\u011fi i\u00e7in optimize ediyor olun, Karaki'nin salon dolaplar\u0131 her ortam i\u00e7in dayan\u0131kl\u0131 ve zarif bir \u00e7\u00f6z\u00fcm sunar.<\/p>\n<p data-start=\"929\" data-end=\"948\">","protected":false},"excerpt":{"rendered":"<h4 data-start=\"165\" data-end=\"300\">Tarz\u0131n\u0131za ve alan\u0131n\u0131za uygun \u00e7ok y\u00f6nl\u00fc boyutland\u0131rma, raf ve tasar\u0131m \u00f6zellikleri sunan \u00f6zelle\u015ftirilebilir paslanmaz \u00e7elik salon dolaplar\u0131.<\/h4>\n<h4 data-start=\"1486\" data-end=\"1964\"><\/h4>\n<h4 data-start=\"248\" data-end=\"794\"><\/h4>","protected":false},"featured_media":17951,"template":"","meta":[],"product_brand":[],"product_cat":[90,95,91],"product_tag":[],"class_list":{"0":"post-17950","1":"product","2":"type-product","3":"status-publish","4":"has-post-thumbnail","6":"product_cat-industrial-equipment","7":"product_cat-lounge-cabinets","8":"product_cat-metal-workbenches","10":"first","11":"instock","12":"shipping-taxable","13":"product-type-simple"},"yoast_head":"<!-- This site is optimized with the Yoast SEO Premium plugin v25.2 (Yoast SEO v25.2) - https:\/\/yoast.com\/wordpress\/plugins\/seo\/ -->\n<title>Stainless Steel Lounge Cabinets<\/title>\n<meta name=\"robots\" content=\"index, follow, max-snippet:-1, max-image-preview:large, max-video-preview:-1\" \/>\n<link rel=\"canonical\" href=\"https:\/\/karaki.com\/tr\/product\/stainless-steel-lounge-cabinets\/\" \/>\n<meta property=\"og:locale\" content=\"tr_TR\" \/>\n<meta property=\"og:type\" content=\"article\" \/>\n<meta property=\"og:title\" content=\"Stainless Steel Lounge Cabinets\" \/>\n<meta property=\"og:description\" content=\"Customizable stainless steel lounge cabinets offering versatile sizing, shelving, and design features tailored to your style and space.\" \/>\n<meta property=\"og:url\" content=\"https:\/\/karaki.com\/tr\/product\/stainless-steel-lounge-cabinets\/\" \/>\n<meta property=\"og:site_name\" content=\"Karaki\" \/>\n<meta property=\"article:modified_time\" content=\"2025-06-02T19:38:21+00:00\" \/>\n<meta property=\"og:image\" content=\"https:\/\/karaki.com\/wp-content\/uploads\/2025\/06\/LC4-BS-US-2xDR-DTS-HD-1200-ASSEMBLY-FV-scaled.jpg\" \/>\n\t<meta property=\"og:image:width\" content=\"1024\" \/>\n\t<meta property=\"og:image:height\" content=\"791\" \/>\n\t<meta property=\"og:image:type\" content=\"image\/jpeg\" \/>\n<meta name=\"twitter:card\" content=\"summary_large_image\" \/>\n<meta name=\"twitter:label1\" content=\"Est. reading time\" \/>\n\t<meta name=\"twitter:data1\" content=\"1 dakika\" \/>\n<script type=\"application\/ld+json\" class=\"yoast-schema-graph\">{\"@context\":\"https:\/\/schema.org\",\"@graph\":[{\"@type\":\"WebPage\",\"@id\":\"https:\/\/karaki.com\/product\/stainless-steel-lounge-cabinets\/\",\"url\":\"https:\/\/karaki.com\/product\/stainless-steel-lounge-cabinets\/\",\"name\":\"Stainless Steel Lounge Cabinets\",\"isPartOf\":{\"@id\":\"https:\/\/karaki.com\/#website\"},\"primaryImageOfPage\":{\"@id\":\"https:\/\/karaki.com\/product\/stainless-steel-lounge-cabinets\/#primaryimage\"},\"image\":{\"@id\":\"https:\/\/karaki.com\/product\/stainless-steel-lounge-cabinets\/#primaryimage\"},\"thumbnailUrl\":\"https:\/\/karaki.com\/wp-content\/uploads\/2025\/06\/LC4-BS-US-2xDR-DTS-HD-1200-ASSEMBLY-FV-scaled.jpg\",\"datePublished\":\"2025-06-02T19:34:32+00:00\",\"dateModified\":\"2025-06-02T19:38:21+00:00\",\"breadcrumb\":{\"@id\":\"https:\/\/karaki.com\/product\/stainless-steel-lounge-cabinets\/#breadcrumb\"},\"inLanguage\":\"tr\",\"potentialAction\":[{\"@type\":\"ReadAction\",\"target\":[\"https:\/\/karaki.com\/product\/stainless-steel-lounge-cabinets\/\"]}]},{\"@type\":\"ImageObject\",\"inLanguage\":\"tr\",\"@id\":\"https:\/\/karaki.com\/product\/stainless-steel-lounge-cabinets\/#primaryimage\",\"url\":\"https:\/\/karaki.com\/wp-content\/uploads\/2025\/06\/LC4-BS-US-2xDR-DTS-HD-1200-ASSEMBLY-FV-scaled.jpg\",\"contentUrl\":\"https:\/\/karaki.com\/wp-content\/uploads\/2025\/06\/LC4-BS-US-2xDR-DTS-HD-1200-ASSEMBLY-FV-scaled.jpg\",\"width\":2560,\"height\":1978},{\"@type\":\"BreadcrumbList\",\"@id\":\"https:\/\/karaki.com\/product\/stainless-steel-lounge-cabinets\/#breadcrumb\",\"itemListElement\":[{\"@type\":\"ListItem\",\"position\":1,\"name\":\"Home\",\"item\":\"https:\/\/karaki.com\/\"},{\"@type\":\"ListItem\",\"position\":2,\"name\":\"Products\",\"item\":\"https:\/\/karaki.com\/shop\/\"},{\"@type\":\"ListItem\",\"position\":3,\"name\":\"Stainless Steel Lounge Cabinets\"}]},{\"@type\":\"WebSite\",\"@id\":\"https:\/\/karaki.com\/#website\",\"url\":\"https:\/\/karaki.com\/\",\"name\":\"Karaki\",\"description\":\"For Industry And Trading SARL\",\"publisher\":{\"@id\":\"https:\/\/karaki.com\/#organization\"},\"alternateName\":\"Bakery Equipment Lebanon\",\"potentialAction\":[{\"@type\":\"SearchAction\",\"target\":{\"@type\":\"EntryPoint\",\"urlTemplate\":\"https:\/\/karaki.com\/?s={search_term_string}\"},\"query-input\":{\"@type\":\"PropertyValueSpecification\",\"valueRequired\":true,\"valueName\":\"search_term_string\"}}],\"inLanguage\":\"tr\"},{\"@type\":\"Organization\",\"@id\":\"https:\/\/karaki.com\/#organization\",\"name\":\"Karaki\",\"url\":\"https:\/\/karaki.com\/\",\"logo\":{\"@type\":\"ImageObject\",\"inLanguage\":\"tr\",\"@id\":\"https:\/\/karaki.com\/#\/schema\/logo\/image\/\",\"url\":\"https:\/\/karaki.com\/wp-content\/uploads\/2025\/05\/cropped-White-and-Pastel-Colors-Minimalist-Illustrated-Cleaning-Service-Logo-1-e1747858335656.png\",\"contentUrl\":\"https:\/\/karaki.com\/wp-content\/uploads\/2025\/05\/cropped-White-and-Pastel-Colors-Minimalist-Illustrated-Cleaning-Service-Logo-1-e1747858335656.png\",\"width\":448,\"height\":189,\"caption\":\"Karaki\"},\"image\":{\"@id\":\"https:\/\/karaki.com\/#\/schema\/logo\/image\/\"}}]}<\/script>\n<!-- \/ Yoast SEO Premium plugin. -->","yoast_head_json":{"title":"Stainless Steel Lounge Cabinets","robots":{"index":"index","follow":"follow","max-snippet":"max-snippet:-1","max-image-preview":"max-image-preview:large","max-video-preview":"max-video-preview:-1"},"canonical":"https:\/\/karaki.com\/tr\/product\/stainless-steel-lounge-cabinets\/","og_locale":"tr_TR","og_type":"article","og_title":"Stainless Steel Lounge Cabinets","og_description":"Customizable stainless steel lounge cabinets offering versatile sizing, shelving, and design features tailored to your style and space.","og_url":"https:\/\/karaki.com\/tr\/product\/stainless-steel-lounge-cabinets\/","og_site_name":"Karaki","article_modified_time":"2025-06-02T19:38:21+00:00","og_image":[{"url":"https:\/\/karaki.com\/wp-content\/uploads\/2025\/06\/LC4-BS-US-2xDR-DTS-HD-1200-ASSEMBLY-FV-scaled.jpg","width":1024,"height":791,"type":"image\/jpeg"}],"twitter_card":"summary_large_image","twitter_misc":{"Est. reading time":"1 dakika"},"schema":{"@context":"https:\/\/schema.org","@graph":[{"@type":"WebPage","@id":"https:\/\/karaki.com\/product\/stainless-steel-lounge-cabinets\/","url":"https:\/\/karaki.com\/product\/stainless-steel-lounge-cabinets\/","name":"Stainless Steel Lounge Cabinets","isPartOf":{"@id":"https:\/\/karaki.com\/#website"},"primaryImageOfPage":{"@id":"https:\/\/karaki.com\/product\/stainless-steel-lounge-cabinets\/#primaryimage"},"image":{"@id":"https:\/\/karaki.com\/product\/stainless-steel-lounge-cabinets\/#primaryimage"},"thumbnailUrl":"https:\/\/karaki.com\/wp-content\/uploads\/2025\/06\/LC4-BS-US-2xDR-DTS-HD-1200-ASSEMBLY-FV-scaled.jpg","datePublished":"2025-06-02T19:34:32+00:00","dateModified":"2025-06-02T19:38:21+00:00","breadcrumb":{"@id":"https:\/\/karaki.com\/product\/stainless-steel-lounge-cabinets\/#breadcrumb"},"inLanguage":"tr","potentialAction":[{"@type":"ReadAction","target":["https:\/\/karaki.com\/product\/stainless-steel-lounge-cabinets\/"]}]},{"@type":"ImageObject","inLanguage":"tr","@id":"https:\/\/karaki.com\/product\/stainless-steel-lounge-cabinets\/#primaryimage","url":"https:\/\/karaki.com\/wp-content\/uploads\/2025\/06\/LC4-BS-US-2xDR-DTS-HD-1200-ASSEMBLY-FV-scaled.jpg","contentUrl":"https:\/\/karaki.com\/wp-content\/uploads\/2025\/06\/LC4-BS-US-2xDR-DTS-HD-1200-ASSEMBLY-FV-scaled.jpg","width":2560,"height":1978},{"@type":"BreadcrumbList","@id":"https:\/\/karaki.com\/product\/stainless-steel-lounge-cabinets\/#breadcrumb","itemListElement":[{"@type":"ListItem","position":1,"name":"Home","item":"https:\/\/karaki.com\/"},{"@type":"ListItem","position":2,"name":"Products","item":"https:\/\/karaki.com\/shop\/"},{"@type":"ListItem","position":3,"name":"Stainless Steel Lounge Cabinets"}]},{"@type":"WebSite","@id":"https:\/\/karaki.com\/#website","url":"https:\/\/karaki.com\/","name":"Karaki","description":"For Industry And Trading SARL","publisher":{"@id":"https:\/\/karaki.com\/#organization"},"alternateName":"Bakery Equipment Lebanon","potentialAction":[{"@type":"SearchAction","target":{"@type":"EntryPoint","urlTemplate":"https:\/\/karaki.com\/?s={search_term_string}"},"query-input":{"@type":"PropertyValueSpecification","valueRequired":true,"valueName":"search_term_string"}}],"inLanguage":"tr"},{"@type":"Organization","@id":"https:\/\/karaki.com\/#organization","name":"Karaki","url":"https:\/\/karaki.com\/","logo":{"@type":"ImageObject","inLanguage":"tr","@id":"https:\/\/karaki.com\/#\/schema\/logo\/image\/","url":"https:\/\/karaki.com\/wp-content\/uploads\/2025\/05\/cropped-White-and-Pastel-Colors-Minimalist-Illustrated-Cleaning-Service-Logo-1-e1747858335656.png","contentUrl":"https:\/\/karaki.com\/wp-content\/uploads\/2025\/05\/cropped-White-and-Pastel-Colors-Minimalist-Illustrated-Cleaning-Service-Logo-1-e1747858335656.png","width":448,"height":189,"caption":"Karaki"},"image":{"@id":"https:\/\/karaki.com\/#\/schema\/logo\/image\/"}}]}},"_links":{"self":[{"href":"https:\/\/karaki.com\/tr\/wp-json\/wp\/v2\/product\/17950","targetHints":{"allow":["GET"]}}],"collection":[{"href":"https:\/\/karaki.com\/tr\/wp-json\/wp\/v2\/product"}],"about":[{"href":"https:\/\/karaki.com\/tr\/wp-json\/wp\/v2\/types\/product"}],"wp:featuredmedia":[{"embeddable":true,"href":"https:\/\/karaki.com\/tr\/wp-json\/wp\/v2\/media\/17951"}],"wp:attachment":[{"href":"https:\/\/karaki.com\/tr\/wp-json\/wp\/v2\/media?parent=17950"}],"wp:term":[{"taxonomy":"product_brand","embeddable":true,"href":"https:\/\/karaki.com\/tr\/wp-json\/wp\/v2\/product_brand?post=17950"},{"taxonomy":"product_cat","embeddable":true,"href":"https:\/\/karaki.com\/tr\/wp-json\/wp\/v2\/product_cat?post=17950"},{"taxonomy":"product_tag","embeddable":true,"href":"https:\/\/karaki.com\/tr\/wp-json\/wp\/v2\/product_tag?post=17950"}],"curies":[{"name":"wp","href":"https:\/\/api.w.org\/{rel}","templated":true}]}}