{"id":17963,"date":"2025-06-02T19:42:25","date_gmt":"2025-06-02T19:42:25","guid":{"rendered":"https:\/\/karaki.com\/?post_type=product&#038;p=17963"},"modified":"2025-06-02T19:44:51","modified_gmt":"2025-06-02T19:44:51","slug":"stainless-steel-drawer-towers","status":"publish","type":"product","link":"https:\/\/karaki.com\/tr\/product\/stainless-steel-drawer-towers\/","title":{"rendered":"Paslanmaz \u00c7elik \u00c7ekmece Kuleleri"},"content":{"rendered":"<p class=\"ai-optimize-33 ai-optimize-introduction\" data-start=\"335\" data-end=\"1131\">Paslanmaz \u00c7elik \u00c7ekmece Kulelerimiz profesyonel ortamlar i\u00e7in sa\u011flam ve pratik bir depolama \u00e7\u00f6z\u00fcm\u00fc sunar. Y\u00fcksek kaliteli paslanmaz \u00e7elikten \u00fcretilen bu \u00e7ekmeceler, m\u00fckemmel korozyon direnci ve uzun s\u00fcreli dayan\u0131kl\u0131l\u0131k sunar. Her \u00e7ekmece, sorunsuz a\u00e7ma ve kapama i\u00e7in kendi ray setini i\u00e7erir. \u00c7ekmeceler temizlik i\u00e7in kolayca \u00e7\u0131kar\u0131labilir ve hijyeni te\u015fvik eder. \u00c7ekmece say\u0131s\u0131n\u0131 depolama ihtiya\u00e7lar\u0131n\u0131za g\u00f6re \u00f6zelle\u015ftirebilirsiniz. T\u00fcm \u00e7ekmecelerin ayn\u0131 anda kilitlenmesini sa\u011flayarak g\u00fcvenli\u011fi art\u0131rmak i\u00e7in iste\u011fe ba\u011fl\u0131 bir merkezi kilitleme sistemi mevcuttur. \u00c7ekmece kulesi bir \u00e7al\u0131\u015fma tezgah\u0131n\u0131n veya salon dolab\u0131n\u0131n alt\u0131na monte edilebilir veya daha fazla esneklik i\u00e7in mobil bir platform \u00fczerine yerle\u015ftirilebilir. \u015e\u0131k ve modern tasar\u0131m\u0131yla her t\u00fcrl\u00fc profesyonel alana iyi uyum sa\u011flar ve d\u00fczenli kullan\u0131mda istikrarl\u0131 performans sa\u011flar.<\/p>\n<p data-start=\"929\" data-end=\"948\">","protected":false},"excerpt":{"rendered":"<h4 data-start=\"145\" data-end=\"300\">Dayan\u0131kl\u0131 ve \u00f6zelle\u015ftirilebilir paslanmaz \u00e7elik \u00e7ekmece kuleleri, sorunsuz \u00e7al\u0131\u015fma, hijyen ve \u00e7al\u0131\u015fma alanlar\u0131 veya salon ortamlar\u0131nda \u00e7ok y\u00f6nl\u00fc kurulum i\u00e7in tasarlanm\u0131\u015ft\u0131r.<\/h4>\n<h4 data-start=\"1486\" data-end=\"1964\"><\/h4>\n<h4 data-start=\"248\" data-end=\"794\"><\/h4>","protected":false},"featured_media":17964,"template":"","meta":[],"product_brand":[],"product_cat":[101,90,96],"product_tag":[],"class_list":{"0":"post-17963","1":"product","2":"type-product","3":"status-publish","4":"has-post-thumbnail","6":"product_cat-drawers","7":"product_cat-industrial-equipment","8":"product_cat-storage-solutions","10":"first","11":"instock","12":"shipping-taxable","13":"product-type-simple"},"yoast_head":"<!-- This site is optimized with the Yoast SEO Premium plugin v25.2 (Yoast SEO v25.2) - https:\/\/yoast.com\/wordpress\/plugins\/seo\/ -->\n<title>Stainless Steel Drawer Towers<\/title>\n<meta name=\"robots\" content=\"index, follow, max-snippet:-1, max-image-preview:large, max-video-preview:-1\" \/>\n<link rel=\"canonical\" href=\"https:\/\/karaki.com\/tr\/product\/stainless-steel-drawer-towers\/\" \/>\n<meta property=\"og:locale\" content=\"tr_TR\" \/>\n<meta property=\"og:type\" content=\"article\" \/>\n<meta property=\"og:title\" content=\"Stainless Steel Drawer Towers\" \/>\n<meta property=\"og:description\" content=\"Durable and customizable stainless steel drawer towers designed for smooth operation, hygiene, and versatile installation in workspaces or lounge settings.\" \/>\n<meta property=\"og:url\" content=\"https:\/\/karaki.com\/tr\/product\/stainless-steel-drawer-towers\/\" \/>\n<meta property=\"og:site_name\" content=\"Karaki\" \/>\n<meta property=\"article:modified_time\" content=\"2025-06-02T19:44:51+00:00\" \/>\n<meta property=\"og:image\" content=\"https:\/\/karaki.com\/wp-content\/uploads\/2025\/06\/DT04-2-scaled.jpg\" \/>\n\t<meta property=\"og:image:width\" content=\"3840\" \/>\n\t<meta property=\"og:image:height\" content=\"2967\" \/>\n\t<meta property=\"og:image:type\" content=\"image\/jpeg\" \/>\n<meta name=\"twitter:card\" content=\"summary_large_image\" \/>\n<meta name=\"twitter:label1\" content=\"Est. reading time\" \/>\n\t<meta name=\"twitter:data1\" content=\"1 dakika\" \/>\n<script type=\"application\/ld+json\" class=\"yoast-schema-graph\">{\"@context\":\"https:\/\/schema.org\",\"@graph\":[{\"@type\":\"WebPage\",\"@id\":\"https:\/\/karaki.com\/product\/stainless-steel-drawer-towers\/\",\"url\":\"https:\/\/karaki.com\/product\/stainless-steel-drawer-towers\/\",\"name\":\"Stainless Steel Drawer Towers\",\"isPartOf\":{\"@id\":\"https:\/\/karaki.com\/#website\"},\"primaryImageOfPage\":{\"@id\":\"https:\/\/karaki.com\/product\/stainless-steel-drawer-towers\/#primaryimage\"},\"image\":{\"@id\":\"https:\/\/karaki.com\/product\/stainless-steel-drawer-towers\/#primaryimage\"},\"thumbnailUrl\":\"https:\/\/karaki.com\/wp-content\/uploads\/2025\/06\/DT04-2-scaled-e1750419618949.jpg\",\"datePublished\":\"2025-06-02T19:42:25+00:00\",\"dateModified\":\"2025-06-02T19:44:51+00:00\",\"breadcrumb\":{\"@id\":\"https:\/\/karaki.com\/product\/stainless-steel-drawer-towers\/#breadcrumb\"},\"inLanguage\":\"tr\",\"potentialAction\":[{\"@type\":\"ReadAction\",\"target\":[\"https:\/\/karaki.com\/product\/stainless-steel-drawer-towers\/\"]}]},{\"@type\":\"ImageObject\",\"inLanguage\":\"tr\",\"@id\":\"https:\/\/karaki.com\/product\/stainless-steel-drawer-towers\/#primaryimage\",\"url\":\"https:\/\/karaki.com\/wp-content\/uploads\/2025\/06\/DT04-2-scaled-e1750419618949.jpg\",\"contentUrl\":\"https:\/\/karaki.com\/wp-content\/uploads\/2025\/06\/DT04-2-scaled-e1750419618949.jpg\",\"width\":720,\"height\":556},{\"@type\":\"BreadcrumbList\",\"@id\":\"https:\/\/karaki.com\/product\/stainless-steel-drawer-towers\/#breadcrumb\",\"itemListElement\":[{\"@type\":\"ListItem\",\"position\":1,\"name\":\"Home\",\"item\":\"https:\/\/karaki.com\/\"},{\"@type\":\"ListItem\",\"position\":2,\"name\":\"Products\",\"item\":\"https:\/\/karaki.com\/shop\/\"},{\"@type\":\"ListItem\",\"position\":3,\"name\":\"Stainless Steel Drawer Towers\"}]},{\"@type\":\"WebSite\",\"@id\":\"https:\/\/karaki.com\/#website\",\"url\":\"https:\/\/karaki.com\/\",\"name\":\"Karaki\",\"description\":\"For Industry And Trading SARL\",\"publisher\":{\"@id\":\"https:\/\/karaki.com\/#organization\"},\"alternateName\":\"Bakery Equipment Lebanon\",\"potentialAction\":[{\"@type\":\"SearchAction\",\"target\":{\"@type\":\"EntryPoint\",\"urlTemplate\":\"https:\/\/karaki.com\/?s={search_term_string}\"},\"query-input\":{\"@type\":\"PropertyValueSpecification\",\"valueRequired\":true,\"valueName\":\"search_term_string\"}}],\"inLanguage\":\"tr\"},{\"@type\":\"Organization\",\"@id\":\"https:\/\/karaki.com\/#organization\",\"name\":\"Karaki\",\"url\":\"https:\/\/karaki.com\/\",\"logo\":{\"@type\":\"ImageObject\",\"inLanguage\":\"tr\",\"@id\":\"https:\/\/karaki.com\/#\/schema\/logo\/image\/\",\"url\":\"https:\/\/karaki.com\/wp-content\/uploads\/2025\/05\/cropped-White-and-Pastel-Colors-Minimalist-Illustrated-Cleaning-Service-Logo-1-e1747858335656.png\",\"contentUrl\":\"https:\/\/karaki.com\/wp-content\/uploads\/2025\/05\/cropped-White-and-Pastel-Colors-Minimalist-Illustrated-Cleaning-Service-Logo-1-e1747858335656.png\",\"width\":448,\"height\":189,\"caption\":\"Karaki\"},\"image\":{\"@id\":\"https:\/\/karaki.com\/#\/schema\/logo\/image\/\"}}]}<\/script>\n<!-- \/ Yoast SEO Premium plugin. -->","yoast_head_json":{"title":"Stainless Steel Drawer Towers","robots":{"index":"index","follow":"follow","max-snippet":"max-snippet:-1","max-image-preview":"max-image-preview:large","max-video-preview":"max-video-preview:-1"},"canonical":"https:\/\/karaki.com\/tr\/product\/stainless-steel-drawer-towers\/","og_locale":"tr_TR","og_type":"article","og_title":"Stainless Steel Drawer Towers","og_description":"Durable and customizable stainless steel drawer towers designed for smooth operation, hygiene, and versatile installation in workspaces or lounge settings.","og_url":"https:\/\/karaki.com\/tr\/product\/stainless-steel-drawer-towers\/","og_site_name":"Karaki","article_modified_time":"2025-06-02T19:44:51+00:00","og_image":[{"width":3840,"height":2967,"url":"https:\/\/karaki.com\/wp-content\/uploads\/2025\/06\/DT04-2-scaled.jpg","type":"image\/jpeg"}],"twitter_card":"summary_large_image","twitter_misc":{"Est. reading time":"1 dakika"},"schema":{"@context":"https:\/\/schema.org","@graph":[{"@type":"WebPage","@id":"https:\/\/karaki.com\/product\/stainless-steel-drawer-towers\/","url":"https:\/\/karaki.com\/product\/stainless-steel-drawer-towers\/","name":"Stainless Steel Drawer Towers","isPartOf":{"@id":"https:\/\/karaki.com\/#website"},"primaryImageOfPage":{"@id":"https:\/\/karaki.com\/product\/stainless-steel-drawer-towers\/#primaryimage"},"image":{"@id":"https:\/\/karaki.com\/product\/stainless-steel-drawer-towers\/#primaryimage"},"thumbnailUrl":"https:\/\/karaki.com\/wp-content\/uploads\/2025\/06\/DT04-2-scaled-e1750419618949.jpg","datePublished":"2025-06-02T19:42:25+00:00","dateModified":"2025-06-02T19:44:51+00:00","breadcrumb":{"@id":"https:\/\/karaki.com\/product\/stainless-steel-drawer-towers\/#breadcrumb"},"inLanguage":"tr","potentialAction":[{"@type":"ReadAction","target":["https:\/\/karaki.com\/product\/stainless-steel-drawer-towers\/"]}]},{"@type":"ImageObject","inLanguage":"tr","@id":"https:\/\/karaki.com\/product\/stainless-steel-drawer-towers\/#primaryimage","url":"https:\/\/karaki.com\/wp-content\/uploads\/2025\/06\/DT04-2-scaled-e1750419618949.jpg","contentUrl":"https:\/\/karaki.com\/wp-content\/uploads\/2025\/06\/DT04-2-scaled-e1750419618949.jpg","width":720,"height":556},{"@type":"BreadcrumbList","@id":"https:\/\/karaki.com\/product\/stainless-steel-drawer-towers\/#breadcrumb","itemListElement":[{"@type":"ListItem","position":1,"name":"Home","item":"https:\/\/karaki.com\/"},{"@type":"ListItem","position":2,"name":"Products","item":"https:\/\/karaki.com\/shop\/"},{"@type":"ListItem","position":3,"name":"Stainless Steel Drawer Towers"}]},{"@type":"WebSite","@id":"https:\/\/karaki.com\/#website","url":"https:\/\/karaki.com\/","name":"Karaki","description":"For Industry And Trading SARL","publisher":{"@id":"https:\/\/karaki.com\/#organization"},"alternateName":"Bakery Equipment Lebanon","potentialAction":[{"@type":"SearchAction","target":{"@type":"EntryPoint","urlTemplate":"https:\/\/karaki.com\/?s={search_term_string}"},"query-input":{"@type":"PropertyValueSpecification","valueRequired":true,"valueName":"search_term_string"}}],"inLanguage":"tr"},{"@type":"Organization","@id":"https:\/\/karaki.com\/#organization","name":"Karaki","url":"https:\/\/karaki.com\/","logo":{"@type":"ImageObject","inLanguage":"tr","@id":"https:\/\/karaki.com\/#\/schema\/logo\/image\/","url":"https:\/\/karaki.com\/wp-content\/uploads\/2025\/05\/cropped-White-and-Pastel-Colors-Minimalist-Illustrated-Cleaning-Service-Logo-1-e1747858335656.png","contentUrl":"https:\/\/karaki.com\/wp-content\/uploads\/2025\/05\/cropped-White-and-Pastel-Colors-Minimalist-Illustrated-Cleaning-Service-Logo-1-e1747858335656.png","width":448,"height":189,"caption":"Karaki"},"image":{"@id":"https:\/\/karaki.com\/#\/schema\/logo\/image\/"}}]}},"_links":{"self":[{"href":"https:\/\/karaki.com\/tr\/wp-json\/wp\/v2\/product\/17963","targetHints":{"allow":["GET"]}}],"collection":[{"href":"https:\/\/karaki.com\/tr\/wp-json\/wp\/v2\/product"}],"about":[{"href":"https:\/\/karaki.com\/tr\/wp-json\/wp\/v2\/types\/product"}],"wp:featuredmedia":[{"embeddable":true,"href":"https:\/\/karaki.com\/tr\/wp-json\/wp\/v2\/media\/17964"}],"wp:attachment":[{"href":"https:\/\/karaki.com\/tr\/wp-json\/wp\/v2\/media?parent=17963"}],"wp:term":[{"taxonomy":"product_brand","embeddable":true,"href":"https:\/\/karaki.com\/tr\/wp-json\/wp\/v2\/product_brand?post=17963"},{"taxonomy":"product_cat","embeddable":true,"href":"https:\/\/karaki.com\/tr\/wp-json\/wp\/v2\/product_cat?post=17963"},{"taxonomy":"product_tag","embeddable":true,"href":"https:\/\/karaki.com\/tr\/wp-json\/wp\/v2\/product_tag?post=17963"}],"curies":[{"name":"wp","href":"https:\/\/api.w.org\/{rel}","templated":true}]}}