{"id":17969,"date":"2025-06-02T19:48:13","date_gmt":"2025-06-02T19:48:13","guid":{"rendered":"https:\/\/karaki.com\/?post_type=product&#038;p=17969"},"modified":"2025-06-02T19:51:14","modified_gmt":"2025-06-02T19:51:14","slug":"stainless-steel-modular-shelving-racks","status":"publish","type":"product","link":"https:\/\/karaki.com\/tr\/product\/stainless-steel-modular-shelving-racks\/","title":{"rendered":"Paslanmaz \u00c7elik Mod\u00fcler Raf Raflar\u0131"},"content":{"rendered":"<p class=\"ai-optimize-33 ai-optimize-introduction\" data-start=\"362\" data-end=\"761\">Paslanmaz \u00c7elik Mod\u00fcler Raflar\u0131m\u0131z, ticari ve end\u00fcstriyel ortamlar i\u00e7in sa\u011flam, hijyenik ve esnek depolama \u00e7\u00f6z\u00fcmleri sa\u011flamak \u00fczere tasarlanm\u0131\u015ft\u0131r. Y\u00fcksek kaliteli paslanmaz \u00e7elikten \u00fcretilen bu raflar m\u00fckemmel dayan\u0131kl\u0131l\u0131k ve korozyon direnci sunar. \u0130htiya\u00e7lar\u0131n\u0131za ba\u011fl\u0131 olarak, daha iyi hava sirk\u00fclasyonu i\u00e7in delikli raflar veya d\u00fcz y\u00fczeyli depolama i\u00e7in d\u00fcz raflar aras\u0131nda se\u00e7im yapabilirsiniz.<\/p>\n<p class=\"ai-optimize-34\" data-start=\"763\" data-end=\"1285\">Raflar 340 mm ila 800 mm geni\u015flik, 900 mm ila 1800 mm uzunluk ve 1055 mm ila 2035 mm y\u00fckseklik aras\u0131nda de\u011fi\u015fen \u00e7e\u015fitli boyutlarda mevcuttur. \u00dcnite ba\u015f\u0131na 2 ila 9 raf se\u00e7ebilir ve konfig\u00fcrasyonlar\u0131 alan\u0131n\u0131za uyacak \u015fekilde tamamen \u00f6zelle\u015ftirebilirsiniz. Mod\u00fcler tasar\u0131mlar\u0131 h\u0131zl\u0131 montaj ve yeniden montaja izin verirken, ayarlanabilir raflar raf konumlar\u0131n\u0131 gerekti\u011fi gibi de\u011fi\u015ftirmenize olanak tan\u0131r. Maksimum destek i\u00e7in d\u00f6rt sa\u011flam ayakla tasarlanan bu raflar yerden tasarruf sa\u011flar, temizlenmesi kolayd\u0131r ve bozulabilir veya d\u00f6kme mallar\u0131n depolanmas\u0131 i\u00e7in m\u00fckemmeldir.<\/p>\n<p data-start=\"763\" data-end=\"1285\">\n<p data-start=\"929\" data-end=\"948\">","protected":false},"excerpt":{"rendered":"<h4 data-start=\"176\" data-end=\"327\">Ticari mutfaklar, depolar ve daha fazlas\u0131 i\u00e7in ideal olan, \u00f6zelle\u015ftirilebilir boyutlara ve raf tiplerine sahip dayan\u0131kl\u0131, ayarlanabilir paslanmaz \u00e7elik mod\u00fcler raf raflar\u0131.<\/h4>\n<h4 data-start=\"1486\" data-end=\"1964\"><\/h4>\n<h4 data-start=\"248\" data-end=\"794\"><\/h4>","protected":false},"featured_media":17970,"template":"","meta":[],"product_brand":[],"product_cat":[90,98,96],"product_tag":[],"class_list":{"0":"post-17969","1":"product","2":"type-product","3":"status-publish","4":"has-post-thumbnail","6":"product_cat-industrial-equipment","7":"product_cat-modular-shelving-racks","8":"product_cat-storage-solutions","10":"first","11":"instock","12":"shipping-taxable","13":"product-type-simple"},"yoast_head":"<!-- This site is optimized with the Yoast SEO Premium plugin v25.2 (Yoast SEO v25.2) - https:\/\/yoast.com\/wordpress\/plugins\/seo\/ -->\n<title>Stainless Steel Modular Shelving Racks<\/title>\n<meta name=\"robots\" content=\"index, follow, max-snippet:-1, max-image-preview:large, max-video-preview:-1\" \/>\n<link rel=\"canonical\" href=\"https:\/\/karaki.com\/tr\/product\/stainless-steel-modular-shelving-racks\/\" \/>\n<meta property=\"og:locale\" content=\"tr_TR\" \/>\n<meta property=\"og:type\" content=\"article\" \/>\n<meta property=\"og:title\" content=\"Stainless Steel Modular Shelving Racks\" \/>\n<meta property=\"og:description\" content=\"Durable, adjustable stainless steel modular shelving racks with customizable sizes and shelf types\u2014ideal for commercial kitchens, warehouses, and more.\" \/>\n<meta property=\"og:url\" content=\"https:\/\/karaki.com\/tr\/product\/stainless-steel-modular-shelving-racks\/\" \/>\n<meta property=\"og:site_name\" content=\"Karaki\" \/>\n<meta property=\"article:modified_time\" content=\"2025-06-02T19:51:14+00:00\" \/>\n<meta property=\"og:image\" content=\"https:\/\/karaki.com\/wp-content\/uploads\/2025\/06\/ASSEM-COLUMN-1700-scaled.jpg\" \/>\n\t<meta property=\"og:image:width\" content=\"1024\" \/>\n\t<meta property=\"og:image:height\" content=\"791\" \/>\n\t<meta property=\"og:image:type\" content=\"image\/jpeg\" \/>\n<meta name=\"twitter:card\" content=\"summary_large_image\" \/>\n<meta name=\"twitter:label1\" content=\"Est. reading time\" \/>\n\t<meta name=\"twitter:data1\" content=\"1 dakika\" \/>\n<script type=\"application\/ld+json\" class=\"yoast-schema-graph\">{\"@context\":\"https:\/\/schema.org\",\"@graph\":[{\"@type\":\"WebPage\",\"@id\":\"https:\/\/karaki.com\/product\/stainless-steel-modular-shelving-racks\/\",\"url\":\"https:\/\/karaki.com\/product\/stainless-steel-modular-shelving-racks\/\",\"name\":\"Stainless Steel Modular Shelving Racks\",\"isPartOf\":{\"@id\":\"https:\/\/karaki.com\/#website\"},\"primaryImageOfPage\":{\"@id\":\"https:\/\/karaki.com\/product\/stainless-steel-modular-shelving-racks\/#primaryimage\"},\"image\":{\"@id\":\"https:\/\/karaki.com\/product\/stainless-steel-modular-shelving-racks\/#primaryimage\"},\"thumbnailUrl\":\"https:\/\/karaki.com\/wp-content\/uploads\/2025\/06\/ASSEM-COLUMN-1700-scaled.jpg\",\"datePublished\":\"2025-06-02T19:48:13+00:00\",\"dateModified\":\"2025-06-02T19:51:14+00:00\",\"breadcrumb\":{\"@id\":\"https:\/\/karaki.com\/product\/stainless-steel-modular-shelving-racks\/#breadcrumb\"},\"inLanguage\":\"tr\",\"potentialAction\":[{\"@type\":\"ReadAction\",\"target\":[\"https:\/\/karaki.com\/product\/stainless-steel-modular-shelving-racks\/\"]}]},{\"@type\":\"ImageObject\",\"inLanguage\":\"tr\",\"@id\":\"https:\/\/karaki.com\/product\/stainless-steel-modular-shelving-racks\/#primaryimage\",\"url\":\"https:\/\/karaki.com\/wp-content\/uploads\/2025\/06\/ASSEM-COLUMN-1700-scaled.jpg\",\"contentUrl\":\"https:\/\/karaki.com\/wp-content\/uploads\/2025\/06\/ASSEM-COLUMN-1700-scaled.jpg\",\"width\":2560,\"height\":1978},{\"@type\":\"BreadcrumbList\",\"@id\":\"https:\/\/karaki.com\/product\/stainless-steel-modular-shelving-racks\/#breadcrumb\",\"itemListElement\":[{\"@type\":\"ListItem\",\"position\":1,\"name\":\"Home\",\"item\":\"https:\/\/karaki.com\/\"},{\"@type\":\"ListItem\",\"position\":2,\"name\":\"Products\",\"item\":\"https:\/\/karaki.com\/shop\/\"},{\"@type\":\"ListItem\",\"position\":3,\"name\":\"Stainless Steel Modular Shelving Racks\"}]},{\"@type\":\"WebSite\",\"@id\":\"https:\/\/karaki.com\/#website\",\"url\":\"https:\/\/karaki.com\/\",\"name\":\"Karaki\",\"description\":\"For Industry And Trading SARL\",\"publisher\":{\"@id\":\"https:\/\/karaki.com\/#organization\"},\"alternateName\":\"Bakery Equipment Lebanon\",\"potentialAction\":[{\"@type\":\"SearchAction\",\"target\":{\"@type\":\"EntryPoint\",\"urlTemplate\":\"https:\/\/karaki.com\/?s={search_term_string}\"},\"query-input\":{\"@type\":\"PropertyValueSpecification\",\"valueRequired\":true,\"valueName\":\"search_term_string\"}}],\"inLanguage\":\"tr\"},{\"@type\":\"Organization\",\"@id\":\"https:\/\/karaki.com\/#organization\",\"name\":\"Karaki\",\"url\":\"https:\/\/karaki.com\/\",\"logo\":{\"@type\":\"ImageObject\",\"inLanguage\":\"tr\",\"@id\":\"https:\/\/karaki.com\/#\/schema\/logo\/image\/\",\"url\":\"https:\/\/karaki.com\/wp-content\/uploads\/2025\/05\/cropped-White-and-Pastel-Colors-Minimalist-Illustrated-Cleaning-Service-Logo-1-e1747858335656.png\",\"contentUrl\":\"https:\/\/karaki.com\/wp-content\/uploads\/2025\/05\/cropped-White-and-Pastel-Colors-Minimalist-Illustrated-Cleaning-Service-Logo-1-e1747858335656.png\",\"width\":448,\"height\":189,\"caption\":\"Karaki\"},\"image\":{\"@id\":\"https:\/\/karaki.com\/#\/schema\/logo\/image\/\"}}]}<\/script>\n<!-- \/ Yoast SEO Premium plugin. -->","yoast_head_json":{"title":"Stainless Steel Modular Shelving Racks","robots":{"index":"index","follow":"follow","max-snippet":"max-snippet:-1","max-image-preview":"max-image-preview:large","max-video-preview":"max-video-preview:-1"},"canonical":"https:\/\/karaki.com\/tr\/product\/stainless-steel-modular-shelving-racks\/","og_locale":"tr_TR","og_type":"article","og_title":"Stainless Steel Modular Shelving Racks","og_description":"Durable, adjustable stainless steel modular shelving racks with customizable sizes and shelf types\u2014ideal for commercial kitchens, warehouses, and more.","og_url":"https:\/\/karaki.com\/tr\/product\/stainless-steel-modular-shelving-racks\/","og_site_name":"Karaki","article_modified_time":"2025-06-02T19:51:14+00:00","og_image":[{"url":"https:\/\/karaki.com\/wp-content\/uploads\/2025\/06\/ASSEM-COLUMN-1700-scaled.jpg","width":1024,"height":791,"type":"image\/jpeg"}],"twitter_card":"summary_large_image","twitter_misc":{"Est. reading time":"1 dakika"},"schema":{"@context":"https:\/\/schema.org","@graph":[{"@type":"WebPage","@id":"https:\/\/karaki.com\/product\/stainless-steel-modular-shelving-racks\/","url":"https:\/\/karaki.com\/product\/stainless-steel-modular-shelving-racks\/","name":"Stainless Steel Modular Shelving Racks","isPartOf":{"@id":"https:\/\/karaki.com\/#website"},"primaryImageOfPage":{"@id":"https:\/\/karaki.com\/product\/stainless-steel-modular-shelving-racks\/#primaryimage"},"image":{"@id":"https:\/\/karaki.com\/product\/stainless-steel-modular-shelving-racks\/#primaryimage"},"thumbnailUrl":"https:\/\/karaki.com\/wp-content\/uploads\/2025\/06\/ASSEM-COLUMN-1700-scaled.jpg","datePublished":"2025-06-02T19:48:13+00:00","dateModified":"2025-06-02T19:51:14+00:00","breadcrumb":{"@id":"https:\/\/karaki.com\/product\/stainless-steel-modular-shelving-racks\/#breadcrumb"},"inLanguage":"tr","potentialAction":[{"@type":"ReadAction","target":["https:\/\/karaki.com\/product\/stainless-steel-modular-shelving-racks\/"]}]},{"@type":"ImageObject","inLanguage":"tr","@id":"https:\/\/karaki.com\/product\/stainless-steel-modular-shelving-racks\/#primaryimage","url":"https:\/\/karaki.com\/wp-content\/uploads\/2025\/06\/ASSEM-COLUMN-1700-scaled.jpg","contentUrl":"https:\/\/karaki.com\/wp-content\/uploads\/2025\/06\/ASSEM-COLUMN-1700-scaled.jpg","width":2560,"height":1978},{"@type":"BreadcrumbList","@id":"https:\/\/karaki.com\/product\/stainless-steel-modular-shelving-racks\/#breadcrumb","itemListElement":[{"@type":"ListItem","position":1,"name":"Home","item":"https:\/\/karaki.com\/"},{"@type":"ListItem","position":2,"name":"Products","item":"https:\/\/karaki.com\/shop\/"},{"@type":"ListItem","position":3,"name":"Stainless Steel Modular Shelving Racks"}]},{"@type":"WebSite","@id":"https:\/\/karaki.com\/#website","url":"https:\/\/karaki.com\/","name":"Karaki","description":"For Industry And Trading SARL","publisher":{"@id":"https:\/\/karaki.com\/#organization"},"alternateName":"Bakery Equipment Lebanon","potentialAction":[{"@type":"SearchAction","target":{"@type":"EntryPoint","urlTemplate":"https:\/\/karaki.com\/?s={search_term_string}"},"query-input":{"@type":"PropertyValueSpecification","valueRequired":true,"valueName":"search_term_string"}}],"inLanguage":"tr"},{"@type":"Organization","@id":"https:\/\/karaki.com\/#organization","name":"Karaki","url":"https:\/\/karaki.com\/","logo":{"@type":"ImageObject","inLanguage":"tr","@id":"https:\/\/karaki.com\/#\/schema\/logo\/image\/","url":"https:\/\/karaki.com\/wp-content\/uploads\/2025\/05\/cropped-White-and-Pastel-Colors-Minimalist-Illustrated-Cleaning-Service-Logo-1-e1747858335656.png","contentUrl":"https:\/\/karaki.com\/wp-content\/uploads\/2025\/05\/cropped-White-and-Pastel-Colors-Minimalist-Illustrated-Cleaning-Service-Logo-1-e1747858335656.png","width":448,"height":189,"caption":"Karaki"},"image":{"@id":"https:\/\/karaki.com\/#\/schema\/logo\/image\/"}}]}},"_links":{"self":[{"href":"https:\/\/karaki.com\/tr\/wp-json\/wp\/v2\/product\/17969","targetHints":{"allow":["GET"]}}],"collection":[{"href":"https:\/\/karaki.com\/tr\/wp-json\/wp\/v2\/product"}],"about":[{"href":"https:\/\/karaki.com\/tr\/wp-json\/wp\/v2\/types\/product"}],"wp:featuredmedia":[{"embeddable":true,"href":"https:\/\/karaki.com\/tr\/wp-json\/wp\/v2\/media\/17970"}],"wp:attachment":[{"href":"https:\/\/karaki.com\/tr\/wp-json\/wp\/v2\/media?parent=17969"}],"wp:term":[{"taxonomy":"product_brand","embeddable":true,"href":"https:\/\/karaki.com\/tr\/wp-json\/wp\/v2\/product_brand?post=17969"},{"taxonomy":"product_cat","embeddable":true,"href":"https:\/\/karaki.com\/tr\/wp-json\/wp\/v2\/product_cat?post=17969"},{"taxonomy":"product_tag","embeddable":true,"href":"https:\/\/karaki.com\/tr\/wp-json\/wp\/v2\/product_tag?post=17969"}],"curies":[{"name":"wp","href":"https:\/\/api.w.org\/{rel}","templated":true}]}}